{"id":42209,"date":"2023-08-23T10:08:26","date_gmt":"2023-08-23T08:08:26","guid":{"rendered":"https:\/\/animo.eu\/serveringsvagnar\/"},"modified":"2025-05-08T14:18:10","modified_gmt":"2025-05-08T12:18:10","slug":"serveringsvagnar","status":"publish","type":"page","link":"https:\/\/animo.eu\/sv\/serveringsvagnar\/","title":{"rendered":"Serveringsvagnar"},"content":{"rendered":"\n<section  class=\"pane pane--white \">\n    <div class=\"container\">\n                    <div class=\"row justify-content-center mb-4\">\n                <div class=\"col-12\">\n                    <div class=\"pane__text\">\n                        <h2>Serveringsvagnar<\/h2>\n                    <\/div>\n                <\/div>\n            <\/div>\n        \n                                \n                            <div class=\"row row--equalized g-4 g-lg-3 g-xl-6\">\n                                            <div class=\"col-12 col-md-6 col-lg-3\">\n                            <div class=\"card card--product\">\n                    <div class=\"card__image\">\n                    <img decoding=\"async\" width=\"550\" height=\"281\" src=\"https:\/\/animo.eu\/wp-content\/uploads\/2025\/02\/Collage-Serveerwagens-Cafecruisers-550x281.png\" class=\"image wp-post-image\" alt=\"\" loading=\"lazy\" srcset=\"https:\/\/animo.eu\/wp-content\/uploads\/2025\/02\/Collage-Serveerwagens-Cafecruisers-550x281.png 550w, https:\/\/animo.eu\/wp-content\/uploads\/2025\/02\/Collage-Serveerwagens-Cafecruisers-300x153.png 300w, https:\/\/animo.eu\/wp-content\/uploads\/2025\/02\/Collage-Serveerwagens-Cafecruisers-1024x523.png 1024w, https:\/\/animo.eu\/wp-content\/uploads\/2025\/02\/Collage-Serveerwagens-Cafecruisers-768x392.png 768w, https:\/\/animo.eu\/wp-content\/uploads\/2025\/02\/Collage-Serveerwagens-Cafecruisers-1536x785.png 1536w, https:\/\/animo.eu\/wp-content\/uploads\/2025\/02\/Collage-Serveerwagens-Cafecruisers-2048x1046.png 2048w, https:\/\/animo.eu\/wp-content\/uploads\/2025\/02\/Collage-Serveerwagens-Cafecruisers-70x36.png 70w, https:\/\/animo.eu\/wp-content\/uploads\/2025\/02\/Collage-Serveerwagens-Cafecruisers-800x409.png 800w, https:\/\/animo.eu\/wp-content\/uploads\/2025\/02\/Collage-Serveerwagens-Cafecruisers-196x100.png 196w, https:\/\/animo.eu\/wp-content\/uploads\/2025\/02\/Collage-Serveerwagens-Cafecruisers-150x77.png 150w\" sizes=\"(max-width: 550px) 100vw, 550px\" \/>                <\/div>\n    <div class=\"card-body\">\n        <h3 class=\"card-title\">Serveringsvagnar<\/h3>\n                    <p class=\"mb-0\">Servera p\u00e5 rullar<\/p>\n            <\/div>\n    <div class=\"card-footer\">\n        <span class=\"btn btn-outline-secondary\">\n            <span class=\"btn__text\">Mer information<\/span>\n            <svg class=\"icon icon--20 icon--arrow\">\n                <use xlink:href=\"https:\/\/animo.eu\/wp-content\/themes\/animo\/build\/img\/symbols.svg#arrow-right\"><\/use>\n            <\/svg>\n        <\/span>\n    <\/div>\n    <a class=\"stretched-link\" href=\"https:\/\/animo.eu\/sv\/serveringsvagnar\/serveringsvagnar\/\"><\/a>\n<\/div>\n                        <\/div>\n                                    <\/div>\n                                         <\/div>\n<\/section>\n\n\n\n<section  class=\"pane pane--white \">\n    <div class=\"container\">\n        <div class=\"row g-4 g-lg-8 g-xl-15 g-xxl-20 align-items-center flex-lg-row-reverse\">\n                            <div class=\"col-12 col-lg-6\">\n                    <div class=\"pane__text\">\n                        <h2>Servera p\u00e5 rullar<\/h2>\n<p>Animos sortiment av serveringsvagnar \u00e4r mycket omfattande och har en l\u00e4mplig serveringsvagn f\u00f6r varje tillf\u00e4lle. Varje serveringsvagn fr\u00e5n Animo \u00e4r utrustad med h\u00f6gkvalitativt rostfritt st\u00e5l f\u00f6r att passa alla inredningar. Animo v\u00e4rdes\u00e4tter hur du serverar och har d\u00e4rf\u00f6r en serveringsvagn som passar alla anv\u00e4ndningsomr\u00e5den.<\/p>\n                                                \n                    <\/div>\n                <\/div>\n                                        <div class=\"col-12 col-lg\">\n                    <figure class=\"figure image_reversed\">\n                        <img decoding=\"async\" width=\"1024\" height=\"523\" src=\"https:\/\/animo.eu\/wp-content\/uploads\/2025\/02\/Collage-Serveerwagens-Cafecruisers-1024x523.png\" class=\"img-fluid\" alt=\"\" loading=\"lazy\" srcset=\"https:\/\/animo.eu\/wp-content\/uploads\/2025\/02\/Collage-Serveerwagens-Cafecruisers-1024x523.png 1024w, https:\/\/animo.eu\/wp-content\/uploads\/2025\/02\/Collage-Serveerwagens-Cafecruisers-300x153.png 300w, https:\/\/animo.eu\/wp-content\/uploads\/2025\/02\/Collage-Serveerwagens-Cafecruisers-768x392.png 768w, https:\/\/animo.eu\/wp-content\/uploads\/2025\/02\/Collage-Serveerwagens-Cafecruisers-1536x785.png 1536w, https:\/\/animo.eu\/wp-content\/uploads\/2025\/02\/Collage-Serveerwagens-Cafecruisers-2048x1046.png 2048w, https:\/\/animo.eu\/wp-content\/uploads\/2025\/02\/Collage-Serveerwagens-Cafecruisers-70x36.png 70w, https:\/\/animo.eu\/wp-content\/uploads\/2025\/02\/Collage-Serveerwagens-Cafecruisers-550x281.png 550w, https:\/\/animo.eu\/wp-content\/uploads\/2025\/02\/Collage-Serveerwagens-Cafecruisers-800x409.png 800w, https:\/\/animo.eu\/wp-content\/uploads\/2025\/02\/Collage-Serveerwagens-Cafecruisers-196x100.png 196w, https:\/\/animo.eu\/wp-content\/uploads\/2025\/02\/Collage-Serveerwagens-Cafecruisers-150x77.png 150w\" sizes=\"(max-width: 1024px) 100vw, 1024px\" \/>                    <\/figure>\n                <\/div>\n                    <\/div>\n    <\/div>\n<\/section>\n","protected":false},"excerpt":{"rendered":"","protected":false},"author":21,"featured_media":76889,"parent":0,"menu_order":53,"comment_status":"closed","ping_status":"closed","template":"","meta":{"_acf_changed":false,"footnotes":""},"class_list":["post-42209","page","type-page","status-publish","has-post-thumbnail","hentry"],"acf":[],"yoast_head":"<!-- This site is optimized with the Yoast SEO plugin v25.5 - https:\/\/yoast.com\/wordpress\/plugins\/seo\/ -->\n<title>Serveringsvagnar -<\/title>\n<meta name=\"description\" content=\"Serveringsvagnar -\" \/>\n<meta name=\"robots\" content=\"index, follow, max-snippet:-1, max-image-preview:large, max-video-preview:-1\" \/>\n<link rel=\"canonical\" href=\"https:\/\/animo.eu\/sv\/serveringsvagnar\/\" \/>\n<meta property=\"og:locale\" content=\"sv_SE\" \/>\n<meta property=\"og:type\" content=\"article\" \/>\n<meta property=\"og:title\" content=\"Serveringsvagnar -\" \/>\n<meta property=\"og:description\" content=\"Serveringsvagnar -\" \/>\n<meta property=\"og:url\" content=\"https:\/\/animo.eu\/sv\/serveringsvagnar\/\" \/>\n<meta property=\"article:publisher\" content=\"https:\/\/www.facebook.com\/animobv\/\" \/>\n<meta property=\"article:modified_time\" content=\"2025-05-08T12:18:10+00:00\" \/>\n<meta property=\"og:image\" content=\"https:\/\/animo.eu\/wp-content\/uploads\/2025\/02\/Collage-Serveerwagens-Cafecruisers-1024x523.jpg\" \/>\n\t<meta property=\"og:image:width\" content=\"1024\" \/>\n\t<meta property=\"og:image:height\" content=\"523\" \/>\n\t<meta property=\"og:image:type\" content=\"image\/jpeg\" \/>\n<meta name=\"twitter:card\" content=\"summary_large_image\" \/>\n<meta name=\"twitter:site\" content=\"@animokoffie\" \/>\n<meta name=\"twitter:label1\" content=\"Ber\u00e4knad l\u00e4stid\" \/>\n\t<meta name=\"twitter:data1\" content=\"1 minut\" \/>\n<script type=\"application\/ld+json\" class=\"yoast-schema-graph\">{\"@context\":\"https:\/\/schema.org\",\"@graph\":[{\"@type\":\"WebPage\",\"@id\":\"https:\/\/animo.eu\/sv\/serveringsvagnar\/\",\"url\":\"https:\/\/animo.eu\/sv\/serveringsvagnar\/\",\"name\":\"Serveringsvagnar -\",\"isPartOf\":{\"@id\":\"https:\/\/animo.eu\/sv\/#website\"},\"primaryImageOfPage\":{\"@id\":\"https:\/\/animo.eu\/sv\/serveringsvagnar\/#primaryimage\"},\"image\":{\"@id\":\"https:\/\/animo.eu\/sv\/serveringsvagnar\/#primaryimage\"},\"thumbnailUrl\":\"https:\/\/animo.eu\/wp-content\/uploads\/2025\/02\/Collage-Serveerwagens-Cafecruisers.jpg\",\"datePublished\":\"2023-08-23T08:08:26+00:00\",\"dateModified\":\"2025-05-08T12:18:10+00:00\",\"description\":\"Serveringsvagnar -\",\"breadcrumb\":{\"@id\":\"https:\/\/animo.eu\/sv\/serveringsvagnar\/#breadcrumb\"},\"inLanguage\":\"sv-SE\",\"potentialAction\":[{\"@type\":\"ReadAction\",\"target\":[\"https:\/\/animo.eu\/sv\/serveringsvagnar\/\"]}]},{\"@type\":\"ImageObject\",\"inLanguage\":\"sv-SE\",\"@id\":\"https:\/\/animo.eu\/sv\/serveringsvagnar\/#primaryimage\",\"url\":\"https:\/\/animo.eu\/wp-content\/uploads\/2025\/02\/Collage-Serveerwagens-Cafecruisers.jpg\",\"contentUrl\":\"https:\/\/animo.eu\/wp-content\/uploads\/2025\/02\/Collage-Serveerwagens-Cafecruisers.jpg\",\"width\":3348,\"height\":1710},{\"@type\":\"BreadcrumbList\",\"@id\":\"https:\/\/animo.eu\/sv\/serveringsvagnar\/#breadcrumb\",\"itemListElement\":[{\"@type\":\"ListItem\",\"position\":1,\"name\":\"Home\",\"item\":\"https:\/\/animo.eu\/sv\/\"},{\"@type\":\"ListItem\",\"position\":2,\"name\":\"Serveringsvagnar\"}]},{\"@type\":\"WebSite\",\"@id\":\"https:\/\/animo.eu\/sv\/#website\",\"url\":\"https:\/\/animo.eu\/sv\/\",\"name\":\"\",\"description\":\"\",\"potentialAction\":[{\"@type\":\"SearchAction\",\"target\":{\"@type\":\"EntryPoint\",\"urlTemplate\":\"https:\/\/animo.eu\/sv\/?s={search_term_string}\"},\"query-input\":{\"@type\":\"PropertyValueSpecification\",\"valueRequired\":true,\"valueName\":\"search_term_string\"}}],\"inLanguage\":\"sv-SE\"}]}<\/script>\n<!-- \/ Yoast SEO plugin. -->","yoast_head_json":{"title":"Serveringsvagnar -","description":"Serveringsvagnar -","robots":{"index":"index","follow":"follow","max-snippet":"max-snippet:-1","max-image-preview":"max-image-preview:large","max-video-preview":"max-video-preview:-1"},"canonical":"https:\/\/animo.eu\/sv\/serveringsvagnar\/","og_locale":"sv_SE","og_type":"article","og_title":"Serveringsvagnar -","og_description":"Serveringsvagnar -","og_url":"https:\/\/animo.eu\/sv\/serveringsvagnar\/","article_publisher":"https:\/\/www.facebook.com\/animobv\/","article_modified_time":"2025-05-08T12:18:10+00:00","og_image":[{"width":1024,"height":523,"url":"https:\/\/animo.eu\/wp-content\/uploads\/2025\/02\/Collage-Serveerwagens-Cafecruisers-1024x523.jpg","type":"image\/jpeg"}],"twitter_card":"summary_large_image","twitter_site":"@animokoffie","twitter_misc":{"Ber\u00e4knad l\u00e4stid":"1 minut"},"schema":{"@context":"https:\/\/schema.org","@graph":[{"@type":"WebPage","@id":"https:\/\/animo.eu\/sv\/serveringsvagnar\/","url":"https:\/\/animo.eu\/sv\/serveringsvagnar\/","name":"Serveringsvagnar -","isPartOf":{"@id":"https:\/\/animo.eu\/sv\/#website"},"primaryImageOfPage":{"@id":"https:\/\/animo.eu\/sv\/serveringsvagnar\/#primaryimage"},"image":{"@id":"https:\/\/animo.eu\/sv\/serveringsvagnar\/#primaryimage"},"thumbnailUrl":"https:\/\/animo.eu\/wp-content\/uploads\/2025\/02\/Collage-Serveerwagens-Cafecruisers.jpg","datePublished":"2023-08-23T08:08:26+00:00","dateModified":"2025-05-08T12:18:10+00:00","description":"Serveringsvagnar -","breadcrumb":{"@id":"https:\/\/animo.eu\/sv\/serveringsvagnar\/#breadcrumb"},"inLanguage":"sv-SE","potentialAction":[{"@type":"ReadAction","target":["https:\/\/animo.eu\/sv\/serveringsvagnar\/"]}]},{"@type":"ImageObject","inLanguage":"sv-SE","@id":"https:\/\/animo.eu\/sv\/serveringsvagnar\/#primaryimage","url":"https:\/\/animo.eu\/wp-content\/uploads\/2025\/02\/Collage-Serveerwagens-Cafecruisers.jpg","contentUrl":"https:\/\/animo.eu\/wp-content\/uploads\/2025\/02\/Collage-Serveerwagens-Cafecruisers.jpg","width":3348,"height":1710},{"@type":"BreadcrumbList","@id":"https:\/\/animo.eu\/sv\/serveringsvagnar\/#breadcrumb","itemListElement":[{"@type":"ListItem","position":1,"name":"Home","item":"https:\/\/animo.eu\/sv\/"},{"@type":"ListItem","position":2,"name":"Serveringsvagnar"}]},{"@type":"WebSite","@id":"https:\/\/animo.eu\/sv\/#website","url":"https:\/\/animo.eu\/sv\/","name":"","description":"","potentialAction":[{"@type":"SearchAction","target":{"@type":"EntryPoint","urlTemplate":"https:\/\/animo.eu\/sv\/?s={search_term_string}"},"query-input":{"@type":"PropertyValueSpecification","valueRequired":true,"valueName":"search_term_string"}}],"inLanguage":"sv-SE"}]}},"_links":{"self":[{"href":"https:\/\/animo.eu\/sv\/wp-json\/wp\/v2\/pages\/42209"}],"collection":[{"href":"https:\/\/animo.eu\/sv\/wp-json\/wp\/v2\/pages"}],"about":[{"href":"https:\/\/animo.eu\/sv\/wp-json\/wp\/v2\/types\/page"}],"author":[{"embeddable":true,"href":"https:\/\/animo.eu\/sv\/wp-json\/wp\/v2\/users\/21"}],"replies":[{"embeddable":true,"href":"https:\/\/animo.eu\/sv\/wp-json\/wp\/v2\/comments?post=42209"}],"version-history":[{"count":2,"href":"https:\/\/animo.eu\/sv\/wp-json\/wp\/v2\/pages\/42209\/revisions"}],"predecessor-version":[{"id":79713,"href":"https:\/\/animo.eu\/sv\/wp-json\/wp\/v2\/pages\/42209\/revisions\/79713"}],"wp:featuredmedia":[{"embeddable":true,"href":"https:\/\/animo.eu\/sv\/wp-json\/wp\/v2\/media\/76889"}],"wp:attachment":[{"href":"https:\/\/animo.eu\/sv\/wp-json\/wp\/v2\/media?parent=42209"}],"curies":[{"name":"wp","href":"https:\/\/api.w.org\/{rel}","templated":true}]}}