{"id":42321,"date":"2023-08-21T15:11:29","date_gmt":"2023-08-21T13:11:29","guid":{"rendered":"https:\/\/animo.eu\/dryckesbehallare\/"},"modified":"2023-12-15T15:17:17","modified_gmt":"2023-12-15T14:17:17","slug":"dryckesbehallare","status":"publish","type":"page","link":"https:\/\/animo.eu\/sv\/dryckesbehallare\/","title":{"rendered":"Dryckesbeh\u00e5llare"},"content":{"rendered":"\n<section  class=\"pane pane--white \">\n    <div class=\"container\">\n                    <div class=\"row justify-content-center mb-4\">\n                <div class=\"col-12\">\n                    <div class=\"pane__text\">\n                        <h2>Dryckesbeh\u00e5llare<\/h2>\n                    <\/div>\n                <\/div>\n            <\/div>\n        \n                                \n                            <div class=\"row row--equalized g-4 g-lg-3 g-xl-6\">\n                                            <div class=\"col-12 col-md-6 col-lg-3\">\n                            <div class=\"card card--product\">\n                    <div class=\"card__image\">\n                    <img decoding=\"async\" width=\"550\" height=\"458\" src=\"https:\/\/animo.eu\/wp-content\/uploads\/2023\/08\/CE-en-CI-serie-550x458.png\" class=\"image wp-post-image\" alt=\"\" loading=\"lazy\" srcset=\"https:\/\/animo.eu\/wp-content\/uploads\/2023\/08\/CE-en-CI-serie-550x458.png 550w, https:\/\/animo.eu\/wp-content\/uploads\/2023\/08\/CE-en-CI-serie-300x250.png 300w, https:\/\/animo.eu\/wp-content\/uploads\/2023\/08\/CE-en-CI-serie-1024x852.png 1024w, https:\/\/animo.eu\/wp-content\/uploads\/2023\/08\/CE-en-CI-serie-768x639.png 768w, https:\/\/animo.eu\/wp-content\/uploads\/2023\/08\/CE-en-CI-serie-1536x1279.png 1536w, https:\/\/animo.eu\/wp-content\/uploads\/2023\/08\/CE-en-CI-serie-70x58.png 70w, https:\/\/animo.eu\/wp-content\/uploads\/2023\/08\/CE-en-CI-serie-800x666.png 800w, https:\/\/animo.eu\/wp-content\/uploads\/2023\/08\/CE-en-CI-serie-120x100.png 120w, https:\/\/animo.eu\/wp-content\/uploads\/2023\/08\/CE-en-CI-serie-150x125.png 150w, https:\/\/animo.eu\/wp-content\/uploads\/2023\/08\/CE-en-CI-serie.png 1772w\" sizes=\"(max-width: 550px) 100vw, 550px\" \/>                <\/div>\n    <div class=\"card-body\">\n        <h3 class=\"card-title\">CE-beh\u00e5llare<\/h3>\n                    <p class=\"mb-0\">Dryckesbeh\u00e5llare med v\u00e4rmeelement och klixontermostat<\/p>\n            <\/div>\n    <div class=\"card-footer\">\n        <span class=\"btn btn-outline-secondary\">\n            <span class=\"btn__text\">Mer information<\/span>\n            <svg class=\"icon icon--20 icon--arrow\">\n                <use xlink:href=\"https:\/\/animo.eu\/wp-content\/themes\/animo\/build\/img\/symbols.svg#arrow-right\"><\/use>\n            <\/svg>\n        <\/span>\n    <\/div>\n    <a class=\"stretched-link\" href=\"https:\/\/animo.eu\/sv\/dryckesbehallare\/ce-behallare\/\"><\/a>\n<\/div>\n                        <\/div>\n                                            <div class=\"col-12 col-md-6 col-lg-3\">\n                            <div class=\"card card--product\">\n                    <div class=\"card__image\">\n                    <img decoding=\"async\" width=\"550\" height=\"458\" src=\"https:\/\/animo.eu\/wp-content\/uploads\/2023\/08\/CE-en-CI-serie-550x458.png\" class=\"image wp-post-image\" alt=\"\" loading=\"lazy\" srcset=\"https:\/\/animo.eu\/wp-content\/uploads\/2023\/08\/CE-en-CI-serie-550x458.png 550w, https:\/\/animo.eu\/wp-content\/uploads\/2023\/08\/CE-en-CI-serie-300x250.png 300w, https:\/\/animo.eu\/wp-content\/uploads\/2023\/08\/CE-en-CI-serie-1024x852.png 1024w, https:\/\/animo.eu\/wp-content\/uploads\/2023\/08\/CE-en-CI-serie-768x639.png 768w, https:\/\/animo.eu\/wp-content\/uploads\/2023\/08\/CE-en-CI-serie-1536x1279.png 1536w, https:\/\/animo.eu\/wp-content\/uploads\/2023\/08\/CE-en-CI-serie-70x58.png 70w, https:\/\/animo.eu\/wp-content\/uploads\/2023\/08\/CE-en-CI-serie-800x666.png 800w, https:\/\/animo.eu\/wp-content\/uploads\/2023\/08\/CE-en-CI-serie-120x100.png 120w, https:\/\/animo.eu\/wp-content\/uploads\/2023\/08\/CE-en-CI-serie-150x125.png 150w, https:\/\/animo.eu\/wp-content\/uploads\/2023\/08\/CE-en-CI-serie.png 1772w\" sizes=\"(max-width: 550px) 100vw, 550px\" \/>                <\/div>\n    <div class=\"card-body\">\n        <h3 class=\"card-title\">CI-beh\u00e5llare<\/h3>\n                    <p class=\"mb-0\">Dryckesbeh\u00e5llare isolerade med polyuretan<\/p>\n            <\/div>\n    <div class=\"card-footer\">\n        <span class=\"btn btn-outline-secondary\">\n            <span class=\"btn__text\">Mer information<\/span>\n            <svg class=\"icon icon--20 icon--arrow\">\n                <use xlink:href=\"https:\/\/animo.eu\/wp-content\/themes\/animo\/build\/img\/symbols.svg#arrow-right\"><\/use>\n            <\/svg>\n        <\/span>\n    <\/div>\n    <a class=\"stretched-link\" href=\"https:\/\/animo.eu\/sv\/dryckesbehallare\/ci-behallare\/\"><\/a>\n<\/div>\n                        <\/div>\n                                    <\/div>\n                                         <\/div>\n<\/section>\n\n<section  class=\"pane pane--white \">\n    <div class=\"container\">\n        <div class=\"row g-4 g-lg-8 g-xl-15 g-xxl-20 align-items-center flex-lg-row-reverse\">\n                            <div class=\"col-12 col-lg-6\">\n                    <div class=\"pane__text\">\n                        <h2>Animo hur som helst<\/h2>\n<p>Animos utrustning \u00e4r en klok investering i alla avseenden. H\u00f6ljet i rostfritt st\u00e5l \u00e4r inte bara of\u00f6rst\u00f6rbart utan ocks\u00e5 helt \u00e5tervinningsbart. De \u00f6vriga komponenterna \u00e4r ocks\u00e5 tillf\u00f6rlitliga och har l\u00e5ng livsl\u00e4ngd. Dessutom \u00e4gnar Animo stor uppm\u00e4rksamhet \u00e5t energif\u00f6rbrukningen. De dubbelv\u00e4ggiga dryckesv\u00e4rmarna och livsmedelsbeh\u00e5llarna \u00e4r mycket v\u00e4rmeisolerande. All energi kommer i slut\u00e4ndan den inre m\u00e4nniskan till godo. Och det i sin tur ger ny energi!<\/p>\n                                                \n                    <\/div>\n                <\/div>\n                                <\/div>\n    <\/div>\n<\/section>\n","protected":false},"excerpt":{"rendered":"","protected":false},"author":21,"featured_media":15647,"parent":0,"menu_order":49,"comment_status":"closed","ping_status":"closed","template":"","meta":{"_acf_changed":false,"footnotes":""},"class_list":["post-42321","page","type-page","status-publish","has-post-thumbnail","hentry"],"acf":[],"yoast_head":"<!-- This site is optimized with the Yoast SEO plugin v25.5 - https:\/\/yoast.com\/wordpress\/plugins\/seo\/ -->\n<title>Dryckesbeh\u00e5llare -<\/title>\n<meta name=\"description\" content=\"Dryckesbeh\u00e5llare -\" \/>\n<meta name=\"robots\" content=\"index, follow, max-snippet:-1, max-image-preview:large, max-video-preview:-1\" \/>\n<link rel=\"canonical\" href=\"https:\/\/animo.eu\/sv\/dryckesbehallare\/\" \/>\n<meta property=\"og:locale\" content=\"sv_SE\" \/>\n<meta property=\"og:type\" content=\"article\" \/>\n<meta property=\"og:title\" content=\"Dryckesbeh\u00e5llare -\" \/>\n<meta property=\"og:description\" content=\"Dryckesbeh\u00e5llare -\" \/>\n<meta property=\"og:url\" content=\"https:\/\/animo.eu\/sv\/dryckesbehallare\/\" \/>\n<meta property=\"article:publisher\" content=\"https:\/\/www.facebook.com\/animobv\/\" \/>\n<meta property=\"article:modified_time\" content=\"2023-12-15T14:17:17+00:00\" \/>\n<meta property=\"og:image\" content=\"https:\/\/animo.eu\/wp-content\/uploads\/2023\/08\/CE-en-CI-serie-1.png\" \/>\n\t<meta property=\"og:image:width\" content=\"1772\" \/>\n\t<meta property=\"og:image:height\" content=\"1475\" \/>\n\t<meta property=\"og:image:type\" content=\"image\/png\" \/>\n<meta name=\"twitter:card\" content=\"summary_large_image\" \/>\n<meta name=\"twitter:site\" content=\"@animokoffie\" \/>\n<script type=\"application\/ld+json\" class=\"yoast-schema-graph\">{\"@context\":\"https:\/\/schema.org\",\"@graph\":[{\"@type\":\"WebPage\",\"@id\":\"https:\/\/animo.eu\/sv\/dryckesbehallare\/\",\"url\":\"https:\/\/animo.eu\/sv\/dryckesbehallare\/\",\"name\":\"Dryckesbeh\u00e5llare -\",\"isPartOf\":{\"@id\":\"https:\/\/animo.eu\/sv\/#website\"},\"primaryImageOfPage\":{\"@id\":\"https:\/\/animo.eu\/sv\/dryckesbehallare\/#primaryimage\"},\"image\":{\"@id\":\"https:\/\/animo.eu\/sv\/dryckesbehallare\/#primaryimage\"},\"thumbnailUrl\":\"https:\/\/animo.eu\/wp-content\/uploads\/2023\/08\/CE-en-CI-serie-1.png\",\"datePublished\":\"2023-08-21T13:11:29+00:00\",\"dateModified\":\"2023-12-15T14:17:17+00:00\",\"description\":\"Dryckesbeh\u00e5llare -\",\"breadcrumb\":{\"@id\":\"https:\/\/animo.eu\/sv\/dryckesbehallare\/#breadcrumb\"},\"inLanguage\":\"sv-SE\",\"potentialAction\":[{\"@type\":\"ReadAction\",\"target\":[\"https:\/\/animo.eu\/sv\/dryckesbehallare\/\"]}]},{\"@type\":\"ImageObject\",\"inLanguage\":\"sv-SE\",\"@id\":\"https:\/\/animo.eu\/sv\/dryckesbehallare\/#primaryimage\",\"url\":\"https:\/\/animo.eu\/wp-content\/uploads\/2023\/08\/CE-en-CI-serie-1.png\",\"contentUrl\":\"https:\/\/animo.eu\/wp-content\/uploads\/2023\/08\/CE-en-CI-serie-1.png\",\"width\":1772,\"height\":1475},{\"@type\":\"BreadcrumbList\",\"@id\":\"https:\/\/animo.eu\/sv\/dryckesbehallare\/#breadcrumb\",\"itemListElement\":[{\"@type\":\"ListItem\",\"position\":1,\"name\":\"Home\",\"item\":\"https:\/\/animo.eu\/sv\/\"},{\"@type\":\"ListItem\",\"position\":2,\"name\":\"Dryckesbeh\u00e5llare\"}]},{\"@type\":\"WebSite\",\"@id\":\"https:\/\/animo.eu\/sv\/#website\",\"url\":\"https:\/\/animo.eu\/sv\/\",\"name\":\"\",\"description\":\"\",\"potentialAction\":[{\"@type\":\"SearchAction\",\"target\":{\"@type\":\"EntryPoint\",\"urlTemplate\":\"https:\/\/animo.eu\/sv\/?s={search_term_string}\"},\"query-input\":{\"@type\":\"PropertyValueSpecification\",\"valueRequired\":true,\"valueName\":\"search_term_string\"}}],\"inLanguage\":\"sv-SE\"}]}<\/script>\n<!-- \/ Yoast SEO plugin. -->","yoast_head_json":{"title":"Dryckesbeh\u00e5llare -","description":"Dryckesbeh\u00e5llare -","robots":{"index":"index","follow":"follow","max-snippet":"max-snippet:-1","max-image-preview":"max-image-preview:large","max-video-preview":"max-video-preview:-1"},"canonical":"https:\/\/animo.eu\/sv\/dryckesbehallare\/","og_locale":"sv_SE","og_type":"article","og_title":"Dryckesbeh\u00e5llare -","og_description":"Dryckesbeh\u00e5llare -","og_url":"https:\/\/animo.eu\/sv\/dryckesbehallare\/","article_publisher":"https:\/\/www.facebook.com\/animobv\/","article_modified_time":"2023-12-15T14:17:17+00:00","og_image":[{"width":1772,"height":1475,"url":"https:\/\/animo.eu\/wp-content\/uploads\/2023\/08\/CE-en-CI-serie-1.png","type":"image\/png"}],"twitter_card":"summary_large_image","twitter_site":"@animokoffie","schema":{"@context":"https:\/\/schema.org","@graph":[{"@type":"WebPage","@id":"https:\/\/animo.eu\/sv\/dryckesbehallare\/","url":"https:\/\/animo.eu\/sv\/dryckesbehallare\/","name":"Dryckesbeh\u00e5llare -","isPartOf":{"@id":"https:\/\/animo.eu\/sv\/#website"},"primaryImageOfPage":{"@id":"https:\/\/animo.eu\/sv\/dryckesbehallare\/#primaryimage"},"image":{"@id":"https:\/\/animo.eu\/sv\/dryckesbehallare\/#primaryimage"},"thumbnailUrl":"https:\/\/animo.eu\/wp-content\/uploads\/2023\/08\/CE-en-CI-serie-1.png","datePublished":"2023-08-21T13:11:29+00:00","dateModified":"2023-12-15T14:17:17+00:00","description":"Dryckesbeh\u00e5llare -","breadcrumb":{"@id":"https:\/\/animo.eu\/sv\/dryckesbehallare\/#breadcrumb"},"inLanguage":"sv-SE","potentialAction":[{"@type":"ReadAction","target":["https:\/\/animo.eu\/sv\/dryckesbehallare\/"]}]},{"@type":"ImageObject","inLanguage":"sv-SE","@id":"https:\/\/animo.eu\/sv\/dryckesbehallare\/#primaryimage","url":"https:\/\/animo.eu\/wp-content\/uploads\/2023\/08\/CE-en-CI-serie-1.png","contentUrl":"https:\/\/animo.eu\/wp-content\/uploads\/2023\/08\/CE-en-CI-serie-1.png","width":1772,"height":1475},{"@type":"BreadcrumbList","@id":"https:\/\/animo.eu\/sv\/dryckesbehallare\/#breadcrumb","itemListElement":[{"@type":"ListItem","position":1,"name":"Home","item":"https:\/\/animo.eu\/sv\/"},{"@type":"ListItem","position":2,"name":"Dryckesbeh\u00e5llare"}]},{"@type":"WebSite","@id":"https:\/\/animo.eu\/sv\/#website","url":"https:\/\/animo.eu\/sv\/","name":"","description":"","potentialAction":[{"@type":"SearchAction","target":{"@type":"EntryPoint","urlTemplate":"https:\/\/animo.eu\/sv\/?s={search_term_string}"},"query-input":{"@type":"PropertyValueSpecification","valueRequired":true,"valueName":"search_term_string"}}],"inLanguage":"sv-SE"}]}},"_links":{"self":[{"href":"https:\/\/animo.eu\/sv\/wp-json\/wp\/v2\/pages\/42321"}],"collection":[{"href":"https:\/\/animo.eu\/sv\/wp-json\/wp\/v2\/pages"}],"about":[{"href":"https:\/\/animo.eu\/sv\/wp-json\/wp\/v2\/types\/page"}],"author":[{"embeddable":true,"href":"https:\/\/animo.eu\/sv\/wp-json\/wp\/v2\/users\/21"}],"replies":[{"embeddable":true,"href":"https:\/\/animo.eu\/sv\/wp-json\/wp\/v2\/comments?post=42321"}],"version-history":[{"count":1,"href":"https:\/\/animo.eu\/sv\/wp-json\/wp\/v2\/pages\/42321\/revisions"}],"predecessor-version":[{"id":42322,"href":"https:\/\/animo.eu\/sv\/wp-json\/wp\/v2\/pages\/42321\/revisions\/42322"}],"wp:featuredmedia":[{"embeddable":true,"href":"https:\/\/animo.eu\/sv\/wp-json\/wp\/v2\/media\/15647"}],"wp:attachment":[{"href":"https:\/\/animo.eu\/sv\/wp-json\/wp\/v2\/media?parent=42321"}],"curies":[{"name":"wp","href":"https:\/\/api.w.org\/{rel}","templated":true}]}}