{"id":42364,"date":"2023-08-18T11:59:27","date_gmt":"2023-08-18T09:59:27","guid":{"rendered":"https:\/\/animo.eu\/vattenkokare\/"},"modified":"2023-12-15T15:34:58","modified_gmt":"2023-12-15T14:34:58","slug":"vattenkokare","status":"publish","type":"page","link":"https:\/\/animo.eu\/sv\/vattenkokare\/","title":{"rendered":"Vattenkokare"},"content":{"rendered":"\n<section  class=\"pane pane--white \">\n    <div class=\"container\">\n                    <div class=\"row justify-content-center mb-4\">\n                <div class=\"col-12\">\n                    <div class=\"pane__text\">\n                        <h2>Vattenkokare f\u00f6r professionellt bruk<\/h2>\n                    <\/div>\n                <\/div>\n            <\/div>\n        \n                                \n                            <div class=\"row row--equalized g-4 g-lg-3 g-xl-6\">\n                                            <div class=\"col-12 col-md-6 col-lg-3\">\n                            <div class=\"card card--product\">\n                    <div class=\"card__image\">\n                    <img decoding=\"async\" width=\"550\" height=\"458\" src=\"https:\/\/animo.eu\/wp-content\/uploads\/2023\/08\/WKT-n-rechthoekig-550x458.png\" class=\"image wp-post-image\" alt=\"\" loading=\"lazy\" srcset=\"https:\/\/animo.eu\/wp-content\/uploads\/2023\/08\/WKT-n-rechthoekig-550x458.png 550w, https:\/\/animo.eu\/wp-content\/uploads\/2023\/08\/WKT-n-rechthoekig-300x250.png 300w, https:\/\/animo.eu\/wp-content\/uploads\/2023\/08\/WKT-n-rechthoekig-1024x852.png 1024w, https:\/\/animo.eu\/wp-content\/uploads\/2023\/08\/WKT-n-rechthoekig-768x639.png 768w, https:\/\/animo.eu\/wp-content\/uploads\/2023\/08\/WKT-n-rechthoekig-1536x1279.png 1536w, https:\/\/animo.eu\/wp-content\/uploads\/2023\/08\/WKT-n-rechthoekig-70x58.png 70w, https:\/\/animo.eu\/wp-content\/uploads\/2023\/08\/WKT-n-rechthoekig-800x666.png 800w, https:\/\/animo.eu\/wp-content\/uploads\/2023\/08\/WKT-n-rechthoekig-120x100.png 120w, https:\/\/animo.eu\/wp-content\/uploads\/2023\/08\/WKT-n-rechthoekig-150x125.png 150w, https:\/\/animo.eu\/wp-content\/uploads\/2023\/08\/WKT-n-rechthoekig.png 1772w\" sizes=\"(max-width: 550px) 100vw, 550px\" \/>                <\/div>\n    <div class=\"card-body\">\n        <h3 class=\"card-title\">WKT 3n och WKT 5n<\/h3>\n                    <p class=\"mb-0\">Rektangul\u00e4ra buff\u00e9kokare.<\/p>\n            <\/div>\n    <div class=\"card-footer\">\n        <span class=\"btn btn-outline-secondary\">\n            <span class=\"btn__text\">Mer information<\/span>\n            <svg class=\"icon icon--20 icon--arrow\">\n                <use xlink:href=\"https:\/\/animo.eu\/wp-content\/themes\/animo\/build\/img\/symbols.svg#arrow-right\"><\/use>\n            <\/svg>\n        <\/span>\n    <\/div>\n    <a class=\"stretched-link\" href=\"https:\/\/animo.eu\/sv\/vattenkokare\/wkt-3n-och-wkt-5n\/\"><\/a>\n<\/div>\n                        <\/div>\n                                            <div class=\"col-12 col-md-6 col-lg-3\">\n                            <div class=\"card card--product\">\n                    <div class=\"card__image\">\n                    <img decoding=\"async\" width=\"550\" height=\"458\" src=\"https:\/\/animo.eu\/wp-content\/uploads\/2023\/08\/WKT-n-rond-550x458.png\" class=\"image wp-post-image\" alt=\"\" loading=\"lazy\" srcset=\"https:\/\/animo.eu\/wp-content\/uploads\/2023\/08\/WKT-n-rond-550x458.png 550w, https:\/\/animo.eu\/wp-content\/uploads\/2023\/08\/WKT-n-rond-300x250.png 300w, https:\/\/animo.eu\/wp-content\/uploads\/2023\/08\/WKT-n-rond-1024x852.png 1024w, https:\/\/animo.eu\/wp-content\/uploads\/2023\/08\/WKT-n-rond-768x639.png 768w, https:\/\/animo.eu\/wp-content\/uploads\/2023\/08\/WKT-n-rond-1536x1279.png 1536w, https:\/\/animo.eu\/wp-content\/uploads\/2023\/08\/WKT-n-rond-70x58.png 70w, https:\/\/animo.eu\/wp-content\/uploads\/2023\/08\/WKT-n-rond-800x666.png 800w, https:\/\/animo.eu\/wp-content\/uploads\/2023\/08\/WKT-n-rond-120x100.png 120w, https:\/\/animo.eu\/wp-content\/uploads\/2023\/08\/WKT-n-rond-150x125.png 150w, https:\/\/animo.eu\/wp-content\/uploads\/2023\/08\/WKT-n-rond.png 1772w\" sizes=\"(max-width: 550px) 100vw, 550px\" \/>                <\/div>\n    <div class=\"card-body\">\n        <h3 class=\"card-title\">WKT 10n och WKT 20n<\/h3>\n                    <p class=\"mb-0\">Vattenkokare f\u00f6r bordsbruk.<\/p>\n            <\/div>\n    <div class=\"card-footer\">\n        <span class=\"btn btn-outline-secondary\">\n            <span class=\"btn__text\">Mer information<\/span>\n            <svg class=\"icon icon--20 icon--arrow\">\n                <use xlink:href=\"https:\/\/animo.eu\/wp-content\/themes\/animo\/build\/img\/symbols.svg#arrow-right\"><\/use>\n            <\/svg>\n        <\/span>\n    <\/div>\n    <a class=\"stretched-link\" href=\"https:\/\/animo.eu\/sv\/vattenkokare\/wkt-10n-och-wkt-20n\/\"><\/a>\n<\/div>\n                        <\/div>\n                                            <div class=\"col-12 col-md-6 col-lg-3\">\n                            <div class=\"card card--product\">\n                    <div class=\"card__image\">\n                    <img decoding=\"async\" width=\"443\" height=\"550\" src=\"https:\/\/animo.eu\/wp-content\/uploads\/2023\/08\/Product-Pictures_WKI-n-1-443x550.png\" class=\"image wp-post-image\" alt=\"\" loading=\"lazy\" srcset=\"https:\/\/animo.eu\/wp-content\/uploads\/2023\/08\/Product-Pictures_WKI-n-1-443x550.png 443w, https:\/\/animo.eu\/wp-content\/uploads\/2023\/08\/Product-Pictures_WKI-n-1-241x300.png 241w, https:\/\/animo.eu\/wp-content\/uploads\/2023\/08\/Product-Pictures_WKI-n-1-56x70.png 56w, https:\/\/animo.eu\/wp-content\/uploads\/2023\/08\/Product-Pictures_WKI-n-1-644x800.png 644w, https:\/\/animo.eu\/wp-content\/uploads\/2023\/08\/Product-Pictures_WKI-n-1-80x100.png 80w, https:\/\/animo.eu\/wp-content\/uploads\/2023\/08\/Product-Pictures_WKI-n-1-121x150.png 121w, https:\/\/animo.eu\/wp-content\/uploads\/2023\/08\/Product-Pictures_WKI-n-1.png 684w\" sizes=\"(max-width: 443px) 100vw, 443px\" \/>                <\/div>\n    <div class=\"card-body\">\n        <h3 class=\"card-title\">WKI<\/h3>\n                    <p class=\"mb-0\">Lagerh\u00e5llna vattenkokare f\u00f6r v\u00e4ggmontering.<\/p>\n            <\/div>\n    <div class=\"card-footer\">\n        <span class=\"btn btn-outline-secondary\">\n            <span class=\"btn__text\">Mer information<\/span>\n            <svg class=\"icon icon--20 icon--arrow\">\n                <use xlink:href=\"https:\/\/animo.eu\/wp-content\/themes\/animo\/build\/img\/symbols.svg#arrow-right\"><\/use>\n            <\/svg>\n        <\/span>\n    <\/div>\n    <a class=\"stretched-link\" href=\"https:\/\/animo.eu\/sv\/vattenkokare\/wki\/\"><\/a>\n<\/div>\n                        <\/div>\n                                            <div class=\"col-12 col-md-6 col-lg-3\">\n                            <div class=\"card card--product\">\n                    <div class=\"card__image\">\n                    <img decoding=\"async\" width=\"550\" height=\"458\" src=\"https:\/\/animo.eu\/wp-content\/uploads\/2023\/08\/WKT-D-serie-550x458.png\" class=\"image wp-post-image\" alt=\"\" loading=\"lazy\" srcset=\"https:\/\/animo.eu\/wp-content\/uploads\/2023\/08\/WKT-D-serie-550x458.png 550w, https:\/\/animo.eu\/wp-content\/uploads\/2023\/08\/WKT-D-serie-300x250.png 300w, https:\/\/animo.eu\/wp-content\/uploads\/2023\/08\/WKT-D-serie-1024x852.png 1024w, https:\/\/animo.eu\/wp-content\/uploads\/2023\/08\/WKT-D-serie-768x639.png 768w, https:\/\/animo.eu\/wp-content\/uploads\/2023\/08\/WKT-D-serie-1536x1279.png 1536w, https:\/\/animo.eu\/wp-content\/uploads\/2023\/08\/WKT-D-serie-70x58.png 70w, https:\/\/animo.eu\/wp-content\/uploads\/2023\/08\/WKT-D-serie-800x666.png 800w, https:\/\/animo.eu\/wp-content\/uploads\/2023\/08\/WKT-D-serie-120x100.png 120w, https:\/\/animo.eu\/wp-content\/uploads\/2023\/08\/WKT-D-serie-150x125.png 150w, https:\/\/animo.eu\/wp-content\/uploads\/2023\/08\/WKT-D-serie.png 1772w\" sizes=\"(max-width: 550px) 100vw, 550px\" \/>                <\/div>\n    <div class=\"card-body\">\n        <h3 class=\"card-title\">WKT-D<\/h3>\n                    <p class=\"mb-0\">Vattenkokare med dubbla v\u00e4ggar.<\/p>\n            <\/div>\n    <div class=\"card-footer\">\n        <span class=\"btn btn-outline-secondary\">\n            <span class=\"btn__text\">Mer information<\/span>\n            <svg class=\"icon icon--20 icon--arrow\">\n                <use xlink:href=\"https:\/\/animo.eu\/wp-content\/themes\/animo\/build\/img\/symbols.svg#arrow-right\"><\/use>\n            <\/svg>\n        <\/span>\n    <\/div>\n    <a class=\"stretched-link\" href=\"https:\/\/animo.eu\/sv\/vattenkokare\/wkt-d\/\"><\/a>\n<\/div>\n                        <\/div>\n                                    <\/div>\n                                         <\/div>\n<\/section>\n\n<section  class=\"pane pane--white \">\n    <div class=\"container\">\n        <div class=\"row g-4 g-lg-8 g-xl-15 g-xxl-20 align-items-center flex-lg-row-reverse\">\n                            <div class=\"col-12 col-lg-6\">\n                    <div class=\"pane__text\">\n                        <h2>Animo marknadsledande med vattenkokare<\/h2>\n<p>Animo \u00e4r marknadsledande inom vattenkokare med stor kapacitet.<\/p>\n                                                \n                    <\/div>\n                <\/div>\n                                <\/div>\n    <\/div>\n<\/section>\n","protected":false},"excerpt":{"rendered":"","protected":false},"author":21,"featured_media":13981,"parent":0,"menu_order":57,"comment_status":"closed","ping_status":"closed","template":"","meta":{"_acf_changed":false,"footnotes":""},"class_list":["post-42364","page","type-page","status-publish","has-post-thumbnail","hentry"],"acf":[],"yoast_head":"<!-- This site is optimized with the Yoast SEO plugin v25.5 - https:\/\/yoast.com\/wordpress\/plugins\/seo\/ -->\n<title>Vattenkokare -<\/title>\n<meta name=\"description\" content=\"Vattenkokare -\" \/>\n<meta name=\"robots\" content=\"index, follow, max-snippet:-1, max-image-preview:large, max-video-preview:-1\" \/>\n<link rel=\"canonical\" href=\"https:\/\/animo.eu\/sv\/vattenkokare\/\" \/>\n<meta property=\"og:locale\" content=\"sv_SE\" \/>\n<meta property=\"og:type\" content=\"article\" \/>\n<meta property=\"og:title\" content=\"Vattenkokare -\" \/>\n<meta property=\"og:description\" content=\"Vattenkokare -\" \/>\n<meta property=\"og:url\" content=\"https:\/\/animo.eu\/sv\/vattenkokare\/\" \/>\n<meta property=\"article:publisher\" content=\"https:\/\/www.facebook.com\/animobv\/\" \/>\n<meta property=\"article:modified_time\" content=\"2023-12-15T14:34:58+00:00\" \/>\n<meta property=\"og:image\" content=\"https:\/\/animo.eu\/wp-content\/uploads\/2023\/08\/WKT-serie-1.png\" \/>\n\t<meta property=\"og:image:width\" content=\"1772\" \/>\n\t<meta property=\"og:image:height\" content=\"1475\" \/>\n\t<meta property=\"og:image:type\" content=\"image\/png\" \/>\n<meta name=\"twitter:card\" content=\"summary_large_image\" \/>\n<meta name=\"twitter:site\" content=\"@animokoffie\" \/>\n<script type=\"application\/ld+json\" class=\"yoast-schema-graph\">{\"@context\":\"https:\/\/schema.org\",\"@graph\":[{\"@type\":\"WebPage\",\"@id\":\"https:\/\/animo.eu\/sv\/vattenkokare\/\",\"url\":\"https:\/\/animo.eu\/sv\/vattenkokare\/\",\"name\":\"Vattenkokare -\",\"isPartOf\":{\"@id\":\"https:\/\/animo.eu\/sv\/#website\"},\"primaryImageOfPage\":{\"@id\":\"https:\/\/animo.eu\/sv\/vattenkokare\/#primaryimage\"},\"image\":{\"@id\":\"https:\/\/animo.eu\/sv\/vattenkokare\/#primaryimage\"},\"thumbnailUrl\":\"https:\/\/animo.eu\/wp-content\/uploads\/2023\/08\/WKT-serie-1.png\",\"datePublished\":\"2023-08-18T09:59:27+00:00\",\"dateModified\":\"2023-12-15T14:34:58+00:00\",\"description\":\"Vattenkokare -\",\"breadcrumb\":{\"@id\":\"https:\/\/animo.eu\/sv\/vattenkokare\/#breadcrumb\"},\"inLanguage\":\"sv-SE\",\"potentialAction\":[{\"@type\":\"ReadAction\",\"target\":[\"https:\/\/animo.eu\/sv\/vattenkokare\/\"]}]},{\"@type\":\"ImageObject\",\"inLanguage\":\"sv-SE\",\"@id\":\"https:\/\/animo.eu\/sv\/vattenkokare\/#primaryimage\",\"url\":\"https:\/\/animo.eu\/wp-content\/uploads\/2023\/08\/WKT-serie-1.png\",\"contentUrl\":\"https:\/\/animo.eu\/wp-content\/uploads\/2023\/08\/WKT-serie-1.png\",\"width\":1772,\"height\":1475},{\"@type\":\"BreadcrumbList\",\"@id\":\"https:\/\/animo.eu\/sv\/vattenkokare\/#breadcrumb\",\"itemListElement\":[{\"@type\":\"ListItem\",\"position\":1,\"name\":\"Home\",\"item\":\"https:\/\/animo.eu\/sv\/\"},{\"@type\":\"ListItem\",\"position\":2,\"name\":\"Vattenkokare\"}]},{\"@type\":\"WebSite\",\"@id\":\"https:\/\/animo.eu\/sv\/#website\",\"url\":\"https:\/\/animo.eu\/sv\/\",\"name\":\"\",\"description\":\"\",\"potentialAction\":[{\"@type\":\"SearchAction\",\"target\":{\"@type\":\"EntryPoint\",\"urlTemplate\":\"https:\/\/animo.eu\/sv\/?s={search_term_string}\"},\"query-input\":{\"@type\":\"PropertyValueSpecification\",\"valueRequired\":true,\"valueName\":\"search_term_string\"}}],\"inLanguage\":\"sv-SE\"}]}<\/script>\n<!-- \/ Yoast SEO plugin. -->","yoast_head_json":{"title":"Vattenkokare -","description":"Vattenkokare -","robots":{"index":"index","follow":"follow","max-snippet":"max-snippet:-1","max-image-preview":"max-image-preview:large","max-video-preview":"max-video-preview:-1"},"canonical":"https:\/\/animo.eu\/sv\/vattenkokare\/","og_locale":"sv_SE","og_type":"article","og_title":"Vattenkokare -","og_description":"Vattenkokare -","og_url":"https:\/\/animo.eu\/sv\/vattenkokare\/","article_publisher":"https:\/\/www.facebook.com\/animobv\/","article_modified_time":"2023-12-15T14:34:58+00:00","og_image":[{"width":1772,"height":1475,"url":"https:\/\/animo.eu\/wp-content\/uploads\/2023\/08\/WKT-serie-1.png","type":"image\/png"}],"twitter_card":"summary_large_image","twitter_site":"@animokoffie","schema":{"@context":"https:\/\/schema.org","@graph":[{"@type":"WebPage","@id":"https:\/\/animo.eu\/sv\/vattenkokare\/","url":"https:\/\/animo.eu\/sv\/vattenkokare\/","name":"Vattenkokare -","isPartOf":{"@id":"https:\/\/animo.eu\/sv\/#website"},"primaryImageOfPage":{"@id":"https:\/\/animo.eu\/sv\/vattenkokare\/#primaryimage"},"image":{"@id":"https:\/\/animo.eu\/sv\/vattenkokare\/#primaryimage"},"thumbnailUrl":"https:\/\/animo.eu\/wp-content\/uploads\/2023\/08\/WKT-serie-1.png","datePublished":"2023-08-18T09:59:27+00:00","dateModified":"2023-12-15T14:34:58+00:00","description":"Vattenkokare -","breadcrumb":{"@id":"https:\/\/animo.eu\/sv\/vattenkokare\/#breadcrumb"},"inLanguage":"sv-SE","potentialAction":[{"@type":"ReadAction","target":["https:\/\/animo.eu\/sv\/vattenkokare\/"]}]},{"@type":"ImageObject","inLanguage":"sv-SE","@id":"https:\/\/animo.eu\/sv\/vattenkokare\/#primaryimage","url":"https:\/\/animo.eu\/wp-content\/uploads\/2023\/08\/WKT-serie-1.png","contentUrl":"https:\/\/animo.eu\/wp-content\/uploads\/2023\/08\/WKT-serie-1.png","width":1772,"height":1475},{"@type":"BreadcrumbList","@id":"https:\/\/animo.eu\/sv\/vattenkokare\/#breadcrumb","itemListElement":[{"@type":"ListItem","position":1,"name":"Home","item":"https:\/\/animo.eu\/sv\/"},{"@type":"ListItem","position":2,"name":"Vattenkokare"}]},{"@type":"WebSite","@id":"https:\/\/animo.eu\/sv\/#website","url":"https:\/\/animo.eu\/sv\/","name":"","description":"","potentialAction":[{"@type":"SearchAction","target":{"@type":"EntryPoint","urlTemplate":"https:\/\/animo.eu\/sv\/?s={search_term_string}"},"query-input":{"@type":"PropertyValueSpecification","valueRequired":true,"valueName":"search_term_string"}}],"inLanguage":"sv-SE"}]}},"_links":{"self":[{"href":"https:\/\/animo.eu\/sv\/wp-json\/wp\/v2\/pages\/42364"}],"collection":[{"href":"https:\/\/animo.eu\/sv\/wp-json\/wp\/v2\/pages"}],"about":[{"href":"https:\/\/animo.eu\/sv\/wp-json\/wp\/v2\/types\/page"}],"author":[{"embeddable":true,"href":"https:\/\/animo.eu\/sv\/wp-json\/wp\/v2\/users\/21"}],"replies":[{"embeddable":true,"href":"https:\/\/animo.eu\/sv\/wp-json\/wp\/v2\/comments?post=42364"}],"version-history":[{"count":1,"href":"https:\/\/animo.eu\/sv\/wp-json\/wp\/v2\/pages\/42364\/revisions"}],"predecessor-version":[{"id":42365,"href":"https:\/\/animo.eu\/sv\/wp-json\/wp\/v2\/pages\/42364\/revisions\/42365"}],"wp:featuredmedia":[{"embeddable":true,"href":"https:\/\/animo.eu\/sv\/wp-json\/wp\/v2\/media\/13981"}],"wp:attachment":[{"href":"https:\/\/animo.eu\/sv\/wp-json\/wp\/v2\/media?parent=42364"}],"curies":[{"name":"wp","href":"https:\/\/api.w.org\/{rel}","templated":true}]}}