{"id":42440,"date":"2023-03-14T13:12:31","date_gmt":"2023-03-14T12:12:31","guid":{"rendered":"https:\/\/animo.eu\/perkolatorer-2\/"},"modified":"2024-01-10T16:05:56","modified_gmt":"2024-01-10T15:05:56","slug":"perkolatorer","status":"publish","type":"page","link":"https:\/\/animo.eu\/sv\/perkolatorer\/","title":{"rendered":"Perkolatorer"},"content":{"rendered":"\n<section  class=\"pane pane--white \">\n    <div class=\"container\">\n                    <div class=\"row justify-content-center mb-4\">\n                <div class=\"col-12\">\n                    <div class=\"pane__text\">\n                        <h2>Perkolatorer<\/h2>\n                    <\/div>\n                <\/div>\n            <\/div>\n        \n                                \n                            <div class=\"row row--equalized g-4 g-lg-3 g-xl-6\">\n                                            <div class=\"col-12 col-md-6 col-lg-3\">\n                            <div class=\"card card--product\">\n                    <div class=\"card__image\">\n                    <img decoding=\"async\" width=\"550\" height=\"458\" src=\"https:\/\/animo.eu\/wp-content\/uploads\/2023\/08\/Percostar-550x458.png\" class=\"image wp-post-image\" alt=\"\" loading=\"lazy\" srcset=\"https:\/\/animo.eu\/wp-content\/uploads\/2023\/08\/Percostar-550x458.png 550w, https:\/\/animo.eu\/wp-content\/uploads\/2023\/08\/Percostar-300x250.png 300w, https:\/\/animo.eu\/wp-content\/uploads\/2023\/08\/Percostar-1024x852.png 1024w, https:\/\/animo.eu\/wp-content\/uploads\/2023\/08\/Percostar-768x639.png 768w, https:\/\/animo.eu\/wp-content\/uploads\/2023\/08\/Percostar-1536x1279.png 1536w, https:\/\/animo.eu\/wp-content\/uploads\/2023\/08\/Percostar-70x58.png 70w, https:\/\/animo.eu\/wp-content\/uploads\/2023\/08\/Percostar-800x666.png 800w, https:\/\/animo.eu\/wp-content\/uploads\/2023\/08\/Percostar-120x100.png 120w, https:\/\/animo.eu\/wp-content\/uploads\/2023\/08\/Percostar-150x125.png 150w, https:\/\/animo.eu\/wp-content\/uploads\/2023\/08\/Percostar.png 1772w\" sizes=\"(max-width: 550px) 100vw, 550px\" \/>                <\/div>\n    <div class=\"card-body\">\n        <h3 class=\"card-title\">Perkolatorer<\/h3>\n                    <p class=\"mb-0\">Percostar \u00e4r speciellt utformad f\u00f6r att servera stora m\u00e4ngder kaffe.<\/p>\n            <\/div>\n    <div class=\"card-footer\">\n        <span class=\"btn btn-outline-secondary\">\n            <span class=\"btn__text\">Mer information<\/span>\n            <svg class=\"icon icon--20 icon--arrow\">\n                <use xlink:href=\"https:\/\/animo.eu\/wp-content\/themes\/animo\/build\/img\/symbols.svg#arrow-right\"><\/use>\n            <\/svg>\n        <\/span>\n    <\/div>\n    <a class=\"stretched-link\" href=\"https:\/\/animo.eu\/sv\/perkolatorer\/perkolatorer\/\"><\/a>\n<\/div>\n                        <\/div>\n                                    <\/div>\n                                         <\/div>\n<\/section>\n\n<section  class=\"pane pane--white \">\n    <div class=\"container\">\n        <div class=\"row g-4 g-lg-8 g-xl-15 g-xxl-20 align-items-center flex-lg-row-reverse\">\n                            <div class=\"col-12 col-lg-6\">\n                    <div class=\"pane__text\">\n                        <h2>Kaffe f\u00f6r alla branscher<\/h2>\n<p>Kaffebehovet kan variera mycket fr\u00e5n ett f\u00f6retag och en bransch till en annan. P\u00e5 vissa f\u00f6retag vill man att inte bara medarbetarna utan \u00e4ven bes\u00f6kande kunder ska kunna njuta av en f\u00e4rsk kopp kaffe. F\u00f6r m\u00e5nga branscher \u00e4r kvalitet det f\u00f6rsta urvalskriteriet, medan det f\u00f6r andra f\u00f6retag \u00e4r viktigt att snabbt kunna brygga en stor m\u00e4ngd kaffe. D\u00e4rf\u00f6r erbjuder Animo olika kaffemaskiner som kan uppfylla de olika behoven i alla branscher. Allt fr\u00e5n kontor, hotell, stormarknader, matsalar och sjukhus till utbildningsinstitutioner, bilverkst\u00e4der och teatrar&#8230; och m\u00e5nga fler.<\/p>\n                                                \n                    <\/div>\n                <\/div>\n                                <\/div>\n    <\/div>\n<\/section>\n","protected":false},"excerpt":{"rendered":"","protected":false},"author":1,"featured_media":8903,"parent":0,"menu_order":67,"comment_status":"closed","ping_status":"closed","template":"","meta":{"_acf_changed":false,"footnotes":""},"class_list":["post-42440","page","type-page","status-publish","has-post-thumbnail","hentry"],"acf":[],"yoast_head":"<!-- This site is optimized with the Yoast SEO plugin v25.5 - https:\/\/yoast.com\/wordpress\/plugins\/seo\/ -->\n<title>Perkolatorer -<\/title>\n<meta name=\"description\" content=\"Perkolatorer -\" \/>\n<meta name=\"robots\" content=\"index, follow, max-snippet:-1, max-image-preview:large, max-video-preview:-1\" \/>\n<link rel=\"canonical\" href=\"https:\/\/animo.eu\/sv\/perkolatorer\/\" \/>\n<meta property=\"og:locale\" content=\"sv_SE\" \/>\n<meta property=\"og:type\" content=\"article\" \/>\n<meta property=\"og:title\" content=\"Perkolatorer -\" \/>\n<meta property=\"og:description\" content=\"Perkolatorer -\" \/>\n<meta property=\"og:url\" content=\"https:\/\/animo.eu\/sv\/perkolatorer\/\" \/>\n<meta property=\"article:publisher\" content=\"https:\/\/www.facebook.com\/animobv\/\" \/>\n<meta property=\"article:modified_time\" content=\"2024-01-10T15:05:56+00:00\" \/>\n<meta property=\"og:image\" content=\"https:\/\/animo.eu\/wp-content\/uploads\/2023\/08\/Percostar.png\" \/>\n\t<meta property=\"og:image:width\" content=\"1772\" \/>\n\t<meta property=\"og:image:height\" content=\"1475\" \/>\n\t<meta property=\"og:image:type\" content=\"image\/png\" \/>\n<meta name=\"twitter:card\" content=\"summary_large_image\" \/>\n<meta name=\"twitter:site\" content=\"@animokoffie\" \/>\n<meta name=\"twitter:label1\" content=\"Ber\u00e4knad l\u00e4stid\" \/>\n\t<meta name=\"twitter:data1\" content=\"1 minut\" \/>\n<script type=\"application\/ld+json\" class=\"yoast-schema-graph\">{\"@context\":\"https:\/\/schema.org\",\"@graph\":[{\"@type\":\"WebPage\",\"@id\":\"https:\/\/animo.eu\/sv\/perkolatorer\/\",\"url\":\"https:\/\/animo.eu\/sv\/perkolatorer\/\",\"name\":\"Perkolatorer -\",\"isPartOf\":{\"@id\":\"https:\/\/animo.eu\/sv\/#website\"},\"primaryImageOfPage\":{\"@id\":\"https:\/\/animo.eu\/sv\/perkolatorer\/#primaryimage\"},\"image\":{\"@id\":\"https:\/\/animo.eu\/sv\/perkolatorer\/#primaryimage\"},\"thumbnailUrl\":\"https:\/\/animo.eu\/wp-content\/uploads\/2023\/08\/Percostar.png\",\"datePublished\":\"2023-03-14T12:12:31+00:00\",\"dateModified\":\"2024-01-10T15:05:56+00:00\",\"description\":\"Perkolatorer -\",\"breadcrumb\":{\"@id\":\"https:\/\/animo.eu\/sv\/perkolatorer\/#breadcrumb\"},\"inLanguage\":\"sv-SE\",\"potentialAction\":[{\"@type\":\"ReadAction\",\"target\":[\"https:\/\/animo.eu\/sv\/perkolatorer\/\"]}]},{\"@type\":\"ImageObject\",\"inLanguage\":\"sv-SE\",\"@id\":\"https:\/\/animo.eu\/sv\/perkolatorer\/#primaryimage\",\"url\":\"https:\/\/animo.eu\/wp-content\/uploads\/2023\/08\/Percostar.png\",\"contentUrl\":\"https:\/\/animo.eu\/wp-content\/uploads\/2023\/08\/Percostar.png\",\"width\":1772,\"height\":1475},{\"@type\":\"BreadcrumbList\",\"@id\":\"https:\/\/animo.eu\/sv\/perkolatorer\/#breadcrumb\",\"itemListElement\":[{\"@type\":\"ListItem\",\"position\":1,\"name\":\"Home\",\"item\":\"https:\/\/animo.eu\/sv\/\"},{\"@type\":\"ListItem\",\"position\":2,\"name\":\"Perkolatorer\"}]},{\"@type\":\"WebSite\",\"@id\":\"https:\/\/animo.eu\/sv\/#website\",\"url\":\"https:\/\/animo.eu\/sv\/\",\"name\":\"\",\"description\":\"\",\"potentialAction\":[{\"@type\":\"SearchAction\",\"target\":{\"@type\":\"EntryPoint\",\"urlTemplate\":\"https:\/\/animo.eu\/sv\/?s={search_term_string}\"},\"query-input\":{\"@type\":\"PropertyValueSpecification\",\"valueRequired\":true,\"valueName\":\"search_term_string\"}}],\"inLanguage\":\"sv-SE\"}]}<\/script>\n<!-- \/ Yoast SEO plugin. -->","yoast_head_json":{"title":"Perkolatorer -","description":"Perkolatorer -","robots":{"index":"index","follow":"follow","max-snippet":"max-snippet:-1","max-image-preview":"max-image-preview:large","max-video-preview":"max-video-preview:-1"},"canonical":"https:\/\/animo.eu\/sv\/perkolatorer\/","og_locale":"sv_SE","og_type":"article","og_title":"Perkolatorer -","og_description":"Perkolatorer -","og_url":"https:\/\/animo.eu\/sv\/perkolatorer\/","article_publisher":"https:\/\/www.facebook.com\/animobv\/","article_modified_time":"2024-01-10T15:05:56+00:00","og_image":[{"width":1772,"height":1475,"url":"https:\/\/animo.eu\/wp-content\/uploads\/2023\/08\/Percostar.png","type":"image\/png"}],"twitter_card":"summary_large_image","twitter_site":"@animokoffie","twitter_misc":{"Ber\u00e4knad l\u00e4stid":"1 minut"},"schema":{"@context":"https:\/\/schema.org","@graph":[{"@type":"WebPage","@id":"https:\/\/animo.eu\/sv\/perkolatorer\/","url":"https:\/\/animo.eu\/sv\/perkolatorer\/","name":"Perkolatorer -","isPartOf":{"@id":"https:\/\/animo.eu\/sv\/#website"},"primaryImageOfPage":{"@id":"https:\/\/animo.eu\/sv\/perkolatorer\/#primaryimage"},"image":{"@id":"https:\/\/animo.eu\/sv\/perkolatorer\/#primaryimage"},"thumbnailUrl":"https:\/\/animo.eu\/wp-content\/uploads\/2023\/08\/Percostar.png","datePublished":"2023-03-14T12:12:31+00:00","dateModified":"2024-01-10T15:05:56+00:00","description":"Perkolatorer -","breadcrumb":{"@id":"https:\/\/animo.eu\/sv\/perkolatorer\/#breadcrumb"},"inLanguage":"sv-SE","potentialAction":[{"@type":"ReadAction","target":["https:\/\/animo.eu\/sv\/perkolatorer\/"]}]},{"@type":"ImageObject","inLanguage":"sv-SE","@id":"https:\/\/animo.eu\/sv\/perkolatorer\/#primaryimage","url":"https:\/\/animo.eu\/wp-content\/uploads\/2023\/08\/Percostar.png","contentUrl":"https:\/\/animo.eu\/wp-content\/uploads\/2023\/08\/Percostar.png","width":1772,"height":1475},{"@type":"BreadcrumbList","@id":"https:\/\/animo.eu\/sv\/perkolatorer\/#breadcrumb","itemListElement":[{"@type":"ListItem","position":1,"name":"Home","item":"https:\/\/animo.eu\/sv\/"},{"@type":"ListItem","position":2,"name":"Perkolatorer"}]},{"@type":"WebSite","@id":"https:\/\/animo.eu\/sv\/#website","url":"https:\/\/animo.eu\/sv\/","name":"","description":"","potentialAction":[{"@type":"SearchAction","target":{"@type":"EntryPoint","urlTemplate":"https:\/\/animo.eu\/sv\/?s={search_term_string}"},"query-input":{"@type":"PropertyValueSpecification","valueRequired":true,"valueName":"search_term_string"}}],"inLanguage":"sv-SE"}]}},"_links":{"self":[{"href":"https:\/\/animo.eu\/sv\/wp-json\/wp\/v2\/pages\/42440"}],"collection":[{"href":"https:\/\/animo.eu\/sv\/wp-json\/wp\/v2\/pages"}],"about":[{"href":"https:\/\/animo.eu\/sv\/wp-json\/wp\/v2\/types\/page"}],"author":[{"embeddable":true,"href":"https:\/\/animo.eu\/sv\/wp-json\/wp\/v2\/users\/1"}],"replies":[{"embeddable":true,"href":"https:\/\/animo.eu\/sv\/wp-json\/wp\/v2\/comments?post=42440"}],"version-history":[{"count":1,"href":"https:\/\/animo.eu\/sv\/wp-json\/wp\/v2\/pages\/42440\/revisions"}],"predecessor-version":[{"id":42441,"href":"https:\/\/animo.eu\/sv\/wp-json\/wp\/v2\/pages\/42440\/revisions\/42441"}],"wp:featuredmedia":[{"embeddable":true,"href":"https:\/\/animo.eu\/sv\/wp-json\/wp\/v2\/media\/8903"}],"wp:attachment":[{"href":"https:\/\/animo.eu\/sv\/wp-json\/wp\/v2\/media?parent=42440"}],"curies":[{"name":"wp","href":"https:\/\/api.w.org\/{rel}","templated":true}]}}