{"id":43619,"date":"2024-01-03T10:14:14","date_gmt":"2024-01-03T09:14:14","guid":{"rendered":"https:\/\/animo.eu\/?page_id=43619"},"modified":"2024-01-17T12:28:02","modified_gmt":"2024-01-17T11:28:02","slug":"om_animo","status":"publish","type":"page","link":"https:\/\/animo.eu\/sv\/om_animo\/","title":{"rendered":"Om Animo"},"content":{"rendered":"\n<section  class=\"pane pane--white \">\n    <div class=\"container\">\n                    <div class=\"row justify-content-center mb-4\">\n                <div class=\"col-12\">\n                    <div class=\"pane__text\">\n                        <h2>Om Animo<\/h2>\n                    <\/div>\n                <\/div>\n            <\/div>\n        \n                                \n                            <div class=\"row row--equalized g-4 g-lg-3 g-xl-6\">\n                                            <div class=\"col-12 col-md-6 col-lg-3\">\n                            <div class=\"card card--product\">\n                    <div class=\"card__image\">\n                    <img decoding=\"async\" width=\"550\" height=\"550\" src=\"https:\/\/animo.eu\/wp-content\/uploads\/2024\/01\/Animo-over-ons-1-550x550.jpg\" class=\"image wp-post-image\" alt=\"\" loading=\"lazy\" srcset=\"https:\/\/animo.eu\/wp-content\/uploads\/2024\/01\/Animo-over-ons-1-550x550.jpg 550w, https:\/\/animo.eu\/wp-content\/uploads\/2024\/01\/Animo-over-ons-1-300x300.jpg 300w, https:\/\/animo.eu\/wp-content\/uploads\/2024\/01\/Animo-over-ons-1-1024x1024.jpg 1024w, https:\/\/animo.eu\/wp-content\/uploads\/2024\/01\/Animo-over-ons-1-150x150.jpg 150w, https:\/\/animo.eu\/wp-content\/uploads\/2024\/01\/Animo-over-ons-1-768x768.jpg 768w, https:\/\/animo.eu\/wp-content\/uploads\/2024\/01\/Animo-over-ons-1-1536x1536.jpg 1536w, https:\/\/animo.eu\/wp-content\/uploads\/2024\/01\/Animo-over-ons-1-70x70.jpg 70w, https:\/\/animo.eu\/wp-content\/uploads\/2024\/01\/Animo-over-ons-1-800x800.jpg 800w, https:\/\/animo.eu\/wp-content\/uploads\/2024\/01\/Animo-over-ons-1-100x100.jpg 100w, https:\/\/animo.eu\/wp-content\/uploads\/2024\/01\/Animo-over-ons-1-1400x1400.jpg 1400w, https:\/\/animo.eu\/wp-content\/uploads\/2024\/01\/Animo-over-ons-1-700x700.jpg 700w, https:\/\/animo.eu\/wp-content\/uploads\/2024\/01\/Animo-over-ons-1-350x350.jpg 350w, https:\/\/animo.eu\/wp-content\/uploads\/2024\/01\/Animo-over-ons-1.jpg 1654w\" sizes=\"(max-width: 550px) 100vw, 550px\" \/>                <\/div>\n    <div class=\"card-body\">\n        <h3 class=\"card-title\">Vi \u00e4r Animo<\/h3>\n            <\/div>\n    <div class=\"card-footer\">\n        <span class=\"btn btn-outline-secondary\">\n            <span class=\"btn__text\">Mer information<\/span>\n            <svg class=\"icon icon--20 icon--arrow\">\n                <use xlink:href=\"https:\/\/animo.eu\/wp-content\/themes\/animo\/build\/img\/symbols.svg#arrow-right\"><\/use>\n            <\/svg>\n        <\/span>\n    <\/div>\n    <a class=\"stretched-link\" href=\"https:\/\/animo.eu\/sv\/om_animo\/vi_ar_animo\/\"><\/a>\n<\/div>\n                        <\/div>\n                                            <div class=\"col-12 col-md-6 col-lg-3\">\n                            <div class=\"card card--product\">\n                    <div class=\"card__image\">\n                    <img decoding=\"async\" width=\"491\" height=\"491\" src=\"https:\/\/animo.eu\/wp-content\/uploads\/2024\/01\/Alle-MVO-images-vierkant.jpg\" class=\"image wp-post-image\" alt=\"\" loading=\"lazy\" srcset=\"https:\/\/animo.eu\/wp-content\/uploads\/2024\/01\/Alle-MVO-images-vierkant.jpg 491w, https:\/\/animo.eu\/wp-content\/uploads\/2024\/01\/Alle-MVO-images-vierkant-300x300.jpg 300w, https:\/\/animo.eu\/wp-content\/uploads\/2024\/01\/Alle-MVO-images-vierkant-150x150.jpg 150w, https:\/\/animo.eu\/wp-content\/uploads\/2024\/01\/Alle-MVO-images-vierkant-70x70.jpg 70w, https:\/\/animo.eu\/wp-content\/uploads\/2024\/01\/Alle-MVO-images-vierkant-100x100.jpg 100w, https:\/\/animo.eu\/wp-content\/uploads\/2024\/01\/Alle-MVO-images-vierkant-350x350.jpg 350w\" sizes=\"(max-width: 491px) 100vw, 491px\" \/>                <\/div>\n    <div class=\"card-body\">\n        <h3 class=\"card-title\">Varf\u00f6r v\u00e4lja Animo<\/h3>\n            <\/div>\n    <div class=\"card-footer\">\n        <span class=\"btn btn-outline-secondary\">\n            <span class=\"btn__text\">Mer information<\/span>\n            <svg class=\"icon icon--20 icon--arrow\">\n                <use xlink:href=\"https:\/\/animo.eu\/wp-content\/themes\/animo\/build\/img\/symbols.svg#arrow-right\"><\/use>\n            <\/svg>\n        <\/span>\n    <\/div>\n    <a class=\"stretched-link\" href=\"https:\/\/animo.eu\/sv\/om_animo\/varfor-valja-animo\/\"><\/a>\n<\/div>\n                        <\/div>\n                                            <div class=\"col-12 col-md-6 col-lg-3\">\n                            <div class=\"card card--product\">\n                    <div class=\"card__image\">\n                    <img decoding=\"async\" width=\"491\" height=\"491\" src=\"https:\/\/animo.eu\/wp-content\/uploads\/2024\/01\/Alle-MVO-images-vierkant.jpg\" class=\"image wp-post-image\" alt=\"\" loading=\"lazy\" srcset=\"https:\/\/animo.eu\/wp-content\/uploads\/2024\/01\/Alle-MVO-images-vierkant.jpg 491w, https:\/\/animo.eu\/wp-content\/uploads\/2024\/01\/Alle-MVO-images-vierkant-300x300.jpg 300w, https:\/\/animo.eu\/wp-content\/uploads\/2024\/01\/Alle-MVO-images-vierkant-150x150.jpg 150w, https:\/\/animo.eu\/wp-content\/uploads\/2024\/01\/Alle-MVO-images-vierkant-70x70.jpg 70w, https:\/\/animo.eu\/wp-content\/uploads\/2024\/01\/Alle-MVO-images-vierkant-100x100.jpg 100w, https:\/\/animo.eu\/wp-content\/uploads\/2024\/01\/Alle-MVO-images-vierkant-350x350.jpg 350w\" sizes=\"(max-width: 491px) 100vw, 491px\" \/>                <\/div>\n    <div class=\"card-body\">\n        <h3 class=\"card-title\">F\u00f6rdelar f\u00f6r \u00e5terf\u00f6rs\u00e4ljare<\/h3>\n            <\/div>\n    <div class=\"card-footer\">\n        <span class=\"btn btn-outline-secondary\">\n            <span class=\"btn__text\">Mer information<\/span>\n            <svg class=\"icon icon--20 icon--arrow\">\n                <use xlink:href=\"https:\/\/animo.eu\/wp-content\/themes\/animo\/build\/img\/symbols.svg#arrow-right\"><\/use>\n            <\/svg>\n        <\/span>\n    <\/div>\n    <a class=\"stretched-link\" href=\"https:\/\/animo.eu\/sv\/om_animo\/fordelar-for-aterforsaljare\/\"><\/a>\n<\/div>\n                        <\/div>\n                                            <div class=\"col-12 col-md-6 col-lg-3\">\n                            <div class=\"card card--product\">\n                    <div class=\"card__image\">\n                    <img decoding=\"async\" width=\"491\" height=\"491\" src=\"https:\/\/animo.eu\/wp-content\/uploads\/2024\/03\/Misie-en-visie-vierkant.jpg\" class=\"image wp-post-image\" alt=\"\" loading=\"lazy\" srcset=\"https:\/\/animo.eu\/wp-content\/uploads\/2024\/03\/Misie-en-visie-vierkant.jpg 491w, https:\/\/animo.eu\/wp-content\/uploads\/2024\/03\/Misie-en-visie-vierkant-300x300.jpg 300w, https:\/\/animo.eu\/wp-content\/uploads\/2024\/03\/Misie-en-visie-vierkant-150x150.jpg 150w, https:\/\/animo.eu\/wp-content\/uploads\/2024\/03\/Misie-en-visie-vierkant-70x70.jpg 70w, https:\/\/animo.eu\/wp-content\/uploads\/2024\/03\/Misie-en-visie-vierkant-100x100.jpg 100w, https:\/\/animo.eu\/wp-content\/uploads\/2024\/03\/Misie-en-visie-vierkant-350x350.jpg 350w\" sizes=\"(max-width: 491px) 100vw, 491px\" \/>                <\/div>\n    <div class=\"card-body\">\n        <h3 class=\"card-title\">Uppdrag, vision och k\u00e4rnv\u00e4rden<\/h3>\n            <\/div>\n    <div class=\"card-footer\">\n        <span class=\"btn btn-outline-secondary\">\n            <span class=\"btn__text\">Mer information<\/span>\n            <svg class=\"icon icon--20 icon--arrow\">\n                <use xlink:href=\"https:\/\/animo.eu\/wp-content\/themes\/animo\/build\/img\/symbols.svg#arrow-right\"><\/use>\n            <\/svg>\n        <\/span>\n    <\/div>\n    <a class=\"stretched-link\" href=\"https:\/\/animo.eu\/sv\/om_animo\/uppdrag-vision-och-karnvarden\/\"><\/a>\n<\/div>\n                        <\/div>\n                                            <div class=\"col-12 col-md-6 col-lg-3\">\n                            <div class=\"card card--product\">\n                    <div class=\"card__image\">\n                    <img decoding=\"async\" width=\"491\" height=\"491\" src=\"https:\/\/animo.eu\/wp-content\/uploads\/2024\/01\/Sustainable-globe.jpg\" class=\"image wp-post-image\" alt=\"\" loading=\"lazy\" srcset=\"https:\/\/animo.eu\/wp-content\/uploads\/2024\/01\/Sustainable-globe.jpg 491w, https:\/\/animo.eu\/wp-content\/uploads\/2024\/01\/Sustainable-globe-300x300.jpg 300w, https:\/\/animo.eu\/wp-content\/uploads\/2024\/01\/Sustainable-globe-150x150.jpg 150w, https:\/\/animo.eu\/wp-content\/uploads\/2024\/01\/Sustainable-globe-70x70.jpg 70w, https:\/\/animo.eu\/wp-content\/uploads\/2024\/01\/Sustainable-globe-100x100.jpg 100w, https:\/\/animo.eu\/wp-content\/uploads\/2024\/01\/Sustainable-globe-350x350.jpg 350w\" sizes=\"(max-width: 491px) 100vw, 491px\" \/>                <\/div>\n    <div class=\"card-body\">\n        <h3 class=\"card-title\">CSR<\/h3>\n            <\/div>\n    <div class=\"card-footer\">\n        <span class=\"btn btn-outline-secondary\">\n            <span class=\"btn__text\">Mer information<\/span>\n            <svg class=\"icon icon--20 icon--arrow\">\n                <use xlink:href=\"https:\/\/animo.eu\/wp-content\/themes\/animo\/build\/img\/symbols.svg#arrow-right\"><\/use>\n            <\/svg>\n        <\/span>\n    <\/div>\n    <a class=\"stretched-link\" href=\"https:\/\/animo.eu\/sv\/om_animo\/csr\/\"><\/a>\n<\/div>\n                        <\/div>\n                                            <div class=\"col-12 col-md-6 col-lg-3\">\n                            <div class=\"card card--product\">\n                    <div class=\"card__image\">\n                    <img decoding=\"async\" width=\"491\" height=\"491\" src=\"https:\/\/animo.eu\/wp-content\/uploads\/2024\/01\/Lease-vierkant.jpg\" class=\"image wp-post-image\" alt=\"\" loading=\"lazy\" srcset=\"https:\/\/animo.eu\/wp-content\/uploads\/2024\/01\/Lease-vierkant.jpg 491w, https:\/\/animo.eu\/wp-content\/uploads\/2024\/01\/Lease-vierkant-300x300.jpg 300w, https:\/\/animo.eu\/wp-content\/uploads\/2024\/01\/Lease-vierkant-150x150.jpg 150w, https:\/\/animo.eu\/wp-content\/uploads\/2024\/01\/Lease-vierkant-70x70.jpg 70w, https:\/\/animo.eu\/wp-content\/uploads\/2024\/01\/Lease-vierkant-100x100.jpg 100w, https:\/\/animo.eu\/wp-content\/uploads\/2024\/01\/Lease-vierkant-350x350.jpg 350w\" sizes=\"(max-width: 491px) 100vw, 491px\" \/>                <\/div>\n    <div class=\"card-body\">\n        <h3 class=\"card-title\">Anbudsgivare<\/h3>\n            <\/div>\n    <div class=\"card-footer\">\n        <span class=\"btn btn-outline-secondary\">\n            <span class=\"btn__text\">Mer information<\/span>\n            <svg class=\"icon icon--20 icon--arrow\">\n                <use xlink:href=\"https:\/\/animo.eu\/wp-content\/themes\/animo\/build\/img\/symbols.svg#arrow-right\"><\/use>\n            <\/svg>\n        <\/span>\n    <\/div>\n    <a class=\"stretched-link\" href=\"https:\/\/animo.eu\/sv\/om_animo\/anbudsgivare\/\"><\/a>\n<\/div>\n                        <\/div>\n                                            <div class=\"col-12 col-md-6 col-lg-3\">\n                            <div class=\"card card--product\">\n                    <div class=\"card__image\">\n                    <img decoding=\"async\" width=\"491\" height=\"491\" src=\"https:\/\/animo.eu\/wp-content\/uploads\/2024\/01\/Adressen.jpg\" class=\"image wp-post-image\" alt=\"\" loading=\"lazy\" srcset=\"https:\/\/animo.eu\/wp-content\/uploads\/2024\/01\/Adressen.jpg 491w, https:\/\/animo.eu\/wp-content\/uploads\/2024\/01\/Adressen-300x300.jpg 300w, https:\/\/animo.eu\/wp-content\/uploads\/2024\/01\/Adressen-150x150.jpg 150w, https:\/\/animo.eu\/wp-content\/uploads\/2024\/01\/Adressen-70x70.jpg 70w, https:\/\/animo.eu\/wp-content\/uploads\/2024\/01\/Adressen-100x100.jpg 100w, https:\/\/animo.eu\/wp-content\/uploads\/2024\/01\/Adressen-350x350.jpg 350w\" sizes=\"(max-width: 491px) 100vw, 491px\" \/>                <\/div>\n    <div class=\"card-body\">\n        <h3 class=\"card-title\">F\u00f6rs\u00e4ljningsadresser<\/h3>\n            <\/div>\n    <div class=\"card-footer\">\n        <span class=\"btn btn-outline-secondary\">\n            <span class=\"btn__text\">Mer information<\/span>\n            <svg class=\"icon icon--20 icon--arrow\">\n                <use xlink:href=\"https:\/\/animo.eu\/wp-content\/themes\/animo\/build\/img\/symbols.svg#arrow-right\"><\/use>\n            <\/svg>\n        <\/span>\n    <\/div>\n    <a class=\"stretched-link\" href=\"https:\/\/animo.eu\/sv\/om_animo\/forsaljningsadresser\/\"><\/a>\n<\/div>\n                        <\/div>\n                                            <div class=\"col-12 col-md-6 col-lg-3\">\n                            <div class=\"card card--product\">\n                    <div class=\"card__image\">\n                    <img decoding=\"async\" width=\"491\" height=\"491\" src=\"https:\/\/animo.eu\/wp-content\/uploads\/2024\/01\/OBX-twee-kopjes.jpg\" class=\"image wp-post-image\" alt=\"\" loading=\"lazy\" srcset=\"https:\/\/animo.eu\/wp-content\/uploads\/2024\/01\/OBX-twee-kopjes.jpg 491w, https:\/\/animo.eu\/wp-content\/uploads\/2024\/01\/OBX-twee-kopjes-300x300.jpg 300w, https:\/\/animo.eu\/wp-content\/uploads\/2024\/01\/OBX-twee-kopjes-150x150.jpg 150w, https:\/\/animo.eu\/wp-content\/uploads\/2024\/01\/OBX-twee-kopjes-70x70.jpg 70w, https:\/\/animo.eu\/wp-content\/uploads\/2024\/01\/OBX-twee-kopjes-100x100.jpg 100w, https:\/\/animo.eu\/wp-content\/uploads\/2024\/01\/OBX-twee-kopjes-350x350.jpg 350w\" sizes=\"(max-width: 491px) 100vw, 491px\" \/>                <\/div>\n    <div class=\"card-body\">\n        <h3 class=\"card-title\">Placering av f\u00f6rs\u00f6k<\/h3>\n            <\/div>\n    <div class=\"card-footer\">\n        <span class=\"btn btn-outline-secondary\">\n            <span class=\"btn__text\">Mer information<\/span>\n            <svg class=\"icon icon--20 icon--arrow\">\n                <use xlink:href=\"https:\/\/animo.eu\/wp-content\/themes\/animo\/build\/img\/symbols.svg#arrow-right\"><\/use>\n            <\/svg>\n        <\/span>\n    <\/div>\n    <a class=\"stretched-link\" href=\"https:\/\/animo.eu\/sv\/om_animo\/forsaljningsadresser-2\/\"><\/a>\n<\/div>\n                        <\/div>\n                                            <div class=\"col-12 col-md-6 col-lg-3\">\n                            <div class=\"card card--product\">\n                    <div class=\"card__image\">\n                        <img loading=\"lazy\" decoding=\"async\" class=\"image\" src=\"https:\/\/animo.eu\/wp-content\/themes\/animo\/build\/img\/product-placeholder.png\" alt=\"\" width=\"124\" height=\"30\" \/>\n            <\/div>\n    <div class=\"card-body\">\n        <h3 class=\"card-title\">St\u00f6d f\u00f6r kontaktformul\u00e4r<\/h3>\n            <\/div>\n    <div class=\"card-footer\">\n        <span class=\"btn btn-outline-secondary\">\n            <span class=\"btn__text\">Mer information<\/span>\n            <svg class=\"icon icon--20 icon--arrow\">\n                <use xlink:href=\"https:\/\/animo.eu\/wp-content\/themes\/animo\/build\/img\/symbols.svg#arrow-right\"><\/use>\n            <\/svg>\n        <\/span>\n    <\/div>\n    <a class=\"stretched-link\" href=\"https:\/\/animo.eu\/sv\/om_animo\/stod-for-kontaktformular\/\"><\/a>\n<\/div>\n                        <\/div>\n                                            <div class=\"col-12 col-md-6 col-lg-3\">\n                            <div class=\"card card--product\">\n                    <div class=\"card__image\">\n                    <img decoding=\"async\" width=\"491\" height=\"491\" src=\"https:\/\/animo.eu\/wp-content\/uploads\/2024\/01\/OptiBean-sfeer.jpg\" class=\"image wp-post-image\" alt=\"\" loading=\"lazy\" srcset=\"https:\/\/animo.eu\/wp-content\/uploads\/2024\/01\/OptiBean-sfeer.jpg 491w, https:\/\/animo.eu\/wp-content\/uploads\/2024\/01\/OptiBean-sfeer-300x300.jpg 300w, https:\/\/animo.eu\/wp-content\/uploads\/2024\/01\/OptiBean-sfeer-150x150.jpg 150w, https:\/\/animo.eu\/wp-content\/uploads\/2024\/01\/OptiBean-sfeer-70x70.jpg 70w, https:\/\/animo.eu\/wp-content\/uploads\/2024\/01\/OptiBean-sfeer-100x100.jpg 100w, https:\/\/animo.eu\/wp-content\/uploads\/2024\/01\/OptiBean-sfeer-350x350.jpg 350w\" sizes=\"(max-width: 491px) 100vw, 491px\" \/>                <\/div>\n    <div class=\"card-body\">\n        <h3 class=\"card-title\">Leasing av kaffemaskiner<\/h3>\n            <\/div>\n    <div class=\"card-footer\">\n        <span class=\"btn btn-outline-secondary\">\n            <span class=\"btn__text\">Mer information<\/span>\n            <svg class=\"icon icon--20 icon--arrow\">\n                <use xlink:href=\"https:\/\/animo.eu\/wp-content\/themes\/animo\/build\/img\/symbols.svg#arrow-right\"><\/use>\n            <\/svg>\n        <\/span>\n    <\/div>\n    <a class=\"stretched-link\" href=\"https:\/\/animo.eu\/sv\/om_animo\/leasing_av-kaffemaskiner\/\"><\/a>\n<\/div>\n                        <\/div>\n                                    <\/div>\n                                         <\/div>\n<\/section>\n\n<section  class=\"pane pane--white \">\n    <div class=\"container\">\n        <div class=\"row g-4 g-lg-8 g-xl-15 g-xxl-20 align-items-center flex-lg-row-reverse\">\n                            <div class=\"col-12 col-lg-6\">\n                    <div class=\"pane__text\">\n                        <h2>Fr\u00e5n en kopp klass till en kanna smak<\/h2>\n<p>N\u00e4r m\u00e4nniskor tr\u00e4ffas \u00e4r den f\u00f6rsta fr\u00e5gan: Vill n\u00e5gon ha kaffe? M\u00e5nga t\u00e4nker inte p\u00e5 det, men en kopp kaffe kan vara avg\u00f6rande f\u00f6r en hel dag. P\u00e5 Animo s\u00e4ger vi alltid att ett perfekt kaffe b\u00f6rjar med en perfekt maskin. Och det borde vi veta, eftersom vi har tillverkat f\u00f6rstklassig kaffeutrustning sedan 1950. Vi anv\u00e4nder h\u00f6gkvalitativa material och en ren produktionsprocess f\u00f6r att bygga energieffektiva maskiner med h\u00e5llbar prestanda och utm\u00e4rkt smak. Huvud, efter huvud, efter huvud.<\/p>\n                                                \n                    <\/div>\n                <\/div>\n                                <\/div>\n    <\/div>\n<\/section>\n","protected":false},"excerpt":{"rendered":"","protected":false},"author":21,"featured_media":43863,"parent":0,"menu_order":55,"comment_status":"closed","ping_status":"closed","template":"","meta":{"_acf_changed":false,"footnotes":""},"class_list":["post-43619","page","type-page","status-publish","has-post-thumbnail","hentry"],"acf":[],"yoast_head":"<!-- This site is optimized with the Yoast SEO plugin v25.5 - https:\/\/yoast.com\/wordpress\/plugins\/seo\/ -->\n<title>Om Animo -<\/title>\n<meta name=\"description\" content=\"Om Animo - Vi tillverkar h\u00f6gkvalitativa kaffesystem och maskiner f\u00f6r m\u00e4nniskor som vill servera gott kaffe.\" \/>\n<meta name=\"robots\" content=\"index, follow, max-snippet:-1, max-image-preview:large, max-video-preview:-1\" \/>\n<link rel=\"canonical\" href=\"https:\/\/animo.eu\/sv\/om_animo\/\" \/>\n<meta property=\"og:locale\" content=\"sv_SE\" \/>\n<meta property=\"og:type\" content=\"article\" \/>\n<meta property=\"og:title\" content=\"Om Animo -\" \/>\n<meta property=\"og:description\" content=\"Om Animo - Vi tillverkar h\u00f6gkvalitativa kaffesystem och maskiner f\u00f6r m\u00e4nniskor som vill servera gott kaffe.\" \/>\n<meta property=\"og:url\" content=\"https:\/\/animo.eu\/sv\/om_animo\/\" \/>\n<meta property=\"article:publisher\" content=\"https:\/\/www.facebook.com\/animobv\/\" \/>\n<meta property=\"article:modified_time\" content=\"2024-01-17T11:28:02+00:00\" \/>\n<meta property=\"og:image\" content=\"https:\/\/animo.eu\/wp-content\/uploads\/2024\/01\/Animo-over-ons.jpg\" \/>\n\t<meta property=\"og:image:width\" content=\"1654\" \/>\n\t<meta property=\"og:image:height\" content=\"1654\" \/>\n\t<meta property=\"og:image:type\" content=\"image\/jpeg\" \/>\n<meta name=\"twitter:card\" content=\"summary_large_image\" \/>\n<meta name=\"twitter:site\" content=\"@animokoffie\" \/>\n<meta name=\"twitter:label1\" content=\"Ber\u00e4knad l\u00e4stid\" \/>\n\t<meta name=\"twitter:data1\" content=\"1 minut\" \/>\n<script type=\"application\/ld+json\" class=\"yoast-schema-graph\">{\"@context\":\"https:\/\/schema.org\",\"@graph\":[{\"@type\":\"WebPage\",\"@id\":\"https:\/\/animo.eu\/sv\/om_animo\/\",\"url\":\"https:\/\/animo.eu\/sv\/om_animo\/\",\"name\":\"Om Animo -\",\"isPartOf\":{\"@id\":\"https:\/\/animo.eu\/sv\/#website\"},\"primaryImageOfPage\":{\"@id\":\"https:\/\/animo.eu\/sv\/om_animo\/#primaryimage\"},\"image\":{\"@id\":\"https:\/\/animo.eu\/sv\/om_animo\/#primaryimage\"},\"thumbnailUrl\":\"https:\/\/animo.eu\/wp-content\/uploads\/2024\/01\/Animo-over-ons.jpg\",\"datePublished\":\"2024-01-03T09:14:14+00:00\",\"dateModified\":\"2024-01-17T11:28:02+00:00\",\"description\":\"Om Animo - Vi tillverkar h\u00f6gkvalitativa kaffesystem och maskiner f\u00f6r m\u00e4nniskor som vill servera gott kaffe.\",\"breadcrumb\":{\"@id\":\"https:\/\/animo.eu\/sv\/om_animo\/#breadcrumb\"},\"inLanguage\":\"sv-SE\",\"potentialAction\":[{\"@type\":\"ReadAction\",\"target\":[\"https:\/\/animo.eu\/sv\/om_animo\/\"]}]},{\"@type\":\"ImageObject\",\"inLanguage\":\"sv-SE\",\"@id\":\"https:\/\/animo.eu\/sv\/om_animo\/#primaryimage\",\"url\":\"https:\/\/animo.eu\/wp-content\/uploads\/2024\/01\/Animo-over-ons.jpg\",\"contentUrl\":\"https:\/\/animo.eu\/wp-content\/uploads\/2024\/01\/Animo-over-ons.jpg\",\"width\":1654,\"height\":1654},{\"@type\":\"BreadcrumbList\",\"@id\":\"https:\/\/animo.eu\/sv\/om_animo\/#breadcrumb\",\"itemListElement\":[{\"@type\":\"ListItem\",\"position\":1,\"name\":\"Home\",\"item\":\"https:\/\/animo.eu\/sv\/\"},{\"@type\":\"ListItem\",\"position\":2,\"name\":\"Om Animo\"}]},{\"@type\":\"WebSite\",\"@id\":\"https:\/\/animo.eu\/sv\/#website\",\"url\":\"https:\/\/animo.eu\/sv\/\",\"name\":\"\",\"description\":\"\",\"potentialAction\":[{\"@type\":\"SearchAction\",\"target\":{\"@type\":\"EntryPoint\",\"urlTemplate\":\"https:\/\/animo.eu\/sv\/?s={search_term_string}\"},\"query-input\":{\"@type\":\"PropertyValueSpecification\",\"valueRequired\":true,\"valueName\":\"search_term_string\"}}],\"inLanguage\":\"sv-SE\"}]}<\/script>\n<!-- \/ Yoast SEO plugin. -->","yoast_head_json":{"title":"Om Animo -","description":"Om Animo - Vi tillverkar h\u00f6gkvalitativa kaffesystem och maskiner f\u00f6r m\u00e4nniskor som vill servera gott kaffe.","robots":{"index":"index","follow":"follow","max-snippet":"max-snippet:-1","max-image-preview":"max-image-preview:large","max-video-preview":"max-video-preview:-1"},"canonical":"https:\/\/animo.eu\/sv\/om_animo\/","og_locale":"sv_SE","og_type":"article","og_title":"Om Animo -","og_description":"Om Animo - Vi tillverkar h\u00f6gkvalitativa kaffesystem och maskiner f\u00f6r m\u00e4nniskor som vill servera gott kaffe.","og_url":"https:\/\/animo.eu\/sv\/om_animo\/","article_publisher":"https:\/\/www.facebook.com\/animobv\/","article_modified_time":"2024-01-17T11:28:02+00:00","og_image":[{"width":1654,"height":1654,"url":"https:\/\/animo.eu\/wp-content\/uploads\/2024\/01\/Animo-over-ons.jpg","type":"image\/jpeg"}],"twitter_card":"summary_large_image","twitter_site":"@animokoffie","twitter_misc":{"Ber\u00e4knad l\u00e4stid":"1 minut"},"schema":{"@context":"https:\/\/schema.org","@graph":[{"@type":"WebPage","@id":"https:\/\/animo.eu\/sv\/om_animo\/","url":"https:\/\/animo.eu\/sv\/om_animo\/","name":"Om Animo -","isPartOf":{"@id":"https:\/\/animo.eu\/sv\/#website"},"primaryImageOfPage":{"@id":"https:\/\/animo.eu\/sv\/om_animo\/#primaryimage"},"image":{"@id":"https:\/\/animo.eu\/sv\/om_animo\/#primaryimage"},"thumbnailUrl":"https:\/\/animo.eu\/wp-content\/uploads\/2024\/01\/Animo-over-ons.jpg","datePublished":"2024-01-03T09:14:14+00:00","dateModified":"2024-01-17T11:28:02+00:00","description":"Om Animo - Vi tillverkar h\u00f6gkvalitativa kaffesystem och maskiner f\u00f6r m\u00e4nniskor som vill servera gott kaffe.","breadcrumb":{"@id":"https:\/\/animo.eu\/sv\/om_animo\/#breadcrumb"},"inLanguage":"sv-SE","potentialAction":[{"@type":"ReadAction","target":["https:\/\/animo.eu\/sv\/om_animo\/"]}]},{"@type":"ImageObject","inLanguage":"sv-SE","@id":"https:\/\/animo.eu\/sv\/om_animo\/#primaryimage","url":"https:\/\/animo.eu\/wp-content\/uploads\/2024\/01\/Animo-over-ons.jpg","contentUrl":"https:\/\/animo.eu\/wp-content\/uploads\/2024\/01\/Animo-over-ons.jpg","width":1654,"height":1654},{"@type":"BreadcrumbList","@id":"https:\/\/animo.eu\/sv\/om_animo\/#breadcrumb","itemListElement":[{"@type":"ListItem","position":1,"name":"Home","item":"https:\/\/animo.eu\/sv\/"},{"@type":"ListItem","position":2,"name":"Om Animo"}]},{"@type":"WebSite","@id":"https:\/\/animo.eu\/sv\/#website","url":"https:\/\/animo.eu\/sv\/","name":"","description":"","potentialAction":[{"@type":"SearchAction","target":{"@type":"EntryPoint","urlTemplate":"https:\/\/animo.eu\/sv\/?s={search_term_string}"},"query-input":{"@type":"PropertyValueSpecification","valueRequired":true,"valueName":"search_term_string"}}],"inLanguage":"sv-SE"}]}},"_links":{"self":[{"href":"https:\/\/animo.eu\/sv\/wp-json\/wp\/v2\/pages\/43619"}],"collection":[{"href":"https:\/\/animo.eu\/sv\/wp-json\/wp\/v2\/pages"}],"about":[{"href":"https:\/\/animo.eu\/sv\/wp-json\/wp\/v2\/types\/page"}],"author":[{"embeddable":true,"href":"https:\/\/animo.eu\/sv\/wp-json\/wp\/v2\/users\/21"}],"replies":[{"embeddable":true,"href":"https:\/\/animo.eu\/sv\/wp-json\/wp\/v2\/comments?post=43619"}],"version-history":[{"count":5,"href":"https:\/\/animo.eu\/sv\/wp-json\/wp\/v2\/pages\/43619\/revisions"}],"predecessor-version":[{"id":44815,"href":"https:\/\/animo.eu\/sv\/wp-json\/wp\/v2\/pages\/43619\/revisions\/44815"}],"wp:featuredmedia":[{"embeddable":true,"href":"https:\/\/animo.eu\/sv\/wp-json\/wp\/v2\/media\/43863"}],"wp:attachment":[{"href":"https:\/\/animo.eu\/sv\/wp-json\/wp\/v2\/media?parent=43619"}],"curies":[{"name":"wp","href":"https:\/\/api.w.org\/{rel}","templated":true}]}}