{"id":43656,"date":"2024-01-03T10:28:51","date_gmt":"2024-01-03T09:28:51","guid":{"rendered":"https:\/\/animo.eu\/?page_id=43656"},"modified":"2024-10-28T09:10:25","modified_gmt":"2024-10-28T08:10:25","slug":"csr","status":"publish","type":"page","link":"https:\/\/animo.eu\/sv\/om_animo\/csr\/","title":{"rendered":"CSR"},"content":{"rendered":"\n<section class=\"hero\">\n    <div class=\"hero__background\">\n                                    <img fetchpriority=\"high\" decoding=\"async\" width=\"750\" height=\"450\" src=\"https:\/\/animo.eu\/wp-content\/uploads\/2024\/01\/Images_hand-milieu.jpg\" class=\"hero__image img-fluid\" alt=\"\" loading=\"eager\" srcset=\"https:\/\/animo.eu\/wp-content\/uploads\/2024\/01\/Images_hand-milieu.jpg 750w, https:\/\/animo.eu\/wp-content\/uploads\/2024\/01\/Images_hand-milieu-300x180.jpg 300w, https:\/\/animo.eu\/wp-content\/uploads\/2024\/01\/Images_hand-milieu-70x42.jpg 70w, https:\/\/animo.eu\/wp-content\/uploads\/2024\/01\/Images_hand-milieu-550x330.jpg 550w, https:\/\/animo.eu\/wp-content\/uploads\/2024\/01\/Images_hand-milieu-167x100.jpg 167w, https:\/\/animo.eu\/wp-content\/uploads\/2024\/01\/Images_hand-milieu-150x90.jpg 150w\" sizes=\"(max-width: 750px) 100vw, 750px\" \/>                                <\/div>    \n            <div class=\"hero__content\">\n            <div class=\"container\">\n                <div class=\"row\">                    <div class=\"col-12 col-lg-9 col-xl-8\">                        <div class=\"hero__text \">\n                            <h1>H\u00e5llbara och ansvarsfulla val<\/h1>\n                        <\/div>\n                                                \n                    <\/div>\n                <\/div>\n            <\/div>\n        <\/div>\n        <div class=\"hero__scroll\">\n        <span>Rulla<\/span>\n        <svg class=\"icon icon--20 text-secondary\">\n            <use xlink:href=\"https:\/\/animo.eu\/wp-content\/themes\/animo\/build\/img\/symbols.svg#arrow-down\"><\/use>\n        <\/svg>      \n    <\/div>\n<\/section>\n\n\n\n<section class=\"pane pane--white pane--anchors\">\n    <ul class=\"list justify-content-center d-none d-lg-flex\">\n                                    <li class=\"list__item mx-6 mx-xl-8 mx-xxl-10\">\n                    <a class=\"text-decoration-none text-secondary\" href=\"#h\u00e5llbart entrepren\u00f6rskap\">H\u00e5llbart f\u00f6retagande<\/a>\n                <\/li>\n                            <li class=\"list__item mx-6 mx-xl-8 mx-xxl-10\">\n                    <a class=\"text-decoration-none text-secondary\" href=\"#ta hand om framtiden\">Omsorg om framtiden<\/a>\n                <\/li>\n                            <li class=\"list__item mx-6 mx-xl-8 mx-xxl-10\">\n                    <a class=\"text-decoration-none text-secondary\" href=\"#Alzheimers Nederl\u00e4nderna\">Alzheimers Nederl\u00e4nderna<\/a>\n                <\/li>\n                            <li class=\"list__item mx-6 mx-xl-8 mx-xxl-10\">\n                    <a class=\"text-decoration-none text-secondary\" href=\"#Ronald McDonald Barnfond\">Ronald McDonald Barnfond<\/a>\n                <\/li>\n                            <li class=\"list__item mx-6 mx-xl-8 mx-xxl-10\">\n                    <a class=\"text-decoration-none text-secondary\" href=\"#sponsring\">Sponsring<\/a>\n                <\/li>\n                        <\/ul>\n<\/section>\n\n\n\n<section  class=\"pane pane--white \">\n    <div class=\"container\">\n        <div class=\"row g-4 g-lg-8 g-xl-15 justify-content-center\">\n                                                <div class=\"col-12 col-lg-8\">\n                        <div class=\"pane__text\">\n                            <h2>Sedan starten har Animo arbetat med h\u00f6gkvalitativt rostfritt st\u00e5l, som inte bara \u00e4r of\u00f6rst\u00f6rbart, utan ocks\u00e5 ett r\u00e5material som \u00e4r 100% \u00e5tervinningsbart<\/h2>\n                                                    <\/div>\n                    <\/div>\n                                    <\/div>\n    <\/div>\n<\/section>\n\n\n\n<section id=\"h\u00e5llbart entrepren\u00f6rskap\" class=\"pane pane--tertiary anchor\">\n    <div class=\"container\">\n        <div class=\"row g-4 g-lg-8 g-xl-15 g-xxl-20 align-items-center \">\n                            <div class=\"col-12 col-lg-6\">\n                    <div class=\"pane__text\">\n                        <h2 class=\"paragraph-title\">H\u00e5llbart f\u00f6retagande<\/h2>\n<p>Animo \u00e4r medvetet om den allm\u00e4nna betydelsen av h\u00e5llbart f\u00f6retagande och vill bidra till att fr\u00e4mja CSR i v\u00e4rdekedjan. Str\u00e4van efter h\u00e5llbara vinster och kontinuitet \u00e4r av st\u00f6rsta vikt h\u00e4r, tillsammans med ansvar f\u00f6r milj\u00f6, samh\u00e4lle och anst\u00e4llda.<\/p>\n                                                \n                    <\/div>\n                <\/div>\n                                        <div class=\"col-12 col-lg\">\n                    <figure class=\"figure \">\n                        <img decoding=\"async\" width=\"491\" height=\"491\" src=\"https:\/\/animo.eu\/wp-content\/uploads\/2024\/10\/animo-set01-0192.jpg\" class=\"img-fluid\" alt=\"\" loading=\"lazy\" srcset=\"https:\/\/animo.eu\/wp-content\/uploads\/2024\/10\/animo-set01-0192.jpg 491w, https:\/\/animo.eu\/wp-content\/uploads\/2024\/10\/animo-set01-0192-300x300.jpg 300w, https:\/\/animo.eu\/wp-content\/uploads\/2024\/10\/animo-set01-0192-150x150.jpg 150w, https:\/\/animo.eu\/wp-content\/uploads\/2024\/10\/animo-set01-0192-70x70.jpg 70w, https:\/\/animo.eu\/wp-content\/uploads\/2024\/10\/animo-set01-0192-100x100.jpg 100w, https:\/\/animo.eu\/wp-content\/uploads\/2024\/10\/animo-set01-0192-350x350.jpg 350w\" sizes=\"(max-width: 491px) 100vw, 491px\" \/>                    <\/figure>\n                <\/div>\n                    <\/div>\n    <\/div>\n<\/section>\n\n\n\n<section id=\"ta hand om framtiden\" class=\"pane pane--white anchor\">\n    <div class=\"container\">\n        <div class=\"row g-4 g-lg-8 g-xl-15 g-xxl-20 align-items-center flex-lg-row-reverse\">\n                            <div class=\"col-12 col-lg-6\">\n                    <div class=\"pane__text\">\n                        <h2 class=\"paragraph-title\">Att g\u00f6ra aff\u00e4rer med omsorg om framtiden<\/h2>\n<p>Animo \u00e4r ett socialt engagerat f\u00f6retag. Genom att medvetet reflektera \u00f6ver hur vi g\u00f6r aff\u00e4rer och konsekvenserna av v\u00e5ra handlingar och fokusera v\u00e5r verksamhet p\u00e5 detta, bidrar vi som Animo till en v\u00e4rld d\u00e4r generationer efter oss ocks\u00e5 har en framtid.<\/p>\n                                                \n                    <\/div>\n                <\/div>\n                                        <div class=\"col-12 col-lg\">\n                    <figure class=\"figure image_reversed\">\n                        <img decoding=\"async\" width=\"491\" height=\"491\" src=\"https:\/\/animo.eu\/wp-content\/uploads\/2024\/01\/Sustainable-globe.jpg\" class=\"img-fluid\" alt=\"\" loading=\"lazy\" srcset=\"https:\/\/animo.eu\/wp-content\/uploads\/2024\/01\/Sustainable-globe.jpg 491w, https:\/\/animo.eu\/wp-content\/uploads\/2024\/01\/Sustainable-globe-300x300.jpg 300w, https:\/\/animo.eu\/wp-content\/uploads\/2024\/01\/Sustainable-globe-150x150.jpg 150w, https:\/\/animo.eu\/wp-content\/uploads\/2024\/01\/Sustainable-globe-70x70.jpg 70w, https:\/\/animo.eu\/wp-content\/uploads\/2024\/01\/Sustainable-globe-100x100.jpg 100w, https:\/\/animo.eu\/wp-content\/uploads\/2024\/01\/Sustainable-globe-350x350.jpg 350w\" sizes=\"(max-width: 491px) 100vw, 491px\" \/>                    <\/figure>\n                <\/div>\n                    <\/div>\n    <\/div>\n<\/section>\n\n\n\n<section id=\"Alzheimers Nederl\u00e4nderna\" class=\"pane pane--tertiary anchor\">\n    <div class=\"container\">\n        <div class=\"row g-4 g-lg-8 g-xl-15 g-xxl-20 align-items-center \">\n                            <div class=\"col-12 col-lg-6\">\n                    <div class=\"pane__text\">\n                        <h2 class=\"paragraph-title\">Animo i aktion f\u00f6r Alzheimers Nederl\u00e4nderna<\/h2>\n<p>Den snabba \u00f6kningen av demenssjukdomar har en stor inverkan p\u00e5 ett h\u00e4lsosamt \u00e5ldrande och d\u00e4rmed p\u00e5 m\u00f6jligheten att uppn\u00e5 en v\u00e4rdefull framtid. Animo vill g\u00e4rna bidra till att f\u00f6rverkliga Alzheimer&#8217;s Netherlands dr\u00f6m om att f\u00f6rebygga eller bota demens. Det kr\u00e4ver en hel del forskning. F\u00f6r att finansiera detta st\u00f6der Animo Alzheimer&#8217;s Netherlands.<\/p>\n                                                \n                    <\/div>\n                <\/div>\n                                        <div class=\"col-12 col-lg\">\n                    <figure class=\"figure \">\n                        <img decoding=\"async\" width=\"491\" height=\"491\" src=\"https:\/\/animo.eu\/wp-content\/uploads\/2024\/01\/Ouderen-2.jpg\" class=\"img-fluid\" alt=\"\" loading=\"lazy\" srcset=\"https:\/\/animo.eu\/wp-content\/uploads\/2024\/01\/Ouderen-2.jpg 491w, https:\/\/animo.eu\/wp-content\/uploads\/2024\/01\/Ouderen-2-300x300.jpg 300w, https:\/\/animo.eu\/wp-content\/uploads\/2024\/01\/Ouderen-2-150x150.jpg 150w, https:\/\/animo.eu\/wp-content\/uploads\/2024\/01\/Ouderen-2-70x70.jpg 70w, https:\/\/animo.eu\/wp-content\/uploads\/2024\/01\/Ouderen-2-100x100.jpg 100w, https:\/\/animo.eu\/wp-content\/uploads\/2024\/01\/Ouderen-2-350x350.jpg 350w\" sizes=\"(max-width: 491px) 100vw, 491px\" \/>                    <\/figure>\n                <\/div>\n                    <\/div>\n    <\/div>\n<\/section>\n\n\n\n<section id=\"Ronald McDonald Barnfond\" class=\"pane pane--white anchor\">\n    <div class=\"container\">\n        <div class=\"row g-4 g-lg-8 g-xl-15 g-xxl-20 align-items-center flex-lg-row-reverse\">\n                            <div class=\"col-12 col-lg-6\">\n                    <div class=\"pane__text\">\n                        <h2 class=\"paragraph-title\">500.000 bakkies med komfort till Ronald McDonald Barnfond<\/h2>\n<p>Varje \u00e5r dricks det mer \u00e4n 500.000 koppar tr\u00f6st i Ronald McDonald Husen. Kaffe \u00e4r viktigt f\u00f6r m\u00e5nga holl\u00e4ndare och s\u00e4rskilt n\u00e4r de befinner sig i en stressig situation \u00e4r det viktigt att du kan dricka en god kopp kaffe n\u00e4r som helst. Animo sponsrar Ronald McDonald Barnfond med Animo-kaffemaskiner.<\/p>\n<p><strong>Att h\u00e5lla familjer n\u00e4ra varandra<\/strong><br \/>\nRonald McDonald Barnfond ser till att sjuka barn och deras familjer kan vara n\u00e4ra varandra. I 12 Ronald McDonald Hus bor f\u00f6r\u00e4ldrar och syskon inom g\u00e5ngavst\u00e5nd fr\u00e5n sjukhuset, i 12 Ronald McDonald Hus rum kan familjerna koppla av i en hemtrevlig atmosf\u00e4r och i 3 (anpassade) semesterhus kan familjer med ett v\u00e5rdkr\u00e4vande barn h\u00e4mta andan under en v\u00e4lf\u00f6rtj\u00e4nt semester. Ronald McDonald Barnfond f\u00e5r inga bidrag och drivs tack vare volont\u00e4rer, sponsorer och donationer. #h\u00e5lla familjer st\u00e4ngda<\/p>\n                                                \n                    <\/div>\n                <\/div>\n                                        <div class=\"col-12 col-lg\">\n                    <figure class=\"figure image_reversed\">\n                        <img decoding=\"async\" width=\"775\" height=\"450\" src=\"https:\/\/animo.eu\/wp-content\/uploads\/2024\/01\/Images_RMKF.jpg\" class=\"img-fluid\" alt=\"\" loading=\"lazy\" srcset=\"https:\/\/animo.eu\/wp-content\/uploads\/2024\/01\/Images_RMKF.jpg 775w, https:\/\/animo.eu\/wp-content\/uploads\/2024\/01\/Images_RMKF-300x174.jpg 300w, https:\/\/animo.eu\/wp-content\/uploads\/2024\/01\/Images_RMKF-768x446.jpg 768w, https:\/\/animo.eu\/wp-content\/uploads\/2024\/01\/Images_RMKF-70x41.jpg 70w, https:\/\/animo.eu\/wp-content\/uploads\/2024\/01\/Images_RMKF-550x319.jpg 550w, https:\/\/animo.eu\/wp-content\/uploads\/2024\/01\/Images_RMKF-172x100.jpg 172w, https:\/\/animo.eu\/wp-content\/uploads\/2024\/01\/Images_RMKF-150x87.jpg 150w\" sizes=\"(max-width: 775px) 100vw, 775px\" \/>                    <\/figure>\n                <\/div>\n                    <\/div>\n    <\/div>\n<\/section>\n\n\n\n<section id=\"sponsring\" class=\"pane pane--tertiary anchor\">\n    <div class=\"container\">\n        <div class=\"row g-4 g-lg-8 g-xl-15 g-xxl-20 align-items-center \">\n                            <div class=\"col-12 col-lg-6\">\n                    <div class=\"pane__text\">\n                        <h2 class=\"paragraph-title\">Animo sponsrar f\u00f6r att st\u00f6dja vikten av en h\u00e4lsosam livsstil<\/h2>\n<p><strong>Fit &amp; Vital<\/strong><br \/>\nAnimo anser att kollegornas fysiska kondition p\u00e5verkar alla delar av organisationen. P\u00e5 Animo arbetar ett team under namnet &#8221;Fit &amp; Vital&#8221; f\u00f6r att uppmuntra medarbetarna till motion. Vi springer till exempel med ett Animo-team under l\u00f6part\u00e4vlingar och deltar i v\u00e4lg\u00f6renhetscykelturer.<\/p>\n<p><strong>Animo Collegerun<\/strong><br \/>\nF\u00f6r att motivera unga m\u00e4nniskor att b\u00f6rja idrotta sponsrar Animo l\u00f6part\u00e4vlingen f\u00f6r skolbarn, Animo Collegerun. Dessutom \u00e4r Animo sponsor av TT Cityrun, ett l\u00f6pevenemang som \u00e4r direkt kopplat till det ber\u00f6mda holl\u00e4ndska TT MotoGP-evenemanget i Assen.<\/p>\n<p><strong>Lokal sponsring<\/strong><br \/>\nP\u00e5 Animo tycker vi att det \u00e4r viktigt att dra v\u00e5rt str\u00e5 till stacken. F\u00f6rutom gott kaffe \u00e4r vitalitet mycket viktigt f\u00f6r Animo, vilket \u00e4r anledningen till att vi sponsrar lokala idrottsf\u00f6reningar f\u00f6r att uppmuntra till sport och en h\u00e4lsosam livsstil. F\u00f6rutom idrottsf\u00f6reningar \u00e4r Animo ocks\u00e5 engagerad i v\u00e4lg\u00f6renhet.<\/p>\n                                                \n                    <\/div>\n                <\/div>\n                                        <div class=\"col-12 col-lg\">\n                    <figure class=\"figure \">\n                        <img decoding=\"async\" width=\"491\" height=\"491\" src=\"https:\/\/animo.eu\/wp-content\/uploads\/2024\/01\/animo-TTrun-header1.jpg\" class=\"img-fluid\" alt=\"\" loading=\"lazy\" srcset=\"https:\/\/animo.eu\/wp-content\/uploads\/2024\/01\/animo-TTrun-header1.jpg 491w, https:\/\/animo.eu\/wp-content\/uploads\/2024\/01\/animo-TTrun-header1-300x300.jpg 300w, https:\/\/animo.eu\/wp-content\/uploads\/2024\/01\/animo-TTrun-header1-150x150.jpg 150w, https:\/\/animo.eu\/wp-content\/uploads\/2024\/01\/animo-TTrun-header1-70x70.jpg 70w, https:\/\/animo.eu\/wp-content\/uploads\/2024\/01\/animo-TTrun-header1-100x100.jpg 100w, https:\/\/animo.eu\/wp-content\/uploads\/2024\/01\/animo-TTrun-header1-350x350.jpg 350w\" sizes=\"(max-width: 491px) 100vw, 491px\" \/>                    <\/figure>\n                <\/div>\n                    <\/div>\n    <\/div>\n<\/section>\n","protected":false},"excerpt":{"rendered":"","protected":false},"author":21,"featured_media":43781,"parent":43619,"menu_order":28,"comment_status":"closed","ping_status":"closed","template":"","meta":{"_acf_changed":false,"footnotes":""},"class_list":["post-43656","page","type-page","status-publish","has-post-thumbnail","hentry"],"acf":[],"yoast_head":"<!-- This site is optimized with the Yoast SEO plugin v25.5 - https:\/\/yoast.com\/wordpress\/plugins\/seo\/ -->\n<title>CSR -<\/title>\n<meta name=\"description\" content=\"CSR - Animo \u00e4r medvetet om den allm\u00e4nna betydelsen av h\u00e5llbart f\u00f6retagande och vill bidra till att fr\u00e4mja CSR i v\u00e4rdekedjan.\" \/>\n<meta name=\"robots\" content=\"index, follow, max-snippet:-1, max-image-preview:large, max-video-preview:-1\" \/>\n<link rel=\"canonical\" href=\"https:\/\/animo.eu\/sv\/om_animo\/csr\/\" \/>\n<meta property=\"og:locale\" content=\"sv_SE\" \/>\n<meta property=\"og:type\" content=\"article\" \/>\n<meta property=\"og:title\" content=\"CSR -\" \/>\n<meta property=\"og:description\" content=\"CSR - Animo \u00e4r medvetet om den allm\u00e4nna betydelsen av h\u00e5llbart f\u00f6retagande och vill bidra till att fr\u00e4mja CSR i v\u00e4rdekedjan.\" \/>\n<meta property=\"og:url\" content=\"https:\/\/animo.eu\/sv\/om_animo\/csr\/\" \/>\n<meta property=\"article:publisher\" content=\"https:\/\/www.facebook.com\/animobv\/\" \/>\n<meta property=\"article:modified_time\" content=\"2024-10-28T08:10:25+00:00\" \/>\n<meta property=\"og:image\" content=\"https:\/\/animo.eu\/wp-content\/uploads\/2024\/01\/Sustainable-globe.jpg\" \/>\n\t<meta property=\"og:image:width\" content=\"491\" \/>\n\t<meta property=\"og:image:height\" content=\"491\" \/>\n\t<meta property=\"og:image:type\" content=\"image\/jpeg\" \/>\n<meta name=\"twitter:card\" content=\"summary_large_image\" \/>\n<meta name=\"twitter:site\" content=\"@animokoffie\" \/>\n<meta name=\"twitter:label1\" content=\"Ber\u00e4knad l\u00e4stid\" \/>\n\t<meta name=\"twitter:data1\" content=\"1 minut\" \/>\n<script type=\"application\/ld+json\" class=\"yoast-schema-graph\">{\"@context\":\"https:\/\/schema.org\",\"@graph\":[{\"@type\":\"WebPage\",\"@id\":\"https:\/\/animo.eu\/sv\/om_animo\/csr\/\",\"url\":\"https:\/\/animo.eu\/sv\/om_animo\/csr\/\",\"name\":\"CSR -\",\"isPartOf\":{\"@id\":\"https:\/\/animo.eu\/sv\/#website\"},\"primaryImageOfPage\":{\"@id\":\"https:\/\/animo.eu\/sv\/om_animo\/csr\/#primaryimage\"},\"image\":{\"@id\":\"https:\/\/animo.eu\/sv\/om_animo\/csr\/#primaryimage\"},\"thumbnailUrl\":\"https:\/\/animo.eu\/wp-content\/uploads\/2024\/01\/Sustainable-globe.jpg\",\"datePublished\":\"2024-01-03T09:28:51+00:00\",\"dateModified\":\"2024-10-28T08:10:25+00:00\",\"description\":\"CSR - Animo \u00e4r medvetet om den allm\u00e4nna betydelsen av h\u00e5llbart f\u00f6retagande och vill bidra till att fr\u00e4mja CSR i v\u00e4rdekedjan.\",\"breadcrumb\":{\"@id\":\"https:\/\/animo.eu\/sv\/om_animo\/csr\/#breadcrumb\"},\"inLanguage\":\"sv-SE\",\"potentialAction\":[{\"@type\":\"ReadAction\",\"target\":[\"https:\/\/animo.eu\/sv\/om_animo\/csr\/\"]}]},{\"@type\":\"ImageObject\",\"inLanguage\":\"sv-SE\",\"@id\":\"https:\/\/animo.eu\/sv\/om_animo\/csr\/#primaryimage\",\"url\":\"https:\/\/animo.eu\/wp-content\/uploads\/2024\/01\/Sustainable-globe.jpg\",\"contentUrl\":\"https:\/\/animo.eu\/wp-content\/uploads\/2024\/01\/Sustainable-globe.jpg\",\"width\":491,\"height\":491,\"caption\":\"Crystal globe putting on moss, ESG icon for Environment Social and Governance, World sustainable environment concept.\"},{\"@type\":\"BreadcrumbList\",\"@id\":\"https:\/\/animo.eu\/sv\/om_animo\/csr\/#breadcrumb\",\"itemListElement\":[{\"@type\":\"ListItem\",\"position\":1,\"name\":\"Home\",\"item\":\"https:\/\/animo.eu\/sv\/\"},{\"@type\":\"ListItem\",\"position\":2,\"name\":\"Om Animo\",\"item\":\"https:\/\/animo.eu\/sv\/om_animo\/\"},{\"@type\":\"ListItem\",\"position\":3,\"name\":\"CSR\"}]},{\"@type\":\"WebSite\",\"@id\":\"https:\/\/animo.eu\/sv\/#website\",\"url\":\"https:\/\/animo.eu\/sv\/\",\"name\":\"\",\"description\":\"\",\"potentialAction\":[{\"@type\":\"SearchAction\",\"target\":{\"@type\":\"EntryPoint\",\"urlTemplate\":\"https:\/\/animo.eu\/sv\/?s={search_term_string}\"},\"query-input\":{\"@type\":\"PropertyValueSpecification\",\"valueRequired\":true,\"valueName\":\"search_term_string\"}}],\"inLanguage\":\"sv-SE\"}]}<\/script>\n<!-- \/ Yoast SEO plugin. -->","yoast_head_json":{"title":"CSR -","description":"CSR - Animo \u00e4r medvetet om den allm\u00e4nna betydelsen av h\u00e5llbart f\u00f6retagande och vill bidra till att fr\u00e4mja CSR i v\u00e4rdekedjan.","robots":{"index":"index","follow":"follow","max-snippet":"max-snippet:-1","max-image-preview":"max-image-preview:large","max-video-preview":"max-video-preview:-1"},"canonical":"https:\/\/animo.eu\/sv\/om_animo\/csr\/","og_locale":"sv_SE","og_type":"article","og_title":"CSR -","og_description":"CSR - Animo \u00e4r medvetet om den allm\u00e4nna betydelsen av h\u00e5llbart f\u00f6retagande och vill bidra till att fr\u00e4mja CSR i v\u00e4rdekedjan.","og_url":"https:\/\/animo.eu\/sv\/om_animo\/csr\/","article_publisher":"https:\/\/www.facebook.com\/animobv\/","article_modified_time":"2024-10-28T08:10:25+00:00","og_image":[{"width":491,"height":491,"url":"https:\/\/animo.eu\/wp-content\/uploads\/2024\/01\/Sustainable-globe.jpg","type":"image\/jpeg"}],"twitter_card":"summary_large_image","twitter_site":"@animokoffie","twitter_misc":{"Ber\u00e4knad l\u00e4stid":"1 minut"},"schema":{"@context":"https:\/\/schema.org","@graph":[{"@type":"WebPage","@id":"https:\/\/animo.eu\/sv\/om_animo\/csr\/","url":"https:\/\/animo.eu\/sv\/om_animo\/csr\/","name":"CSR -","isPartOf":{"@id":"https:\/\/animo.eu\/sv\/#website"},"primaryImageOfPage":{"@id":"https:\/\/animo.eu\/sv\/om_animo\/csr\/#primaryimage"},"image":{"@id":"https:\/\/animo.eu\/sv\/om_animo\/csr\/#primaryimage"},"thumbnailUrl":"https:\/\/animo.eu\/wp-content\/uploads\/2024\/01\/Sustainable-globe.jpg","datePublished":"2024-01-03T09:28:51+00:00","dateModified":"2024-10-28T08:10:25+00:00","description":"CSR - Animo \u00e4r medvetet om den allm\u00e4nna betydelsen av h\u00e5llbart f\u00f6retagande och vill bidra till att fr\u00e4mja CSR i v\u00e4rdekedjan.","breadcrumb":{"@id":"https:\/\/animo.eu\/sv\/om_animo\/csr\/#breadcrumb"},"inLanguage":"sv-SE","potentialAction":[{"@type":"ReadAction","target":["https:\/\/animo.eu\/sv\/om_animo\/csr\/"]}]},{"@type":"ImageObject","inLanguage":"sv-SE","@id":"https:\/\/animo.eu\/sv\/om_animo\/csr\/#primaryimage","url":"https:\/\/animo.eu\/wp-content\/uploads\/2024\/01\/Sustainable-globe.jpg","contentUrl":"https:\/\/animo.eu\/wp-content\/uploads\/2024\/01\/Sustainable-globe.jpg","width":491,"height":491,"caption":"Crystal globe putting on moss, ESG icon for Environment Social and Governance, World sustainable environment concept."},{"@type":"BreadcrumbList","@id":"https:\/\/animo.eu\/sv\/om_animo\/csr\/#breadcrumb","itemListElement":[{"@type":"ListItem","position":1,"name":"Home","item":"https:\/\/animo.eu\/sv\/"},{"@type":"ListItem","position":2,"name":"Om Animo","item":"https:\/\/animo.eu\/sv\/om_animo\/"},{"@type":"ListItem","position":3,"name":"CSR"}]},{"@type":"WebSite","@id":"https:\/\/animo.eu\/sv\/#website","url":"https:\/\/animo.eu\/sv\/","name":"","description":"","potentialAction":[{"@type":"SearchAction","target":{"@type":"EntryPoint","urlTemplate":"https:\/\/animo.eu\/sv\/?s={search_term_string}"},"query-input":{"@type":"PropertyValueSpecification","valueRequired":true,"valueName":"search_term_string"}}],"inLanguage":"sv-SE"}]}},"_links":{"self":[{"href":"https:\/\/animo.eu\/sv\/wp-json\/wp\/v2\/pages\/43656"}],"collection":[{"href":"https:\/\/animo.eu\/sv\/wp-json\/wp\/v2\/pages"}],"about":[{"href":"https:\/\/animo.eu\/sv\/wp-json\/wp\/v2\/types\/page"}],"author":[{"embeddable":true,"href":"https:\/\/animo.eu\/sv\/wp-json\/wp\/v2\/users\/21"}],"replies":[{"embeddable":true,"href":"https:\/\/animo.eu\/sv\/wp-json\/wp\/v2\/comments?post=43656"}],"version-history":[{"count":8,"href":"https:\/\/animo.eu\/sv\/wp-json\/wp\/v2\/pages\/43656\/revisions"}],"predecessor-version":[{"id":74875,"href":"https:\/\/animo.eu\/sv\/wp-json\/wp\/v2\/pages\/43656\/revisions\/74875"}],"up":[{"embeddable":true,"href":"https:\/\/animo.eu\/sv\/wp-json\/wp\/v2\/pages\/43619"}],"wp:featuredmedia":[{"embeddable":true,"href":"https:\/\/animo.eu\/sv\/wp-json\/wp\/v2\/media\/43781"}],"wp:attachment":[{"href":"https:\/\/animo.eu\/sv\/wp-json\/wp\/v2\/media?parent=43656"}],"curies":[{"name":"wp","href":"https:\/\/api.w.org\/{rel}","templated":true}]}}