{"id":44204,"date":"2024-01-04T10:09:18","date_gmt":"2024-01-04T09:09:18","guid":{"rendered":"https:\/\/animo.eu\/?page_id=44204"},"modified":"2024-01-17T12:49:46","modified_gmt":"2024-01-17T11:49:46","slug":"varfor-valja-animo","status":"publish","type":"page","link":"https:\/\/animo.eu\/sv\/om_animo\/varfor-valja-animo\/","title":{"rendered":"Varf\u00f6r v\u00e4lja Animo"},"content":{"rendered":"\n<section class=\"hero\">\n    <div class=\"hero__background\">\n                                    <img fetchpriority=\"high\" decoding=\"async\" width=\"2560\" height=\"1707\" src=\"https:\/\/animo.eu\/wp-content\/uploads\/2024\/01\/OptibeanX_627-scaled.jpg\" class=\"hero__image img-fluid\" alt=\"Man in een witte blouse bedient een luxe Animo koffiemachine met een digitaal touchscreen, tegen een donkerblauwe achtergrond. Op het scherm staan verschillende koffiekeuzes. Op de afbeelding staat de tekst: &#039;Een sterke samenwerking, gebouwd op kwaliteit en betrouwbaarheid&#039;\" loading=\"eager\" srcset=\"https:\/\/animo.eu\/wp-content\/uploads\/2024\/01\/OptibeanX_627-scaled.jpg 2560w, https:\/\/animo.eu\/wp-content\/uploads\/2024\/01\/OptibeanX_627-300x200.jpg 300w, https:\/\/animo.eu\/wp-content\/uploads\/2024\/01\/OptibeanX_627-1024x683.jpg 1024w, https:\/\/animo.eu\/wp-content\/uploads\/2024\/01\/OptibeanX_627-768x512.jpg 768w, https:\/\/animo.eu\/wp-content\/uploads\/2024\/01\/OptibeanX_627-1536x1024.jpg 1536w, https:\/\/animo.eu\/wp-content\/uploads\/2024\/01\/OptibeanX_627-2048x1366.jpg 2048w, https:\/\/animo.eu\/wp-content\/uploads\/2024\/01\/OptibeanX_627-70x47.jpg 70w, https:\/\/animo.eu\/wp-content\/uploads\/2024\/01\/OptibeanX_627-550x367.jpg 550w, https:\/\/animo.eu\/wp-content\/uploads\/2024\/01\/OptibeanX_627-800x534.jpg 800w, https:\/\/animo.eu\/wp-content\/uploads\/2024\/01\/OptibeanX_627-150x100.jpg 150w\" sizes=\"(max-width: 2560px) 100vw, 2560px\" \/>                                <\/div>    \n            <div class=\"hero__content\">\n            <div class=\"container\">\n                <div class=\"row\">                    <div class=\"col-12 col-lg-9 col-xl-8\">                        <div class=\"hero__text \">\n                            <h1>Varf\u00f6r \u00e4r det b\u00e4st att v\u00e4lja Animo?<\/h1>\n                        <\/div>\n                                                \n                    <\/div>\n                <\/div>\n            <\/div>\n        <\/div>\n        <div class=\"hero__scroll\">\n        <span>Rulla<\/span>\n        <svg class=\"icon icon--20 text-secondary\">\n            <use xlink:href=\"https:\/\/animo.eu\/wp-content\/themes\/animo\/build\/img\/symbols.svg#arrow-down\"><\/use>\n        <\/svg>      \n    <\/div>\n<\/section>\n\n<section  class=\"pane pane--white \">\n    <div class=\"container\">\n        <div class=\"row justify-content-end\">\n            <div class=\"col-12 col-xl-11 offset-xl-1\">\n                <div class=\"row g-4 g-lg-8 g-xl-15 \">\n                                                                <div class=\"col-12 col-lg-7\">\n                            <ul class=\"list list--usp\">\n                                                                    <li class=\"list__item\">\n                                        <div class=\"row g-4\">\n                                            <div class=\"col-auto\">\n                                                <svg class=\"icon icon--10\">\n                                                    <use xlink:href=\"https:\/\/animo.eu\/wp-content\/themes\/animo\/build\/img\/symbols.svg#plus\"><\/use>\n                                                <\/svg>\n                                            <\/div>\n                                            <div class=\"col\">\n                                                <span>Vi har tillverkat f\u00f6rstklassig kaffeutrustning sedan 1950<\/span>\n                                            <\/div>\n                                        <\/div>\n                                    <\/li>\n                                                                    <li class=\"list__item\">\n                                        <div class=\"row g-4\">\n                                            <div class=\"col-auto\">\n                                                <svg class=\"icon icon--10\">\n                                                    <use xlink:href=\"https:\/\/animo.eu\/wp-content\/themes\/animo\/build\/img\/symbols.svg#plus\"><\/use>\n                                                <\/svg>\n                                            <\/div>\n                                            <div class=\"col\">\n                                                <span>V\u00e5ra produkter konstrueras och tillverkas p\u00e5 Animos huvudkontor i Assen, Nederl\u00e4nderna<\/span>\n                                            <\/div>\n                                        <\/div>\n                                    <\/li>\n                                                                    <li class=\"list__item\">\n                                        <div class=\"row g-4\">\n                                            <div class=\"col-auto\">\n                                                <svg class=\"icon icon--10\">\n                                                    <use xlink:href=\"https:\/\/animo.eu\/wp-content\/themes\/animo\/build\/img\/symbols.svg#plus\"><\/use>\n                                                <\/svg>\n                                            <\/div>\n                                            <div class=\"col\">\n                                                <span>V\u00e5ra maskiner kr\u00e4ver lite underh\u00e5ll och har mycket f\u00e5 driftst\u00f6rningar<\/span>\n                                            <\/div>\n                                        <\/div>\n                                    <\/li>\n                                                                    <li class=\"list__item\">\n                                        <div class=\"row g-4\">\n                                            <div class=\"col-auto\">\n                                                <svg class=\"icon icon--10\">\n                                                    <use xlink:href=\"https:\/\/animo.eu\/wp-content\/themes\/animo\/build\/img\/symbols.svg#plus\"><\/use>\n                                                <\/svg>\n                                            <\/div>\n                                            <div class=\"col\">\n                                                <span>Animo-maskiner h\u00e5ller l\u00e4nge<\/span>\n                                            <\/div>\n                                        <\/div>\n                                    <\/li>\n                                                                    <li class=\"list__item\">\n                                        <div class=\"row g-4\">\n                                            <div class=\"col-auto\">\n                                                <svg class=\"icon icon--10\">\n                                                    <use xlink:href=\"https:\/\/animo.eu\/wp-content\/themes\/animo\/build\/img\/symbols.svg#plus\"><\/use>\n                                                <\/svg>\n                                            <\/div>\n                                            <div class=\"col\">\n                                                <span>V\u00e5ra produkter \u00e4r enkla att underh\u00e5lla och anv\u00e4nda<\/span>\n                                            <\/div>\n                                        <\/div>\n                                    <\/li>\n                                                                    <li class=\"list__item\">\n                                        <div class=\"row g-4\">\n                                            <div class=\"col-auto\">\n                                                <svg class=\"icon icon--10\">\n                                                    <use xlink:href=\"https:\/\/animo.eu\/wp-content\/themes\/animo\/build\/img\/symbols.svg#plus\"><\/use>\n                                                <\/svg>\n                                            <\/div>\n                                            <div class=\"col\">\n                                                <span>Prisbel\u00f6nt design<\/span>\n                                            <\/div>\n                                        <\/div>\n                                    <\/li>\n                                                                    <li class=\"list__item\">\n                                        <div class=\"row g-4\">\n                                            <div class=\"col-auto\">\n                                                <svg class=\"icon icon--10\">\n                                                    <use xlink:href=\"https:\/\/animo.eu\/wp-content\/themes\/animo\/build\/img\/symbols.svg#plus\"><\/use>\n                                                <\/svg>\n                                            <\/div>\n                                            <div class=\"col\">\n                                                <span>Maskiner tillverkade av h\u00f6gkvalitativa och h\u00e5llbara material, grunden f\u00f6r v\u00e5ra maskiner \u00e4r rostfritt st\u00e5l, som \u00e4r 100% \u00e5tervinningsbart<\/span>\n                                            <\/div>\n                                        <\/div>\n                                    <\/li>\n                                                                    <li class=\"list__item\">\n                                        <div class=\"row g-4\">\n                                            <div class=\"col-auto\">\n                                                <svg class=\"icon icon--10\">\n                                                    <use xlink:href=\"https:\/\/animo.eu\/wp-content\/themes\/animo\/build\/img\/symbols.svg#plus\"><\/use>\n                                                <\/svg>\n                                            <\/div>\n                                            <div class=\"col\">\n                                                <span>M\u00e5nga maskiner har praktiska animerade reng\u00f6ringsinstruktioner<\/span>\n                                            <\/div>\n                                        <\/div>\n                                    <\/li>\n                                                                    <li class=\"list__item\">\n                                        <div class=\"row g-4\">\n                                            <div class=\"col-auto\">\n                                                <svg class=\"icon icon--10\">\n                                                    <use xlink:href=\"https:\/\/animo.eu\/wp-content\/themes\/animo\/build\/img\/symbols.svg#plus\"><\/use>\n                                                <\/svg>\n                                            <\/div>\n                                            <div class=\"col\">\n                                                <span>H\u00f6g kundn\u00f6jdhet med b\u00e4sta valuta f\u00f6r pengarna<\/span>\n                                            <\/div>\n                                        <\/div>\n                                    <\/li>\n                                                                    <li class=\"list__item\">\n                                        <div class=\"row g-4\">\n                                            <div class=\"col-auto\">\n                                                <svg class=\"icon icon--10\">\n                                                    <use xlink:href=\"https:\/\/animo.eu\/wp-content\/themes\/animo\/build\/img\/symbols.svg#plus\"><\/use>\n                                                <\/svg>\n                                            <\/div>\n                                            <div class=\"col\">\n                                                <span>Animo erbjuder snabb leverans och utm\u00e4rkt service<\/span>\n                                            <\/div>\n                                        <\/div>\n                                    <\/li>\n                                                                    <li class=\"list__item\">\n                                        <div class=\"row g-4\">\n                                            <div class=\"col-auto\">\n                                                <svg class=\"icon icon--10\">\n                                                    <use xlink:href=\"https:\/\/animo.eu\/wp-content\/themes\/animo\/build\/img\/symbols.svg#plus\"><\/use>\n                                                <\/svg>\n                                            <\/div>\n                                            <div class=\"col\">\n                                                <span>Alltid sakkunnig r\u00e5dgivning, hos Animo \u00e4r du inte ett nummer<\/span>\n                                            <\/div>\n                                        <\/div>\n                                    <\/li>\n                                                            <\/ul>\n                        <\/div>\n                                    <\/div>\n            <\/div>\n        <\/div>\n    <\/div>\n<\/section>\n","protected":false},"excerpt":{"rendered":"","protected":false},"author":21,"featured_media":44245,"parent":43619,"menu_order":20,"comment_status":"closed","ping_status":"closed","template":"","meta":{"_acf_changed":false,"footnotes":""},"class_list":["post-44204","page","type-page","status-publish","has-post-thumbnail","hentry"],"acf":[],"yoast_head":"<!-- This site is optimized with the Yoast SEO plugin v25.5 - https:\/\/yoast.com\/wordpress\/plugins\/seo\/ -->\n<title>Varf\u00f6r v\u00e4lja Animo -<\/title>\n<meta name=\"description\" content=\"Varf\u00f6r v\u00e4lja Animo - Vi \u00e4r ett modernt f\u00f6retag som g\u00e5r i takt med tiden, b\u00e5de n\u00e4r det g\u00e4ller innovation, produktutveckling och kundanpassning, och n\u00e4r det g\u00e4ller tidsanda, uppfattningar och konsumentbehov.\" \/>\n<meta name=\"robots\" content=\"index, follow, max-snippet:-1, max-image-preview:large, max-video-preview:-1\" \/>\n<link rel=\"canonical\" href=\"https:\/\/animo.eu\/sv\/om_animo\/varfor-valja-animo\/\" \/>\n<meta property=\"og:locale\" content=\"sv_SE\" \/>\n<meta property=\"og:type\" content=\"article\" \/>\n<meta property=\"og:title\" content=\"Varf\u00f6r v\u00e4lja Animo -\" \/>\n<meta property=\"og:description\" content=\"Varf\u00f6r v\u00e4lja Animo - Vi \u00e4r ett modernt f\u00f6retag som g\u00e5r i takt med tiden, b\u00e5de n\u00e4r det g\u00e4ller innovation, produktutveckling och kundanpassning, och n\u00e4r det g\u00e4ller tidsanda, uppfattningar och konsumentbehov.\" \/>\n<meta property=\"og:url\" content=\"https:\/\/animo.eu\/sv\/om_animo\/varfor-valja-animo\/\" \/>\n<meta property=\"article:publisher\" content=\"https:\/\/www.facebook.com\/animobv\/\" \/>\n<meta property=\"article:modified_time\" content=\"2024-01-17T11:49:46+00:00\" \/>\n<meta property=\"og:image\" content=\"https:\/\/animo.eu\/wp-content\/uploads\/2024\/01\/Alle-MVO-images-vierkant.jpg\" \/>\n\t<meta property=\"og:image:width\" content=\"491\" \/>\n\t<meta property=\"og:image:height\" content=\"491\" \/>\n\t<meta property=\"og:image:type\" content=\"image\/jpeg\" \/>\n<meta name=\"twitter:card\" content=\"summary_large_image\" \/>\n<meta name=\"twitter:site\" content=\"@animokoffie\" \/>\n<meta name=\"twitter:label1\" content=\"Ber\u00e4knad l\u00e4stid\" \/>\n\t<meta name=\"twitter:data1\" content=\"1 minut\" \/>\n<script type=\"application\/ld+json\" class=\"yoast-schema-graph\">{\"@context\":\"https:\/\/schema.org\",\"@graph\":[{\"@type\":\"WebPage\",\"@id\":\"https:\/\/animo.eu\/sv\/om_animo\/varfor-valja-animo\/\",\"url\":\"https:\/\/animo.eu\/sv\/om_animo\/varfor-valja-animo\/\",\"name\":\"Varf\u00f6r v\u00e4lja Animo -\",\"isPartOf\":{\"@id\":\"https:\/\/animo.eu\/sv\/#website\"},\"primaryImageOfPage\":{\"@id\":\"https:\/\/animo.eu\/sv\/om_animo\/varfor-valja-animo\/#primaryimage\"},\"image\":{\"@id\":\"https:\/\/animo.eu\/sv\/om_animo\/varfor-valja-animo\/#primaryimage\"},\"thumbnailUrl\":\"https:\/\/animo.eu\/wp-content\/uploads\/2024\/01\/Alle-MVO-images-vierkant.jpg\",\"datePublished\":\"2024-01-04T09:09:18+00:00\",\"dateModified\":\"2024-01-17T11:49:46+00:00\",\"description\":\"Varf\u00f6r v\u00e4lja Animo - Vi \u00e4r ett modernt f\u00f6retag som g\u00e5r i takt med tiden, b\u00e5de n\u00e4r det g\u00e4ller innovation, produktutveckling och kundanpassning, och n\u00e4r det g\u00e4ller tidsanda, uppfattningar och konsumentbehov.\",\"breadcrumb\":{\"@id\":\"https:\/\/animo.eu\/sv\/om_animo\/varfor-valja-animo\/#breadcrumb\"},\"inLanguage\":\"sv-SE\",\"potentialAction\":[{\"@type\":\"ReadAction\",\"target\":[\"https:\/\/animo.eu\/sv\/om_animo\/varfor-valja-animo\/\"]}]},{\"@type\":\"ImageObject\",\"inLanguage\":\"sv-SE\",\"@id\":\"https:\/\/animo.eu\/sv\/om_animo\/varfor-valja-animo\/#primaryimage\",\"url\":\"https:\/\/animo.eu\/wp-content\/uploads\/2024\/01\/Alle-MVO-images-vierkant.jpg\",\"contentUrl\":\"https:\/\/animo.eu\/wp-content\/uploads\/2024\/01\/Alle-MVO-images-vierkant.jpg\",\"width\":491,\"height\":491},{\"@type\":\"BreadcrumbList\",\"@id\":\"https:\/\/animo.eu\/sv\/om_animo\/varfor-valja-animo\/#breadcrumb\",\"itemListElement\":[{\"@type\":\"ListItem\",\"position\":1,\"name\":\"Home\",\"item\":\"https:\/\/animo.eu\/sv\/\"},{\"@type\":\"ListItem\",\"position\":2,\"name\":\"Om Animo\",\"item\":\"https:\/\/animo.eu\/sv\/om_animo\/\"},{\"@type\":\"ListItem\",\"position\":3,\"name\":\"Varf\u00f6r v\u00e4lja Animo\"}]},{\"@type\":\"WebSite\",\"@id\":\"https:\/\/animo.eu\/sv\/#website\",\"url\":\"https:\/\/animo.eu\/sv\/\",\"name\":\"\",\"description\":\"\",\"potentialAction\":[{\"@type\":\"SearchAction\",\"target\":{\"@type\":\"EntryPoint\",\"urlTemplate\":\"https:\/\/animo.eu\/sv\/?s={search_term_string}\"},\"query-input\":{\"@type\":\"PropertyValueSpecification\",\"valueRequired\":true,\"valueName\":\"search_term_string\"}}],\"inLanguage\":\"sv-SE\"}]}<\/script>\n<!-- \/ Yoast SEO plugin. -->","yoast_head_json":{"title":"Varf\u00f6r v\u00e4lja Animo -","description":"Varf\u00f6r v\u00e4lja Animo - Vi \u00e4r ett modernt f\u00f6retag som g\u00e5r i takt med tiden, b\u00e5de n\u00e4r det g\u00e4ller innovation, produktutveckling och kundanpassning, och n\u00e4r det g\u00e4ller tidsanda, uppfattningar och konsumentbehov.","robots":{"index":"index","follow":"follow","max-snippet":"max-snippet:-1","max-image-preview":"max-image-preview:large","max-video-preview":"max-video-preview:-1"},"canonical":"https:\/\/animo.eu\/sv\/om_animo\/varfor-valja-animo\/","og_locale":"sv_SE","og_type":"article","og_title":"Varf\u00f6r v\u00e4lja Animo -","og_description":"Varf\u00f6r v\u00e4lja Animo - Vi \u00e4r ett modernt f\u00f6retag som g\u00e5r i takt med tiden, b\u00e5de n\u00e4r det g\u00e4ller innovation, produktutveckling och kundanpassning, och n\u00e4r det g\u00e4ller tidsanda, uppfattningar och konsumentbehov.","og_url":"https:\/\/animo.eu\/sv\/om_animo\/varfor-valja-animo\/","article_publisher":"https:\/\/www.facebook.com\/animobv\/","article_modified_time":"2024-01-17T11:49:46+00:00","og_image":[{"width":491,"height":491,"url":"https:\/\/animo.eu\/wp-content\/uploads\/2024\/01\/Alle-MVO-images-vierkant.jpg","type":"image\/jpeg"}],"twitter_card":"summary_large_image","twitter_site":"@animokoffie","twitter_misc":{"Ber\u00e4knad l\u00e4stid":"1 minut"},"schema":{"@context":"https:\/\/schema.org","@graph":[{"@type":"WebPage","@id":"https:\/\/animo.eu\/sv\/om_animo\/varfor-valja-animo\/","url":"https:\/\/animo.eu\/sv\/om_animo\/varfor-valja-animo\/","name":"Varf\u00f6r v\u00e4lja Animo -","isPartOf":{"@id":"https:\/\/animo.eu\/sv\/#website"},"primaryImageOfPage":{"@id":"https:\/\/animo.eu\/sv\/om_animo\/varfor-valja-animo\/#primaryimage"},"image":{"@id":"https:\/\/animo.eu\/sv\/om_animo\/varfor-valja-animo\/#primaryimage"},"thumbnailUrl":"https:\/\/animo.eu\/wp-content\/uploads\/2024\/01\/Alle-MVO-images-vierkant.jpg","datePublished":"2024-01-04T09:09:18+00:00","dateModified":"2024-01-17T11:49:46+00:00","description":"Varf\u00f6r v\u00e4lja Animo - Vi \u00e4r ett modernt f\u00f6retag som g\u00e5r i takt med tiden, b\u00e5de n\u00e4r det g\u00e4ller innovation, produktutveckling och kundanpassning, och n\u00e4r det g\u00e4ller tidsanda, uppfattningar och konsumentbehov.","breadcrumb":{"@id":"https:\/\/animo.eu\/sv\/om_animo\/varfor-valja-animo\/#breadcrumb"},"inLanguage":"sv-SE","potentialAction":[{"@type":"ReadAction","target":["https:\/\/animo.eu\/sv\/om_animo\/varfor-valja-animo\/"]}]},{"@type":"ImageObject","inLanguage":"sv-SE","@id":"https:\/\/animo.eu\/sv\/om_animo\/varfor-valja-animo\/#primaryimage","url":"https:\/\/animo.eu\/wp-content\/uploads\/2024\/01\/Alle-MVO-images-vierkant.jpg","contentUrl":"https:\/\/animo.eu\/wp-content\/uploads\/2024\/01\/Alle-MVO-images-vierkant.jpg","width":491,"height":491},{"@type":"BreadcrumbList","@id":"https:\/\/animo.eu\/sv\/om_animo\/varfor-valja-animo\/#breadcrumb","itemListElement":[{"@type":"ListItem","position":1,"name":"Home","item":"https:\/\/animo.eu\/sv\/"},{"@type":"ListItem","position":2,"name":"Om Animo","item":"https:\/\/animo.eu\/sv\/om_animo\/"},{"@type":"ListItem","position":3,"name":"Varf\u00f6r v\u00e4lja Animo"}]},{"@type":"WebSite","@id":"https:\/\/animo.eu\/sv\/#website","url":"https:\/\/animo.eu\/sv\/","name":"","description":"","potentialAction":[{"@type":"SearchAction","target":{"@type":"EntryPoint","urlTemplate":"https:\/\/animo.eu\/sv\/?s={search_term_string}"},"query-input":{"@type":"PropertyValueSpecification","valueRequired":true,"valueName":"search_term_string"}}],"inLanguage":"sv-SE"}]}},"_links":{"self":[{"href":"https:\/\/animo.eu\/sv\/wp-json\/wp\/v2\/pages\/44204"}],"collection":[{"href":"https:\/\/animo.eu\/sv\/wp-json\/wp\/v2\/pages"}],"about":[{"href":"https:\/\/animo.eu\/sv\/wp-json\/wp\/v2\/types\/page"}],"author":[{"embeddable":true,"href":"https:\/\/animo.eu\/sv\/wp-json\/wp\/v2\/users\/21"}],"replies":[{"embeddable":true,"href":"https:\/\/animo.eu\/sv\/wp-json\/wp\/v2\/comments?post=44204"}],"version-history":[{"count":3,"href":"https:\/\/animo.eu\/sv\/wp-json\/wp\/v2\/pages\/44204\/revisions"}],"predecessor-version":[{"id":44269,"href":"https:\/\/animo.eu\/sv\/wp-json\/wp\/v2\/pages\/44204\/revisions\/44269"}],"up":[{"embeddable":true,"href":"https:\/\/animo.eu\/sv\/wp-json\/wp\/v2\/pages\/43619"}],"wp:featuredmedia":[{"embeddable":true,"href":"https:\/\/animo.eu\/sv\/wp-json\/wp\/v2\/media\/44245"}],"wp:attachment":[{"href":"https:\/\/animo.eu\/sv\/wp-json\/wp\/v2\/media?parent=44204"}],"curies":[{"name":"wp","href":"https:\/\/api.w.org\/{rel}","templated":true}]}}