{"id":44279,"date":"2023-03-09T13:45:33","date_gmt":"2023-03-09T12:45:33","guid":{"rendered":"https:\/\/animo.eu\/allmanna-leveransvillkor\/"},"modified":"2024-01-05T16:30:40","modified_gmt":"2024-01-05T15:30:40","slug":"allmanna-leveransvillkor","status":"publish","type":"page","link":"https:\/\/animo.eu\/sv\/allmanna-leveransvillkor\/","title":{"rendered":"Allm\u00e4nna leveransvillkor"},"content":{"rendered":"\n<section  class=\"pane pane--white \">\n    <div class=\"container\">\n        <div class=\"row g-4 g-lg-8 g-xl-15 justify-content-center\">\n                                                <div class=\"col-12 col-lg-6\">\n                        <div class=\"pane__text\">\n                            <h1>Allm\u00e4nna leverans- och betalningsvillkor Animo B.V.<\/h1>\n<p><strong>F\u00f6r generella leverans- och betalningsvillkor f\u00f6r Animo Belgium BV, se <a class=\"uk-button uk-button-black\" href=\"https:\/\/animo.eu\/algemene-voorwaarden\/algemene-leveringsvoorwaarden-animo-belgium-bv\/\">H\u00c4R<\/a><\/strong><\/p>\n<ol>\n<li><strong>Allm\u00e4nt<\/strong><br \/>\nF\u00f6ljande inneh\u00e5ller de allm\u00e4nna leverans- och betalningsvillkoren f\u00f6r Animo B.V., nedan kallad &#8221;s\u00e4ljaren&#8221;. Kunden, k\u00f6paren, ben\u00e4mns nedan alltid &#8221;k\u00f6paren&#8221;.<\/li>\n<li><strong>Till\u00e4mplighet<\/strong><br \/>\n2.1 Dessa allm\u00e4nna villkor g\u00e4ller f\u00f6r alla erbjudanden och avtal fr\u00e5n s\u00e4ljaren.<br \/>\n2.2 Endast dessa allm\u00e4nna villkor g\u00e4ller f\u00f6r alla erbjudanden och avtal fr\u00e5n s\u00e4ljaren. K\u00f6parens ink\u00f6psvillkor avvisas uttryckligen och g\u00e4ller inte om de inte uttryckligen accepteras av s\u00e4ljaren skriftligen.<\/li>\n<li><strong>Erbjudande och accept<\/strong><br \/>\n3.1 Alla erbjudanden fr\u00e5n s\u00e4ljaren \u00e4r utan f\u00f6rpliktelse. Ett k\u00f6peavtal skall anses ha ing\u00e5tts vid den tidpunkt d\u00e5 s\u00e4ljaren skriftligen har bekr\u00e4ftat ordern eller d\u00e5 s\u00e4ljaren har p\u00e5b\u00f6rjat utf\u00f6randet av ordern.<br \/>\n3.2 Om k\u00f6paren inte protesterar mot inneh\u00e5llet i orderbekr\u00e4ftelsen inom 24 timmar efter mottagandet, anses k\u00f6paren ha accepterat den<br \/>\n3.3 Avtal som avviker fr\u00e5n ovanst\u00e5ende leverans- och betalningsvillkor och som tr\u00e4ffats med\/eller av anst\u00e4llda hos k\u00f6paren \u00e4r bindande endast om de skriftligen bekr\u00e4ftats av s\u00e4ljarens direkt\u00f6r.<\/li>\n<li><strong>Leveranstider<\/strong><br \/>\nAngivna leveranstider \u00e4r aldrig att betrakta som tidsfrister, s\u00e5vida inte annat uttryckligen avtalats skriftligen. Vid f\u00f6rsenad leverans skall s\u00e4ljaren skriftligen underr\u00e4ttas om dr\u00f6jsm\u00e5let.<\/li>\n<li><strong>Leverans och risk<\/strong><br \/>\n5.1 Leverans ska ske till k\u00f6parens bostad\/f\u00f6retag om inte annat avtalats.<br \/>\n5.2 Best\u00e4llningar \u00f6ver EUR 300,- nettofakturav\u00e4rde exklusive moms levereras fraktfritt; f\u00f6r best\u00e4llningar under EUR 300,- nettofakturav\u00e4rde exklusive moms ska transportkostnaderna b\u00e4ras av k\u00f6paren. En extra avgift p\u00e5 15 EUR debiteras alltid f\u00f6r express-, express- och paketf\u00f6rs\u00e4ndelser.<br \/>\n5.3 Transport av varorna skall i princip ske p\u00e5 s\u00e4ljarens risk. S\u00e4ljarens ansvar skall alltid begr\u00e4nsas till den t\u00e4ckning\/ers\u00e4ttning som s\u00e4ljaren erh\u00e5ller fr\u00e5n relevanta transportf\u00f6rs\u00e4kringsgivare.<br \/>\n5.4 Leveranstidpunkten \u00e4r den tidpunkt d\u00e5 godset lossas\/utlastas (den faktiska \u00f6verl\u00e5telsen). Risken f\u00f6r varan \u00f6verg\u00e5r d\u00e5 till k\u00f6paren.<\/li>\n<li><strong>Godk\u00e4nnande<\/strong><br \/>\n6.1 K\u00f6paren \u00e4r alltid skyldig att ta emot de best\u00e4llda varorna och i h\u00e4ndelse av v\u00e4gran ska risken och kostnaderna f\u00f6r returfrakt, lagring och\/eller andra n\u00f6dv\u00e4ndiga kostnader b\u00e4ras av k\u00f6paren.<br \/>\n6.2 N\u00e4r k\u00f6paren har v\u00e4grat att ta emot varorna en g\u00e5ng f\u00e5r s\u00e4ljaren, innan en andra leverans sker, kr\u00e4va att k\u00f6paren betalar k\u00f6peskillingen med alla f\u00f6rfallna kostnader, inklusive r\u00e4ttsliga och utomr\u00e4ttsliga inkassokostnader.<br \/>\n6.3 Om s\u00e4ljaren p\u00e5 grund av omst\u00e4ndigheter som beskrivs i denna artikel genomf\u00f6r en andra leverans, skall transporten av varorna ske p\u00e5 k\u00f6parens bekostnad och risk.<\/li>\n<li><strong>Force majeure<\/strong><br \/>\n7.1 Of\u00f6rutsedda omst\u00e4ndigheter som sk\u00e4ligen f\u00f6rsv\u00e5rar leverans eller leverans i r\u00e4tt tid av godset skall ge s\u00e4ljaren r\u00e4tt att h\u00e4va avtalet helt eller delvis, eller att f\u00f6rl\u00e4nga leveranstiden efter omst\u00e4ndigheterna med h\u00f6gst 6 m\u00e5nader utan att det p\u00e5verkar r\u00e4tten att h\u00e4va enligt ovan vid en senare tidpunkt under denna period. K\u00f6paren har inte r\u00e4tt till ers\u00e4ttning och\/eller h\u00e4vning i h\u00e4ndelse av force majeure.<br \/>\n7.2 Of\u00f6rutsedda omst\u00e4ndigheter som avses i 7.1 innefattar bland annat<br \/>\na. krig eller uppror;<br \/>\nb. ej (i r\u00e4tt tid) eller felaktigt mottagande av delar eller artiklar fr\u00e5n s\u00e4ljarens leverant\u00f6rer;<br \/>\nc. brand;<br \/>\nd. Maskinfel;<br \/>\ne. strejk;<br \/>\noch vidare alla omst\u00e4ndigheter utan s\u00e4ljarens f\u00f6rskyllan, som rimligen hindrar leverans eller leverans i r\u00e4tt tid av varorna.<\/li>\n<li><strong>Priser<\/strong><br \/>\n8.1 Alla priser \u00e4r exklusive moms och eventuell avfallshanteringsavgift.<br \/>\nI priserna ing\u00e5r inte kostnader f\u00f6r placering och installation av varorna samt de transportkostnader som avses i artikel 5.2 i dessa villkor.<br \/>\n8.2 De offerter som s\u00e4ljaren l\u00e4mnar \u00e4r utan f\u00f6rpliktelse. S\u00e4ljaren kan avvika fr\u00e5n priserna i s\u00e4ljarens prislista utan f\u00f6reg\u00e5ende meddelande.<\/li>\n<li><strong>Klagom\u00e5l<\/strong><br \/>\n9.1 Om de levererade varorna inte \u00f6verensst\u00e4mmer med avtalet \u00e4r k\u00f6paren skyldig att skriftligen meddela s\u00e4ljaren detta inom \u00e5tta dagar efter mottagandet av varorna och noggrant ange arten av och sk\u00e4len till klagom\u00e5len samt artikelnumren f\u00f6r de ber\u00f6rda maskinerna\/delarna. Efter periodens utg\u00e5ng skall k\u00f6paren anses ha accepterat och godk\u00e4nt de levererade varorna.<br \/>\n9.2 Om de levererade varorna tas tillbaka av s\u00e4ljaren debiteras administrations- och hanteringskostnader, vilka fastst\u00e4lls till 10 % av nettofakturav\u00e4rdet med ett minimum p\u00e5 15 EUR. Om k\u00f6paren redan har betalat k\u00f6peskillingen kommer ovann\u00e4mnda administrations- och hanteringsavgifter att dras av fr\u00e5n k\u00f6peskillingen.<br \/>\n9.3 Retur av levererade varor, oavsett orsak, kan endast ske fraktfritt om varorna \u00e4r oanv\u00e4nda och oskadade och S\u00e4ljaren uttryckligen har godk\u00e4nt att returnera varorna genom att tilldela ett &#8221;Return With Authorisation Number&#8221;.<br \/>\n9.4 Varor som returneras till s\u00e4ljaren i strid med best\u00e4mmelserna i punkt 9.3 eller utan angivande av &#8221;Return With Authorisation Number&#8221; kommer att avvisas och returneras p\u00e5 k\u00f6parens bekostnad.<br \/>\n9.5 Best\u00e4mmelserna i denna artikel p\u00e5verkar inte k\u00f6parens r\u00e4ttigheter enligt lag i h\u00e4ndelse av dolda fel i de levererade varorna. K\u00f6paren \u00e4r skyldig att skriftligen anm\u00e4la dolda fel till s\u00e4ljaren s\u00e5 snart som m\u00f6jligt, men under alla omst\u00e4ndigheter inom \u00e5tta dagar fr\u00e5n det att han fick k\u00e4nnedom om dem.<\/li>\n<li><strong>Garanti<\/strong><br \/>\n10.1 S\u00e4ljaren garanterar elektriska och mekaniska delar p\u00e5 terminalutrustning som tillverkats under Animo-m\u00e4rket i 24 m\u00e5nader fr\u00e5n leveransdatumet. F\u00f6r alla andra delar och artiklar som inte tillverkas av Animo, som t.ex. vattenfilter, g\u00e4ller en garantitid p\u00e5 12 m\u00e5nader fr\u00e5n leverans. Defekter som beror p\u00e5 normalt slitage av delar, felaktig anv\u00e4ndning, f\u00f6rkalkning eller f\u00f6rsumligt underh\u00e5ll t\u00e4cks inte av garantin. Garantin g\u00e4ller inte heller f\u00f6r innerflaskor av glas, m\u00e4tglas och glaskannor.<br \/>\n10.2 Ansvaret enligt denna garanti \u00e4r begr\u00e4nsat till leverans av de delar som ska repareras kostnadsfritt. Garanti p\u00e5 arbete som utf\u00f6rts till f\u00f6ljd av reparation \u00e4r tre m\u00e5nader fr\u00e5n leveransdatum. Kostnader f\u00f6r (de-)montering, arbete och utryckning debiteras alltid efter dessa tre m\u00e5nader.<br \/>\n10.3 Defekta delar skall returneras av k\u00f6paren till s\u00e4ljaren fraktfritt, med angivande av &#8221;Return With Authorisation Number&#8221;, som avses i artikel 9 i dessa villkor, samt maskinens typ och serienummer.<br \/>\n10.4 Ovanst\u00e5ende garanti g\u00e4ller endast om k\u00f6paren har fullgjort samtliga sina skyldigheter gentemot s\u00e4ljaren.<\/li>\n<li><strong>Ansvar<\/strong><br \/>\n11.1 S\u00e4ljaren skall inte vara ansvarig f\u00f6r (konsekvenserna av) utebliven eller f\u00f6rsenad leverans av varor i den m\u00e5n detta \u00e4r resultatet av of\u00f6rutsedda omst\u00e4ndigheter som avses i artikel 7 i dessa villkor.<br \/>\n11.2 S\u00e4ljaren skall inte vara ansvarig, inklusive enligt ovanst\u00e5ende garanti, f\u00f6r skador som uppst\u00e5r till f\u00f6ljd av:<br \/>\na. felaktig lagring eller hantering av de levererade varorna fr\u00e5n k\u00f6parens sida;<br \/>\nb. okunnig och\/eller felaktig anv\u00e4ndning av de levererade varorna av k\u00f6paren eller andra anv\u00e4ndare;<br \/>\nc. K\u00f6paren eller annan anv\u00e4ndare har f\u00f6rsummat att underh\u00e5lla den levererade varan;<br \/>\nd. reparationer, utbyten eller \u00e4ndringar utf\u00f6rda av andra personer \u00e4n de som godk\u00e4nts av s\u00e4ljaren, s\u00e5vida inte s\u00e4ljaren har gett sitt f\u00f6rhandsgodk\u00e4nnande;<br \/>\ne. felaktig installation av varorna, eller inte i enlighet med de instruktioner som tillhandah\u00e5lls av s\u00e4ljaren.<br \/>\n11.3 Om s\u00e4ljaren trots ovanst\u00e5ende \u00e4r ansvarig f\u00f6r (f\u00f6ljderna av) underl\u00e5tenhet att leverera, att leverera i tid eller att leverera korrekt, \u00e4r han endast skyldig att ers\u00e4tta den skada som \u00e4r den direkta f\u00f6ljden av hans underl\u00e5tenhet. S\u00e4ljaren skall i vart fall inte vara skyldig att ers\u00e4tta f\u00f6ljdskada, innefattande bland annat aff\u00e4rs- och f\u00f6ljdskada, indirekt skada och skada p\u00e5 grund av utebliven vinst.<br \/>\n11.4 S\u00e4ljarens skyldighet att betala skadest\u00e5nd kan aldrig \u00f6verstiga fakturav\u00e4rdet f\u00f6r de levererade varorna.<\/li>\n<li><strong>Betalning<\/strong><br \/>\n12.1 Betalning skall erl\u00e4ggas kontant vid leverans av varorna. Med kontant betalning avses \u00e4ven kreditering av f\u00f6rfallet belopp p\u00e5 av s\u00e4ljaren vid leveranstillf\u00e4llet angivet bank- eller girokonto eller \u00f6verl\u00e4mnande av garanterat girobetalningskort eller bankcheck.<br \/>\n12.2 Om parterna har avst\u00e5tt fr\u00e5n kontant betalning ska betalning ske inom 30 dagar fr\u00e5n fakturadatum. Betalningsperioden skall betraktas som en tidsfrist.<br \/>\n12.3 Om k\u00f6paren underl\u00e5ter att uppfylla en eller flera betalningsskyldigheter, eller underl\u00e5ter att g\u00f6ra det i tid eller i sin helhet, kommer k\u00f6paren att vara skyldig s\u00e4ljaren r\u00e4nta p\u00e5 alla f\u00f6rsenade betalningar med 1,5% per m\u00e5nad fr\u00e5n f\u00f6rfallodagen, med del av en m\u00e5nad r\u00e4knad som en hel m\u00e5nad. K\u00f6paren skall ocks\u00e5 vara ansvarig f\u00f6r alla kostnader s\u00e5som inkassokostnader, r\u00e4ttsliga och utomr\u00e4ttsliga kostnader, som orsakas av att k\u00f6paren inte, inte i tid eller p\u00e5 ett felaktigt s\u00e4tt fullg\u00f6r sina skyldigheter. Vid utebliven, f\u00f6rsenad eller ofullst\u00e4ndig betalning har s\u00e4ljaren dessutom r\u00e4tt att kr\u00e4va kontant betalning av k\u00f6paren f\u00f6r efterf\u00f6ljande leveranser.<br \/>\n12.4 K\u00f6paren f\u00e5r aldrig \u00e5beropa kvittning avseende betalning.<\/li>\n<li><strong>Beh\u00e5llande av titel<\/strong><br \/>\n\u00c4gander\u00e4tten till alla varor som s\u00e4ljaren s\u00e4ljer till k\u00f6paren skall kvarst\u00e5 hos s\u00e4ljaren s\u00e5 l\u00e4nge k\u00f6paren inte har betalat s\u00e4ljarens fordringar enligt detta eller liknande avtal och s\u00e5 l\u00e4nge k\u00f6paren inte har betalat s\u00e4ljarens fordringar f\u00f6r underl\u00e5tenhet att fullg\u00f6ra s\u00e5dana skyldigheter, inklusive fordringar avseende r\u00e4nta och kostnader. K\u00f6paren skall p\u00e5 f\u00f6rsta beg\u00e4ran ge s\u00e4ljaren m\u00f6jlighet att fr\u00e5n k\u00f6paren \u00e5terta de av s\u00e4ljaren levererade varorna.<\/li>\n<li><strong>Tvister<\/strong><br \/>\n14.1 Alla s\u00e4ljarens avtal regleras uteslutande av nederl\u00e4ndsk lag.<br \/>\n14.2 Tvister skall avg\u00f6ras av domstol p\u00e5 den ort som s\u00e4ljaren v\u00e4ljer.<br \/>\n15.<\/li>\n<li><strong>Dep\u00e5<\/strong><br \/>\nDessa villkor \u00e4r arkiverade hos handels- och industrikammaren i Meppel med nummer 04016432.<\/li>\n<\/ol>\n                                                    <\/div>\n                    <\/div>\n                                    <\/div>\n    <\/div>\n<\/section>\n","protected":false},"excerpt":{"rendered":"","protected":false},"author":1,"featured_media":0,"parent":0,"menu_order":84,"comment_status":"closed","ping_status":"closed","template":"","meta":{"_acf_changed":false,"footnotes":""},"class_list":["post-44279","page","type-page","status-publish","hentry"],"acf":[],"yoast_head":"<!-- This site is optimized with the Yoast SEO plugin v25.5 - https:\/\/yoast.com\/wordpress\/plugins\/seo\/ -->\n<title>Allm\u00e4nna leveransvillkor -<\/title>\n<meta name=\"description\" content=\"Allm\u00e4nna leveransvillkor -\" \/>\n<meta name=\"robots\" content=\"index, follow, max-snippet:-1, max-image-preview:large, max-video-preview:-1\" \/>\n<link rel=\"canonical\" href=\"https:\/\/animo.eu\/sv\/allmanna-leveransvillkor\/\" \/>\n<meta property=\"og:locale\" content=\"sv_SE\" \/>\n<meta property=\"og:type\" content=\"article\" \/>\n<meta property=\"og:title\" content=\"Allm\u00e4nna leveransvillkor -\" \/>\n<meta property=\"og:description\" content=\"Allm\u00e4nna leveransvillkor -\" \/>\n<meta property=\"og:url\" content=\"https:\/\/animo.eu\/sv\/allmanna-leveransvillkor\/\" \/>\n<meta property=\"article:publisher\" content=\"https:\/\/www.facebook.com\/animobv\/\" \/>\n<meta property=\"article:modified_time\" content=\"2024-01-05T15:30:40+00:00\" \/>\n<meta property=\"og:image\" content=\"https:\/\/animo.eu\/wp-content\/uploads\/2023\/06\/animo-dedicated-logo.png\" \/>\n\t<meta property=\"og:image:width\" content=\"1000\" \/>\n\t<meta property=\"og:image:height\" content=\"364\" \/>\n\t<meta property=\"og:image:type\" content=\"image\/png\" \/>\n<meta name=\"twitter:card\" content=\"summary_large_image\" \/>\n<meta name=\"twitter:site\" content=\"@animokoffie\" \/>\n<script type=\"application\/ld+json\" class=\"yoast-schema-graph\">{\"@context\":\"https:\/\/schema.org\",\"@graph\":[{\"@type\":\"WebPage\",\"@id\":\"https:\/\/animo.eu\/sv\/allmanna-leveransvillkor\/\",\"url\":\"https:\/\/animo.eu\/sv\/allmanna-leveransvillkor\/\",\"name\":\"Allm\u00e4nna leveransvillkor -\",\"isPartOf\":{\"@id\":\"https:\/\/animo.eu\/sv\/#website\"},\"datePublished\":\"2023-03-09T12:45:33+00:00\",\"dateModified\":\"2024-01-05T15:30:40+00:00\",\"description\":\"Allm\u00e4nna leveransvillkor -\",\"breadcrumb\":{\"@id\":\"https:\/\/animo.eu\/sv\/allmanna-leveransvillkor\/#breadcrumb\"},\"inLanguage\":\"sv-SE\",\"potentialAction\":[{\"@type\":\"ReadAction\",\"target\":[\"https:\/\/animo.eu\/sv\/allmanna-leveransvillkor\/\"]}]},{\"@type\":\"BreadcrumbList\",\"@id\":\"https:\/\/animo.eu\/sv\/allmanna-leveransvillkor\/#breadcrumb\",\"itemListElement\":[{\"@type\":\"ListItem\",\"position\":1,\"name\":\"Home\",\"item\":\"https:\/\/animo.eu\/sv\/\"},{\"@type\":\"ListItem\",\"position\":2,\"name\":\"Allm\u00e4nna leveransvillkor\"}]},{\"@type\":\"WebSite\",\"@id\":\"https:\/\/animo.eu\/sv\/#website\",\"url\":\"https:\/\/animo.eu\/sv\/\",\"name\":\"\",\"description\":\"\",\"potentialAction\":[{\"@type\":\"SearchAction\",\"target\":{\"@type\":\"EntryPoint\",\"urlTemplate\":\"https:\/\/animo.eu\/sv\/?s={search_term_string}\"},\"query-input\":{\"@type\":\"PropertyValueSpecification\",\"valueRequired\":true,\"valueName\":\"search_term_string\"}}],\"inLanguage\":\"sv-SE\"}]}<\/script>\n<!-- \/ Yoast SEO plugin. -->","yoast_head_json":{"title":"Allm\u00e4nna leveransvillkor -","description":"Allm\u00e4nna leveransvillkor -","robots":{"index":"index","follow":"follow","max-snippet":"max-snippet:-1","max-image-preview":"max-image-preview:large","max-video-preview":"max-video-preview:-1"},"canonical":"https:\/\/animo.eu\/sv\/allmanna-leveransvillkor\/","og_locale":"sv_SE","og_type":"article","og_title":"Allm\u00e4nna leveransvillkor -","og_description":"Allm\u00e4nna leveransvillkor -","og_url":"https:\/\/animo.eu\/sv\/allmanna-leveransvillkor\/","article_publisher":"https:\/\/www.facebook.com\/animobv\/","article_modified_time":"2024-01-05T15:30:40+00:00","og_image":[{"width":1000,"height":364,"url":"https:\/\/animo.eu\/wp-content\/uploads\/2023\/06\/animo-dedicated-logo.png","type":"image\/png"}],"twitter_card":"summary_large_image","twitter_site":"@animokoffie","schema":{"@context":"https:\/\/schema.org","@graph":[{"@type":"WebPage","@id":"https:\/\/animo.eu\/sv\/allmanna-leveransvillkor\/","url":"https:\/\/animo.eu\/sv\/allmanna-leveransvillkor\/","name":"Allm\u00e4nna leveransvillkor -","isPartOf":{"@id":"https:\/\/animo.eu\/sv\/#website"},"datePublished":"2023-03-09T12:45:33+00:00","dateModified":"2024-01-05T15:30:40+00:00","description":"Allm\u00e4nna leveransvillkor -","breadcrumb":{"@id":"https:\/\/animo.eu\/sv\/allmanna-leveransvillkor\/#breadcrumb"},"inLanguage":"sv-SE","potentialAction":[{"@type":"ReadAction","target":["https:\/\/animo.eu\/sv\/allmanna-leveransvillkor\/"]}]},{"@type":"BreadcrumbList","@id":"https:\/\/animo.eu\/sv\/allmanna-leveransvillkor\/#breadcrumb","itemListElement":[{"@type":"ListItem","position":1,"name":"Home","item":"https:\/\/animo.eu\/sv\/"},{"@type":"ListItem","position":2,"name":"Allm\u00e4nna leveransvillkor"}]},{"@type":"WebSite","@id":"https:\/\/animo.eu\/sv\/#website","url":"https:\/\/animo.eu\/sv\/","name":"","description":"","potentialAction":[{"@type":"SearchAction","target":{"@type":"EntryPoint","urlTemplate":"https:\/\/animo.eu\/sv\/?s={search_term_string}"},"query-input":{"@type":"PropertyValueSpecification","valueRequired":true,"valueName":"search_term_string"}}],"inLanguage":"sv-SE"}]}},"_links":{"self":[{"href":"https:\/\/animo.eu\/sv\/wp-json\/wp\/v2\/pages\/44279"}],"collection":[{"href":"https:\/\/animo.eu\/sv\/wp-json\/wp\/v2\/pages"}],"about":[{"href":"https:\/\/animo.eu\/sv\/wp-json\/wp\/v2\/types\/page"}],"author":[{"embeddable":true,"href":"https:\/\/animo.eu\/sv\/wp-json\/wp\/v2\/users\/1"}],"replies":[{"embeddable":true,"href":"https:\/\/animo.eu\/sv\/wp-json\/wp\/v2\/comments?post=44279"}],"version-history":[{"count":2,"href":"https:\/\/animo.eu\/sv\/wp-json\/wp\/v2\/pages\/44279\/revisions"}],"predecessor-version":[{"id":44766,"href":"https:\/\/animo.eu\/sv\/wp-json\/wp\/v2\/pages\/44279\/revisions\/44766"}],"wp:attachment":[{"href":"https:\/\/animo.eu\/sv\/wp-json\/wp\/v2\/media?parent=44279"}],"curies":[{"name":"wp","href":"https:\/\/api.w.org\/{rel}","templated":true}]}}