{"id":50804,"date":"2024-02-05T11:48:20","date_gmt":"2024-02-05T10:48:20","guid":{"rendered":"https:\/\/animo.eu\/kalender-for-utstallningar\/"},"modified":"2026-02-27T12:26:05","modified_gmt":"2026-02-27T11:26:05","slug":"kalender-for-utstallningar","status":"publish","type":"page","link":"https:\/\/animo.eu\/sv\/kalender-for-utstallningar\/","title":{"rendered":"Kalender f\u00f6r utst\u00e4llningar"},"content":{"rendered":"\n<section  class=\"pane pane--white \">\n    <div class=\"container\">\n        <div class=\"row g-4 g-lg-8 g-xl-15 g-xxl-20  \">\n                            <div class=\"col-12 col-lg-6\">\n                    <div class=\"pane__text\">\n                        <h2 class=\"paragraph-title\">Var kan du hitta oss?<\/h2>\n<p>Du kan hitta Animo p\u00e5 de m\u00e4ssor som anges nedan.<\/p>\n<p>Naturligtvis \u00e4r det ocks\u00e5 m\u00f6jligt att bes\u00f6ka v\u00e5rt showroom i Assen eller en av <a href=\"https:\/\/animo.eu\/sv\/om_animo\/forsaljningsadresser\/\">v\u00e5ra \u00e5terf\u00f6rs\u00e4ljare<\/a> i hela landet. Du kan <a href=\"https:\/\/animo.eu\/sv\/kontakta\/\">kontakta oss<\/a> f\u00f6r detta \u00e4ndam\u00e5l.<\/p>\n                                                \n                    <\/div>\n                <\/div>\n                                <\/div>\n    <\/div>\n<\/section>\n\n\n\n<section  class=\"pane pane--table pane--white \">\n    <div class=\"container\">\n        <div class=\"row\">\n            <div class=\"col-12\">\n                                                                            \n\n<figure class=\"wp-block-table is-style-stripes\"><table><thead><tr><th>Datum<\/th><th>R\u00e4ttvist<\/th><th>Plats<\/th><th>Land<\/th><th>Nummer p\u00e5 monter<\/th><\/tr><\/thead><tbody><tr><td>12 &#8211; 15 januari<\/td><td><a href=\"https:\/\/www.horecava.nl\/\">Horecava<\/a><\/td><td>Amsterdam<\/td><td>Nederl\u00e4nderna<\/td><td>12.230<\/td><\/tr><tr><td>13 &#8211; 17 mars<\/td><td><a href=\"https:\/\/www.internorga.com\/en\/\">Internorga<\/a><\/td><td>Hamburg<\/td><td>Tyskland<\/td><td>A4.116<\/td><\/tr><tr><td>22 &#8211; 23 april<\/td><td><a href=\"https:\/\/www.health-care.be\/inspire-health-care\/\">Inspire Health &amp; Care<\/a><\/td><td>Gent<\/td><td>Belgien<\/td><td>1255<\/td><\/tr><\/tbody><\/table><\/figure>\n\n\n                            <\/div>\n        <\/div>\n    <\/div>\n<\/section>\n","protected":false},"excerpt":{"rendered":"","protected":false},"author":21,"featured_media":53247,"parent":0,"menu_order":6,"comment_status":"closed","ping_status":"closed","template":"","meta":{"_acf_changed":false,"footnotes":""},"class_list":["post-50804","page","type-page","status-publish","has-post-thumbnail","hentry"],"acf":[],"yoast_head":"<!-- This site is optimized with the Yoast SEO plugin v25.5 - https:\/\/yoast.com\/wordpress\/plugins\/seo\/ -->\n<title>Kalender f\u00f6r utst\u00e4llningar -<\/title>\n<meta name=\"description\" content=\"Kalender f\u00f6r utst\u00e4llningar -\" \/>\n<meta name=\"robots\" content=\"index, follow, max-snippet:-1, max-image-preview:large, max-video-preview:-1\" \/>\n<link rel=\"canonical\" href=\"https:\/\/animo.eu\/sv\/kalender-for-utstallningar\/\" \/>\n<meta property=\"og:locale\" content=\"sv_SE\" \/>\n<meta property=\"og:type\" content=\"article\" \/>\n<meta property=\"og:title\" content=\"Kalender f\u00f6r utst\u00e4llningar -\" \/>\n<meta property=\"og:description\" content=\"Kalender f\u00f6r utst\u00e4llningar -\" \/>\n<meta property=\"og:url\" content=\"https:\/\/animo.eu\/sv\/kalender-for-utstallningar\/\" \/>\n<meta property=\"article:publisher\" content=\"https:\/\/www.facebook.com\/animobv\/\" \/>\n<meta property=\"article:modified_time\" content=\"2026-02-27T11:26:05+00:00\" \/>\n<meta property=\"og:image\" content=\"https:\/\/animo.eu\/wp-content\/uploads\/2024\/02\/Beurzen.jpg\" \/>\n\t<meta property=\"og:image:width\" content=\"1772\" \/>\n\t<meta property=\"og:image:height\" content=\"1475\" \/>\n\t<meta property=\"og:image:type\" content=\"image\/jpeg\" \/>\n<meta name=\"twitter:card\" content=\"summary_large_image\" \/>\n<meta name=\"twitter:site\" content=\"@animokoffie\" \/>\n<meta name=\"twitter:label1\" content=\"Ber\u00e4knad l\u00e4stid\" \/>\n\t<meta name=\"twitter:data1\" content=\"1 minut\" \/>\n<script type=\"application\/ld+json\" class=\"yoast-schema-graph\">{\"@context\":\"https:\/\/schema.org\",\"@graph\":[{\"@type\":\"WebPage\",\"@id\":\"https:\/\/animo.eu\/sv\/kalender-for-utstallningar\/\",\"url\":\"https:\/\/animo.eu\/sv\/kalender-for-utstallningar\/\",\"name\":\"Kalender f\u00f6r utst\u00e4llningar -\",\"isPartOf\":{\"@id\":\"https:\/\/animo.eu\/sv\/#website\"},\"primaryImageOfPage\":{\"@id\":\"https:\/\/animo.eu\/sv\/kalender-for-utstallningar\/#primaryimage\"},\"image\":{\"@id\":\"https:\/\/animo.eu\/sv\/kalender-for-utstallningar\/#primaryimage\"},\"thumbnailUrl\":\"https:\/\/animo.eu\/wp-content\/uploads\/2024\/02\/Beurzen.jpg\",\"datePublished\":\"2024-02-05T10:48:20+00:00\",\"dateModified\":\"2026-02-27T11:26:05+00:00\",\"description\":\"Kalender f\u00f6r utst\u00e4llningar -\",\"breadcrumb\":{\"@id\":\"https:\/\/animo.eu\/sv\/kalender-for-utstallningar\/#breadcrumb\"},\"inLanguage\":\"sv-SE\",\"potentialAction\":[{\"@type\":\"ReadAction\",\"target\":[\"https:\/\/animo.eu\/sv\/kalender-for-utstallningar\/\"]}]},{\"@type\":\"ImageObject\",\"inLanguage\":\"sv-SE\",\"@id\":\"https:\/\/animo.eu\/sv\/kalender-for-utstallningar\/#primaryimage\",\"url\":\"https:\/\/animo.eu\/wp-content\/uploads\/2024\/02\/Beurzen.jpg\",\"contentUrl\":\"https:\/\/animo.eu\/wp-content\/uploads\/2024\/02\/Beurzen.jpg\",\"width\":1772,\"height\":1475},{\"@type\":\"BreadcrumbList\",\"@id\":\"https:\/\/animo.eu\/sv\/kalender-for-utstallningar\/#breadcrumb\",\"itemListElement\":[{\"@type\":\"ListItem\",\"position\":1,\"name\":\"Home\",\"item\":\"https:\/\/animo.eu\/sv\/\"},{\"@type\":\"ListItem\",\"position\":2,\"name\":\"Kalender f\u00f6r utst\u00e4llningar\"}]},{\"@type\":\"WebSite\",\"@id\":\"https:\/\/animo.eu\/sv\/#website\",\"url\":\"https:\/\/animo.eu\/sv\/\",\"name\":\"\",\"description\":\"\",\"potentialAction\":[{\"@type\":\"SearchAction\",\"target\":{\"@type\":\"EntryPoint\",\"urlTemplate\":\"https:\/\/animo.eu\/sv\/?s={search_term_string}\"},\"query-input\":{\"@type\":\"PropertyValueSpecification\",\"valueRequired\":true,\"valueName\":\"search_term_string\"}}],\"inLanguage\":\"sv-SE\"}]}<\/script>\n<!-- \/ Yoast SEO plugin. -->","yoast_head_json":{"title":"Kalender f\u00f6r utst\u00e4llningar -","description":"Kalender f\u00f6r utst\u00e4llningar -","robots":{"index":"index","follow":"follow","max-snippet":"max-snippet:-1","max-image-preview":"max-image-preview:large","max-video-preview":"max-video-preview:-1"},"canonical":"https:\/\/animo.eu\/sv\/kalender-for-utstallningar\/","og_locale":"sv_SE","og_type":"article","og_title":"Kalender f\u00f6r utst\u00e4llningar -","og_description":"Kalender f\u00f6r utst\u00e4llningar -","og_url":"https:\/\/animo.eu\/sv\/kalender-for-utstallningar\/","article_publisher":"https:\/\/www.facebook.com\/animobv\/","article_modified_time":"2026-02-27T11:26:05+00:00","og_image":[{"width":1772,"height":1475,"url":"https:\/\/animo.eu\/wp-content\/uploads\/2024\/02\/Beurzen.jpg","type":"image\/jpeg"}],"twitter_card":"summary_large_image","twitter_site":"@animokoffie","twitter_misc":{"Ber\u00e4knad l\u00e4stid":"1 minut"},"schema":{"@context":"https:\/\/schema.org","@graph":[{"@type":"WebPage","@id":"https:\/\/animo.eu\/sv\/kalender-for-utstallningar\/","url":"https:\/\/animo.eu\/sv\/kalender-for-utstallningar\/","name":"Kalender f\u00f6r utst\u00e4llningar -","isPartOf":{"@id":"https:\/\/animo.eu\/sv\/#website"},"primaryImageOfPage":{"@id":"https:\/\/animo.eu\/sv\/kalender-for-utstallningar\/#primaryimage"},"image":{"@id":"https:\/\/animo.eu\/sv\/kalender-for-utstallningar\/#primaryimage"},"thumbnailUrl":"https:\/\/animo.eu\/wp-content\/uploads\/2024\/02\/Beurzen.jpg","datePublished":"2024-02-05T10:48:20+00:00","dateModified":"2026-02-27T11:26:05+00:00","description":"Kalender f\u00f6r utst\u00e4llningar -","breadcrumb":{"@id":"https:\/\/animo.eu\/sv\/kalender-for-utstallningar\/#breadcrumb"},"inLanguage":"sv-SE","potentialAction":[{"@type":"ReadAction","target":["https:\/\/animo.eu\/sv\/kalender-for-utstallningar\/"]}]},{"@type":"ImageObject","inLanguage":"sv-SE","@id":"https:\/\/animo.eu\/sv\/kalender-for-utstallningar\/#primaryimage","url":"https:\/\/animo.eu\/wp-content\/uploads\/2024\/02\/Beurzen.jpg","contentUrl":"https:\/\/animo.eu\/wp-content\/uploads\/2024\/02\/Beurzen.jpg","width":1772,"height":1475},{"@type":"BreadcrumbList","@id":"https:\/\/animo.eu\/sv\/kalender-for-utstallningar\/#breadcrumb","itemListElement":[{"@type":"ListItem","position":1,"name":"Home","item":"https:\/\/animo.eu\/sv\/"},{"@type":"ListItem","position":2,"name":"Kalender f\u00f6r utst\u00e4llningar"}]},{"@type":"WebSite","@id":"https:\/\/animo.eu\/sv\/#website","url":"https:\/\/animo.eu\/sv\/","name":"","description":"","potentialAction":[{"@type":"SearchAction","target":{"@type":"EntryPoint","urlTemplate":"https:\/\/animo.eu\/sv\/?s={search_term_string}"},"query-input":{"@type":"PropertyValueSpecification","valueRequired":true,"valueName":"search_term_string"}}],"inLanguage":"sv-SE"}]}},"_links":{"self":[{"href":"https:\/\/animo.eu\/sv\/wp-json\/wp\/v2\/pages\/50804"}],"collection":[{"href":"https:\/\/animo.eu\/sv\/wp-json\/wp\/v2\/pages"}],"about":[{"href":"https:\/\/animo.eu\/sv\/wp-json\/wp\/v2\/types\/page"}],"author":[{"embeddable":true,"href":"https:\/\/animo.eu\/sv\/wp-json\/wp\/v2\/users\/21"}],"replies":[{"embeddable":true,"href":"https:\/\/animo.eu\/sv\/wp-json\/wp\/v2\/comments?post=50804"}],"version-history":[{"count":14,"href":"https:\/\/animo.eu\/sv\/wp-json\/wp\/v2\/pages\/50804\/revisions"}],"predecessor-version":[{"id":109638,"href":"https:\/\/animo.eu\/sv\/wp-json\/wp\/v2\/pages\/50804\/revisions\/109638"}],"wp:featuredmedia":[{"embeddable":true,"href":"https:\/\/animo.eu\/sv\/wp-json\/wp\/v2\/media\/53247"}],"wp:attachment":[{"href":"https:\/\/animo.eu\/sv\/wp-json\/wp\/v2\/media?parent=50804"}],"curies":[{"name":"wp","href":"https:\/\/api.w.org\/{rel}","templated":true}]}}