{"id":56687,"date":"2024-03-21T11:24:56","date_gmt":"2024-03-21T10:24:56","guid":{"rendered":"https:\/\/animo.eu\/?page_id=56687"},"modified":"2024-05-08T07:57:13","modified_gmt":"2024-05-08T05:57:13","slug":"uppdrag-vision-och-karnvarden","status":"publish","type":"page","link":"https:\/\/animo.eu\/sv\/om_animo\/uppdrag-vision-och-karnvarden\/","title":{"rendered":"Uppdrag, vision och k\u00e4rnv\u00e4rden"},"content":{"rendered":"\n<section class=\"hero\">\n    <div class=\"hero__background\">\n                                    <img fetchpriority=\"high\" decoding=\"async\" width=\"2205\" height=\"1279\" src=\"https:\/\/animo.eu\/wp-content\/uploads\/2024\/03\/Animo-Assen-fabriek.jpg\" class=\"hero__image img-fluid\" alt=\"\" loading=\"eager\" srcset=\"https:\/\/animo.eu\/wp-content\/uploads\/2024\/03\/Animo-Assen-fabriek.jpg 2205w, https:\/\/animo.eu\/wp-content\/uploads\/2024\/03\/Animo-Assen-fabriek-300x174.jpg 300w, https:\/\/animo.eu\/wp-content\/uploads\/2024\/03\/Animo-Assen-fabriek-1024x594.jpg 1024w, https:\/\/animo.eu\/wp-content\/uploads\/2024\/03\/Animo-Assen-fabriek-768x445.jpg 768w, https:\/\/animo.eu\/wp-content\/uploads\/2024\/03\/Animo-Assen-fabriek-1536x891.jpg 1536w, https:\/\/animo.eu\/wp-content\/uploads\/2024\/03\/Animo-Assen-fabriek-2048x1188.jpg 2048w, https:\/\/animo.eu\/wp-content\/uploads\/2024\/03\/Animo-Assen-fabriek-70x41.jpg 70w, https:\/\/animo.eu\/wp-content\/uploads\/2024\/03\/Animo-Assen-fabriek-550x319.jpg 550w, https:\/\/animo.eu\/wp-content\/uploads\/2024\/03\/Animo-Assen-fabriek-800x464.jpg 800w, https:\/\/animo.eu\/wp-content\/uploads\/2024\/03\/Animo-Assen-fabriek-172x100.jpg 172w, https:\/\/animo.eu\/wp-content\/uploads\/2024\/03\/Animo-Assen-fabriek-150x87.jpg 150w\" sizes=\"(max-width: 2205px) 100vw, 2205px\" \/>                                <\/div>    \n            <div class=\"hero__content\">\n            <div class=\"container\">\n                <div class=\"row\">                    <div class=\"col-12 col-lg-9 col-xl-8\">                        <div class=\"hero__text \">\n                            <h1>Dedicated to every cup<\/h1>\n<p>&nbsp;<\/p>\n                        <\/div>\n                                                \n                    <\/div>\n                <\/div>\n            <\/div>\n        <\/div>\n        <div class=\"hero__scroll\">\n        <span>Rulla<\/span>\n        <svg class=\"icon icon--20 text-secondary\">\n            <use xlink:href=\"https:\/\/animo.eu\/wp-content\/themes\/animo\/build\/img\/symbols.svg#arrow-down\"><\/use>\n        <\/svg>      \n    <\/div>\n<\/section>\n\n<section class=\"pane pane--white pane--anchors\">\n    <ul class=\"list justify-content-center d-none d-lg-flex\">\n                                    <li class=\"list__item mx-6 mx-xl-8 mx-xxl-10\">\n                    <a class=\"text-decoration-none text-secondary\" href=\"#vision\">Vision och uppdrag<\/a>\n                <\/li>\n                            <li class=\"list__item mx-6 mx-xl-8 mx-xxl-10\">\n                    <a class=\"text-decoration-none text-secondary\" href=\"#varum\u00e4rkespersonlighet\">Varum\u00e4rkets personlighet<\/a>\n                <\/li>\n                            <li class=\"list__item mx-6 mx-xl-8 mx-xxl-10\">\n                    <a class=\"text-decoration-none text-secondary\" href=\"#kaffemaskiner\">Animo kaffemaskiner st\u00e5r f\u00f6r<\/a>\n                <\/li>\n                            <li class=\"list__item mx-6 mx-xl-8 mx-xxl-10\">\n                    <a class=\"text-decoration-none text-secondary\" href=\"#video\">Animo video<\/a>\n                <\/li>\n                        <\/ul>\n<\/section>\n\n<section  class=\"pane pane--white \">\n    <div class=\"container\">\n        <div class=\"row g-4 g-lg-8 g-xl-15 justify-content-center\">\n                                                <div class=\"col-12 col-lg-8\">\n                        <div class=\"pane__text\">\n                            <h2>Animo tillverkar h\u00f6gkvalitativa kaffesystem och maskiner f\u00f6r m\u00e4nniskor som vill servera gott kaffe. Anv\u00e4ndarv\u00e4nliga vitvaror med m\u00e5nga valm\u00f6jligheter som \u00e4r l\u00e4tta att underh\u00e5lla och har l\u00e5ng livsl\u00e4ngd.<\/h2>\n                                                    <\/div>\n                    <\/div>\n                                    <\/div>\n    <\/div>\n<\/section>\n\n<section id=\"vision\" class=\"pane pane--tertiary anchor\">\n    <div class=\"container\">\n        <div class=\"row g-4 g-lg-8 g-xl-15 g-xxl-20 align-items-center \">\n                            <div class=\"col-12 col-lg-6\">\n                    <div class=\"pane__text\">\n                        <h2>Vision Animo<\/h2>\n<p>F\u00f6rv\u00e4rva och st\u00e4rka en f\u00f6redragen position hos \u00e5terf\u00f6rs\u00e4ljare och beslutsfattare hos slutkunder och utm\u00e4rkt proaktiv (f\u00f6rs\u00e4ljning) support &amp; service eftersom vi vill bevisa <em>engagemang f\u00f6r varje<\/em> kopp varje dag. Vi g\u00f6r detta genom:<\/p>\n<ul>\n<li>Riktad marknadsf\u00f6ring till specifika m\u00e5lgrupper<\/li>\n<li>En s\u00e4rskiljande varum\u00e4rkespositionering<\/li>\n<li>Erbjuder h\u00f6gkvalitativa produkter som utm\u00e4rker sig genom att vara enkla att anv\u00e4nda och underh\u00e5lla<\/li>\n<li>En differentierad \u00e5terf\u00f6rs\u00e4ljarstrategi f\u00f6r att skapa mer v\u00e4rde tillsammans med \u00e5terf\u00f6rs\u00e4ljarna<\/li>\n<li>Intern f\u00f6rs\u00e4ljning och support f\u00f6r st\u00f6rre kunder och projekt<\/li>\n<li>Onlinef\u00f6rs\u00e4ljning och support som en integrerad del av v\u00e5r service till \u00e5terf\u00f6rs\u00e4ljare och slutkunder<\/li>\n<\/ul>\n<h2 class=\"paragraph-title\">Uppdrag Animo<\/h2>\n<p>Med engagemang och omsorg g\u00f6r vi det m\u00f6jligt f\u00f6r v\u00e5ra kunder att servera fantastiskt kaffe eftersom:<\/p>\n<ul>\n<li>Vi tillverkar apparater som ger gott kaffe.<\/li>\n<li>Vi tillverkar enheter som \u00e4r enkla att anv\u00e4nda och underh\u00e5lla.<\/li>\n<li>Vi erbjuder utm\u00e4rkt teknisk support.<\/li>\n<li>Vi tillverkar apparater som h\u00e5ller l\u00e4nge och har f\u00e5 fel.<\/li>\n<li>Vi kan reagera flexibelt p\u00e5 kundernas krav.<\/li>\n<\/ul>\n                                                \n                    <\/div>\n                <\/div>\n                                        <div class=\"col-12 col-lg\">\n                    <figure class=\"figure \">\n                        <img decoding=\"async\" width=\"1024\" height=\"1024\" src=\"https:\/\/animo.eu\/wp-content\/uploads\/2023\/09\/Animo-OptiVend-en-OptiBean-X-1024x1024.png\" class=\"img-fluid\" alt=\"\" loading=\"lazy\" srcset=\"https:\/\/animo.eu\/wp-content\/uploads\/2023\/09\/Animo-OptiVend-en-OptiBean-X-1024x1024.png 1024w, https:\/\/animo.eu\/wp-content\/uploads\/2023\/09\/Animo-OptiVend-en-OptiBean-X-300x300.png 300w, https:\/\/animo.eu\/wp-content\/uploads\/2023\/09\/Animo-OptiVend-en-OptiBean-X-150x150.png 150w, https:\/\/animo.eu\/wp-content\/uploads\/2023\/09\/Animo-OptiVend-en-OptiBean-X-768x768.png 768w, https:\/\/animo.eu\/wp-content\/uploads\/2023\/09\/Animo-OptiVend-en-OptiBean-X-1536x1536.png 1536w, https:\/\/animo.eu\/wp-content\/uploads\/2023\/09\/Animo-OptiVend-en-OptiBean-X-2048x2048.png 2048w, https:\/\/animo.eu\/wp-content\/uploads\/2023\/09\/Animo-OptiVend-en-OptiBean-X-70x70.png 70w, https:\/\/animo.eu\/wp-content\/uploads\/2023\/09\/Animo-OptiVend-en-OptiBean-X-550x550.png 550w, https:\/\/animo.eu\/wp-content\/uploads\/2023\/09\/Animo-OptiVend-en-OptiBean-X-800x800.png 800w, https:\/\/animo.eu\/wp-content\/uploads\/2023\/09\/Animo-OptiVend-en-OptiBean-X-100x100.png 100w, https:\/\/animo.eu\/wp-content\/uploads\/2023\/09\/Animo-OptiVend-en-OptiBean-X-1400x1400.png 1400w, https:\/\/animo.eu\/wp-content\/uploads\/2023\/09\/Animo-OptiVend-en-OptiBean-X-700x700.png 700w, https:\/\/animo.eu\/wp-content\/uploads\/2023\/09\/Animo-OptiVend-en-OptiBean-X-350x350.png 350w\" sizes=\"(max-width: 1024px) 100vw, 1024px\" \/>                    <\/figure>\n                <\/div>\n                    <\/div>\n    <\/div>\n<\/section>\n\n<section id=\"varum\u00e4rkespersonlighet\" class=\"pane pane--white anchor\">\n    <div class=\"container\">\n        <div class=\"row g-4 g-lg-8 g-xl-15 g-xxl-20 align-items-center flex-lg-row-reverse\">\n                            <div class=\"col-12 col-lg-6\">\n                    <div class=\"pane__text\">\n                        <h2>Varum\u00e4rkets personlighet<\/h2>\n<p><strong>Dedikerad:<\/strong> Animos engagemang och inspiration finns delvis redan i namnet. Men det visar sig ocks\u00e5 i omtanke, service och flexibilitet. Animo t\u00e4nker alltid tillsammans med sina kunder.<\/p>\n<p><strong>Upplyftande:<\/strong> kaffe \u00e4r upplyftande och det kan du se p\u00e5 Animo. Animo \u00e4r fr\u00e4sch och positiv.<\/p>\n<p><strong>Robust:<\/strong> den kanske viktigaste funktionen i Animo. Animo \u00e4r solid, stabil och p\u00e5litlig. S\u00e5 har det varit under l\u00e5ng tid och s\u00e5 kommer det att f\u00f6rbli under l\u00e5ng tid.<\/p>\n<p><strong>Modernt:<\/strong> Animo f\u00f6ljer med sin tid utan att bli f\u00f6r flott eller l\u00e5ngs\u00f6kt. Det \u00e4r ett modernt varum\u00e4rke.<\/p>\n                                                \n\n\n\n                    <\/div>\n                <\/div>\n                                        <div class=\"col-12 col-lg\">\n                    <figure class=\"figure image_reversed\">\n                        <img decoding=\"async\" width=\"256\" height=\"256\" src=\"https:\/\/animo.eu\/wp-content\/uploads\/2023\/03\/favicon-256x256-1.png\" class=\"img-fluid\" alt=\"\" loading=\"lazy\" srcset=\"https:\/\/animo.eu\/wp-content\/uploads\/2023\/03\/favicon-256x256-1.png 256w, https:\/\/animo.eu\/wp-content\/uploads\/2023\/03\/favicon-256x256-1-150x150.png 150w, https:\/\/animo.eu\/wp-content\/uploads\/2023\/03\/favicon-256x256-1-70x70.png 70w, https:\/\/animo.eu\/wp-content\/uploads\/2023\/03\/favicon-256x256-1-100x100.png 100w\" sizes=\"(max-width: 256px) 100vw, 256px\" \/>                    <\/figure>\n                <\/div>\n                    <\/div>\n    <\/div>\n<\/section>\n\n<section id=\"kaffemaskiner\" class=\"pane pane--tertiary anchor\">\n    <div class=\"container\">\n        <div class=\"row g-4 g-lg-8 g-xl-15 g-xxl-20 align-items-center \">\n                            <div class=\"col-12 col-lg-6\">\n                    <div class=\"pane__text\">\n                        <h2>En perfekt kopp kaffe&#8230;<\/h2>\n<p>Det b\u00f6rjar med en perfekt maskin och det \u00e4r en fr\u00e5ga om erfarenhet, kunskap och engagemang. Vi tillverkar h\u00f6gkvalitativ kaffeutrustning f\u00f6r m\u00e4nniskor som vill servera gott kaffe.  <em><strong>P\u00e5litlig, flexibel och av h\u00f6g kvalitet<\/strong><\/em><\/p>\n<p>V\u00e5ra kaffemaskiner st\u00e5r f\u00f6r:<\/p>\n<ul>\n<li>God smak<\/li>\n<li>Anv\u00e4ndarv\u00e4nlig drift<\/li>\n<li>L\u00e4tt att underh\u00e5lla<\/li>\n<li>Tillf\u00f6rlitlig prestanda<\/li>\n<li>Utm\u00e4rkt teknisk support<\/li>\n<li>Flexibel vid kundanpassning<\/li>\n<\/ul>\n                                                \n                    <\/div>\n                <\/div>\n                                        <div class=\"col-12 col-lg\">\n                    <figure class=\"figure \">\n                        <img decoding=\"async\" width=\"491\" height=\"491\" src=\"https:\/\/animo.eu\/wp-content\/uploads\/2024\/03\/Misie-en-visie-vierkant.jpg\" class=\"img-fluid\" alt=\"\" loading=\"lazy\" srcset=\"https:\/\/animo.eu\/wp-content\/uploads\/2024\/03\/Misie-en-visie-vierkant.jpg 491w, https:\/\/animo.eu\/wp-content\/uploads\/2024\/03\/Misie-en-visie-vierkant-300x300.jpg 300w, https:\/\/animo.eu\/wp-content\/uploads\/2024\/03\/Misie-en-visie-vierkant-150x150.jpg 150w, https:\/\/animo.eu\/wp-content\/uploads\/2024\/03\/Misie-en-visie-vierkant-70x70.jpg 70w, https:\/\/animo.eu\/wp-content\/uploads\/2024\/03\/Misie-en-visie-vierkant-100x100.jpg 100w, https:\/\/animo.eu\/wp-content\/uploads\/2024\/03\/Misie-en-visie-vierkant-350x350.jpg 350w\" sizes=\"(max-width: 491px) 100vw, 491px\" \/>                    <\/figure>\n                <\/div>\n                    <\/div>\n    <\/div>\n<\/section>\n\n<section id=\"video\" class=\"pane pane--white anchor\">\n    <div class=\"container-fluid px-4 pe-lg-0 ps-lg-8\">\n        <div class=\"row g-0\">\n                            <div class=\"col-12\">\n                    <figure class=\"figure figure--video\">\n                        <a href=\"https:\/\/animo.eu\/wp-content\/uploads\/2024\/03\/Animo.mp4\" class=\"icon-frame icon-frame--56\" data-fancybox>\n                            <svg class=\"icon icon--20\">\n                                <use xlink:href=\"https:\/\/animo.eu\/wp-content\/themes\/animo\/build\/img\/symbols.svg#play\"><\/use>\n                            <\/svg>\n                        <\/a>\n                        <img decoding=\"async\" width=\"1400\" height=\"600\" src=\"https:\/\/animo.eu\/wp-content\/uploads\/2024\/03\/Corporate-movie-Animo-1400x600.jpg\" class=\"img-fluid w-100\" alt=\"\" loading=\"lazy\" \/>                    <\/figure>\n                <\/div>\n                    <\/div>\n    <\/div>\n<\/section>\n","protected":false},"excerpt":{"rendered":"","protected":false},"author":21,"featured_media":56722,"parent":43619,"menu_order":23,"comment_status":"closed","ping_status":"closed","template":"","meta":{"_acf_changed":false,"footnotes":""},"class_list":["post-56687","page","type-page","status-publish","has-post-thumbnail","hentry"],"acf":[],"yoast_head":"<!-- This site is optimized with the Yoast SEO plugin v25.5 - https:\/\/yoast.com\/wordpress\/plugins\/seo\/ -->\n<title>Uppdrag, vision och k\u00e4rnv\u00e4rden -<\/title>\n<meta name=\"description\" content=\"Uppdrag, vision och k\u00e4rnv\u00e4rden - Vi tillverkar h\u00f6gkvalitativa kaffesystem och maskiner f\u00f6r m\u00e4nniskor som vill servera gott kaffe.\" \/>\n<meta name=\"robots\" content=\"index, follow, max-snippet:-1, max-image-preview:large, max-video-preview:-1\" \/>\n<link rel=\"canonical\" href=\"https:\/\/animo.eu\/sv\/om_animo\/uppdrag-vision-och-karnvarden\/\" \/>\n<meta property=\"og:locale\" content=\"sv_SE\" \/>\n<meta property=\"og:type\" content=\"article\" \/>\n<meta property=\"og:title\" content=\"Uppdrag, vision och k\u00e4rnv\u00e4rden -\" \/>\n<meta property=\"og:description\" content=\"Uppdrag, vision och k\u00e4rnv\u00e4rden - Vi tillverkar h\u00f6gkvalitativa kaffesystem och maskiner f\u00f6r m\u00e4nniskor som vill servera gott kaffe.\" \/>\n<meta property=\"og:url\" content=\"https:\/\/animo.eu\/sv\/om_animo\/uppdrag-vision-och-karnvarden\/\" \/>\n<meta property=\"article:publisher\" content=\"https:\/\/www.facebook.com\/animobv\/\" \/>\n<meta property=\"article:modified_time\" content=\"2024-05-08T05:57:13+00:00\" \/>\n<meta property=\"og:image\" content=\"https:\/\/animo.eu\/wp-content\/uploads\/2024\/03\/Misie-en-visie-vierkant.jpg\" \/>\n\t<meta property=\"og:image:width\" content=\"491\" \/>\n\t<meta property=\"og:image:height\" content=\"491\" \/>\n\t<meta property=\"og:image:type\" content=\"image\/jpeg\" \/>\n<meta name=\"twitter:card\" content=\"summary_large_image\" \/>\n<meta name=\"twitter:site\" content=\"@animokoffie\" \/>\n<meta name=\"twitter:label1\" content=\"Ber\u00e4knad l\u00e4stid\" \/>\n\t<meta name=\"twitter:data1\" content=\"1 minut\" \/>\n<script type=\"application\/ld+json\" class=\"yoast-schema-graph\">{\"@context\":\"https:\/\/schema.org\",\"@graph\":[{\"@type\":\"WebPage\",\"@id\":\"https:\/\/animo.eu\/sv\/om_animo\/uppdrag-vision-och-karnvarden\/\",\"url\":\"https:\/\/animo.eu\/sv\/om_animo\/uppdrag-vision-och-karnvarden\/\",\"name\":\"Uppdrag, vision och k\u00e4rnv\u00e4rden -\",\"isPartOf\":{\"@id\":\"https:\/\/animo.eu\/sv\/#website\"},\"primaryImageOfPage\":{\"@id\":\"https:\/\/animo.eu\/sv\/om_animo\/uppdrag-vision-och-karnvarden\/#primaryimage\"},\"image\":{\"@id\":\"https:\/\/animo.eu\/sv\/om_animo\/uppdrag-vision-och-karnvarden\/#primaryimage\"},\"thumbnailUrl\":\"https:\/\/animo.eu\/wp-content\/uploads\/2024\/03\/Misie-en-visie-vierkant.jpg\",\"datePublished\":\"2024-03-21T10:24:56+00:00\",\"dateModified\":\"2024-05-08T05:57:13+00:00\",\"description\":\"Uppdrag, vision och k\u00e4rnv\u00e4rden - Vi tillverkar h\u00f6gkvalitativa kaffesystem och maskiner f\u00f6r m\u00e4nniskor som vill servera gott kaffe.\",\"breadcrumb\":{\"@id\":\"https:\/\/animo.eu\/sv\/om_animo\/uppdrag-vision-och-karnvarden\/#breadcrumb\"},\"inLanguage\":\"sv-SE\",\"potentialAction\":[{\"@type\":\"ReadAction\",\"target\":[\"https:\/\/animo.eu\/sv\/om_animo\/uppdrag-vision-och-karnvarden\/\"]}]},{\"@type\":\"ImageObject\",\"inLanguage\":\"sv-SE\",\"@id\":\"https:\/\/animo.eu\/sv\/om_animo\/uppdrag-vision-och-karnvarden\/#primaryimage\",\"url\":\"https:\/\/animo.eu\/wp-content\/uploads\/2024\/03\/Misie-en-visie-vierkant.jpg\",\"contentUrl\":\"https:\/\/animo.eu\/wp-content\/uploads\/2024\/03\/Misie-en-visie-vierkant.jpg\",\"width\":491,\"height\":491},{\"@type\":\"BreadcrumbList\",\"@id\":\"https:\/\/animo.eu\/sv\/om_animo\/uppdrag-vision-och-karnvarden\/#breadcrumb\",\"itemListElement\":[{\"@type\":\"ListItem\",\"position\":1,\"name\":\"Home\",\"item\":\"https:\/\/animo.eu\/sv\/\"},{\"@type\":\"ListItem\",\"position\":2,\"name\":\"Om Animo\",\"item\":\"https:\/\/animo.eu\/sv\/om_animo\/\"},{\"@type\":\"ListItem\",\"position\":3,\"name\":\"Uppdrag, vision och k\u00e4rnv\u00e4rden\"}]},{\"@type\":\"WebSite\",\"@id\":\"https:\/\/animo.eu\/sv\/#website\",\"url\":\"https:\/\/animo.eu\/sv\/\",\"name\":\"\",\"description\":\"\",\"potentialAction\":[{\"@type\":\"SearchAction\",\"target\":{\"@type\":\"EntryPoint\",\"urlTemplate\":\"https:\/\/animo.eu\/sv\/?s={search_term_string}\"},\"query-input\":{\"@type\":\"PropertyValueSpecification\",\"valueRequired\":true,\"valueName\":\"search_term_string\"}}],\"inLanguage\":\"sv-SE\"}]}<\/script>\n<!-- \/ Yoast SEO plugin. -->","yoast_head_json":{"title":"Uppdrag, vision och k\u00e4rnv\u00e4rden -","description":"Uppdrag, vision och k\u00e4rnv\u00e4rden - Vi tillverkar h\u00f6gkvalitativa kaffesystem och maskiner f\u00f6r m\u00e4nniskor som vill servera gott kaffe.","robots":{"index":"index","follow":"follow","max-snippet":"max-snippet:-1","max-image-preview":"max-image-preview:large","max-video-preview":"max-video-preview:-1"},"canonical":"https:\/\/animo.eu\/sv\/om_animo\/uppdrag-vision-och-karnvarden\/","og_locale":"sv_SE","og_type":"article","og_title":"Uppdrag, vision och k\u00e4rnv\u00e4rden -","og_description":"Uppdrag, vision och k\u00e4rnv\u00e4rden - Vi tillverkar h\u00f6gkvalitativa kaffesystem och maskiner f\u00f6r m\u00e4nniskor som vill servera gott kaffe.","og_url":"https:\/\/animo.eu\/sv\/om_animo\/uppdrag-vision-och-karnvarden\/","article_publisher":"https:\/\/www.facebook.com\/animobv\/","article_modified_time":"2024-05-08T05:57:13+00:00","og_image":[{"width":491,"height":491,"url":"https:\/\/animo.eu\/wp-content\/uploads\/2024\/03\/Misie-en-visie-vierkant.jpg","type":"image\/jpeg"}],"twitter_card":"summary_large_image","twitter_site":"@animokoffie","twitter_misc":{"Ber\u00e4knad l\u00e4stid":"1 minut"},"schema":{"@context":"https:\/\/schema.org","@graph":[{"@type":"WebPage","@id":"https:\/\/animo.eu\/sv\/om_animo\/uppdrag-vision-och-karnvarden\/","url":"https:\/\/animo.eu\/sv\/om_animo\/uppdrag-vision-och-karnvarden\/","name":"Uppdrag, vision och k\u00e4rnv\u00e4rden -","isPartOf":{"@id":"https:\/\/animo.eu\/sv\/#website"},"primaryImageOfPage":{"@id":"https:\/\/animo.eu\/sv\/om_animo\/uppdrag-vision-och-karnvarden\/#primaryimage"},"image":{"@id":"https:\/\/animo.eu\/sv\/om_animo\/uppdrag-vision-och-karnvarden\/#primaryimage"},"thumbnailUrl":"https:\/\/animo.eu\/wp-content\/uploads\/2024\/03\/Misie-en-visie-vierkant.jpg","datePublished":"2024-03-21T10:24:56+00:00","dateModified":"2024-05-08T05:57:13+00:00","description":"Uppdrag, vision och k\u00e4rnv\u00e4rden - Vi tillverkar h\u00f6gkvalitativa kaffesystem och maskiner f\u00f6r m\u00e4nniskor som vill servera gott kaffe.","breadcrumb":{"@id":"https:\/\/animo.eu\/sv\/om_animo\/uppdrag-vision-och-karnvarden\/#breadcrumb"},"inLanguage":"sv-SE","potentialAction":[{"@type":"ReadAction","target":["https:\/\/animo.eu\/sv\/om_animo\/uppdrag-vision-och-karnvarden\/"]}]},{"@type":"ImageObject","inLanguage":"sv-SE","@id":"https:\/\/animo.eu\/sv\/om_animo\/uppdrag-vision-och-karnvarden\/#primaryimage","url":"https:\/\/animo.eu\/wp-content\/uploads\/2024\/03\/Misie-en-visie-vierkant.jpg","contentUrl":"https:\/\/animo.eu\/wp-content\/uploads\/2024\/03\/Misie-en-visie-vierkant.jpg","width":491,"height":491},{"@type":"BreadcrumbList","@id":"https:\/\/animo.eu\/sv\/om_animo\/uppdrag-vision-och-karnvarden\/#breadcrumb","itemListElement":[{"@type":"ListItem","position":1,"name":"Home","item":"https:\/\/animo.eu\/sv\/"},{"@type":"ListItem","position":2,"name":"Om Animo","item":"https:\/\/animo.eu\/sv\/om_animo\/"},{"@type":"ListItem","position":3,"name":"Uppdrag, vision och k\u00e4rnv\u00e4rden"}]},{"@type":"WebSite","@id":"https:\/\/animo.eu\/sv\/#website","url":"https:\/\/animo.eu\/sv\/","name":"","description":"","potentialAction":[{"@type":"SearchAction","target":{"@type":"EntryPoint","urlTemplate":"https:\/\/animo.eu\/sv\/?s={search_term_string}"},"query-input":{"@type":"PropertyValueSpecification","valueRequired":true,"valueName":"search_term_string"}}],"inLanguage":"sv-SE"}]}},"_links":{"self":[{"href":"https:\/\/animo.eu\/sv\/wp-json\/wp\/v2\/pages\/56687"}],"collection":[{"href":"https:\/\/animo.eu\/sv\/wp-json\/wp\/v2\/pages"}],"about":[{"href":"https:\/\/animo.eu\/sv\/wp-json\/wp\/v2\/types\/page"}],"author":[{"embeddable":true,"href":"https:\/\/animo.eu\/sv\/wp-json\/wp\/v2\/users\/21"}],"replies":[{"embeddable":true,"href":"https:\/\/animo.eu\/sv\/wp-json\/wp\/v2\/comments?post=56687"}],"version-history":[{"count":4,"href":"https:\/\/animo.eu\/sv\/wp-json\/wp\/v2\/pages\/56687\/revisions"}],"predecessor-version":[{"id":68920,"href":"https:\/\/animo.eu\/sv\/wp-json\/wp\/v2\/pages\/56687\/revisions\/68920"}],"up":[{"embeddable":true,"href":"https:\/\/animo.eu\/sv\/wp-json\/wp\/v2\/pages\/43619"}],"wp:featuredmedia":[{"embeddable":true,"href":"https:\/\/animo.eu\/sv\/wp-json\/wp\/v2\/media\/56722"}],"wp:attachment":[{"href":"https:\/\/animo.eu\/sv\/wp-json\/wp\/v2\/media?parent=56687"}],"curies":[{"name":"wp","href":"https:\/\/api.w.org\/{rel}","templated":true}]}}